{"id":3837,"date":"2023-05-08T13:56:04","date_gmt":"2023-05-08T12:56:04","guid":{"rendered":"http:\/\/157.230.97.219\/zaposljavamo\/"},"modified":"2023-05-25T11:02:01","modified_gmt":"2023-05-25T10:02:01","slug":"zaposljavamo","status":"publish","type":"page","link":"https:\/\/ims.si\/hr\/firma\/zaposljavamo\/","title":{"rendered":"Zapo\u0161ljavamo"},"content":{"rendered":"\t\t<div data-elementor-type=\"wp-post\" data-elementor-id=\"3837\" class=\"elementor elementor-3837 elementor-434\" data-elementor-post-type=\"page\">\n\t\t\t\t<div class=\"elementor-element elementor-element-2ba0ef3 e-flex e-con-boxed e-con e-parent\" data-id=\"2ba0ef3\" data-element_type=\"container\" data-e-type=\"container\">\n\t\t\t\t\t<div class=\"e-con-inner\">\n\t\t\t\t<div class=\"elementor-element elementor-element-aa03c39 elementor-widget elementor-widget-heading\" data-id=\"aa03c39\" data-element_type=\"widget\" data-e-type=\"widget\" data-widget_type=\"heading.default\">\n\t\t\t\t<div class=\"elementor-widget-container\">\n\t\t\t\t\t<h1 class=\"elementor-heading-title elementor-size-xl\">Zapo\u0161ljavamo<\/h1>\t\t\t\t<\/div>\n\t\t\t\t<\/div>\n\t\t\t\t\t<\/div>\n\t\t\t\t<\/div>\n\t\t<div class=\"elementor-element elementor-element-8870f15 e-flex e-con-boxed e-con e-parent\" data-id=\"8870f15\" data-element_type=\"container\" data-e-type=\"container\">\n\t\t\t\t\t<div class=\"e-con-inner\">\n\t\t<div class=\"elementor-element elementor-element-7f88acc e-con-full e-flex e-con e-parent\" data-id=\"7f88acc\" data-element_type=\"container\" data-e-type=\"container\">\n\t\t\t\t<div class=\"elementor-element elementor-element-a309a90 elementor-widget elementor-widget-heading\" data-id=\"a309a90\" data-element_type=\"widget\" data-e-type=\"widget\" data-widget_type=\"heading.default\">\n\t\t\t\t<div class=\"elementor-widget-container\">\n\t\t\t\t\t<h2 class=\"elementor-heading-title elementor-size-large\">Koga tra\u017eimo<\/h2>\t\t\t\t<\/div>\n\t\t\t\t<\/div>\n\t\t\t\t<div class=\"elementor-element elementor-element-a65e268 elementor-widget-divider--view-line elementor-widget elementor-widget-divider\" data-id=\"a65e268\" data-element_type=\"widget\" data-e-type=\"widget\" data-widget_type=\"divider.default\">\n\t\t\t\t<div class=\"elementor-widget-container\">\n\t\t\t\t\t\t\t<div class=\"elementor-divider\">\n\t\t\t<span class=\"elementor-divider-separator\">\n\t\t\t\t\t\t<\/span>\n\t\t<\/div>\n\t\t\t\t\t\t<\/div>\n\t\t\t\t<\/div>\n\t\t\t\t<div class=\"elementor-element elementor-element-a742b24 elementor-widget elementor-widget-text-editor\" data-id=\"a742b24\" data-element_type=\"widget\" data-e-type=\"widget\" data-widget_type=\"text-editor.default\">\n\t\t\t\t<div class=\"elementor-widget-container\">\n\t\t\t\t\t\t\t\t\t<p>Zanima li vas podru\u010dje akustike?<\/p>\n<p>\u017delite li biti dio tima koji prodaje i razvija specijalizirana softverska rje\u0161enja za mjerenje zvuka i vibracija?<\/p>\n<p>Zanima li vas kako mo\u017eete utjecati na mjerenja zvuka i vibracija u budu\u0107nosti?<\/p>\n<p><span style=\"font-weight: 400;\">Uz prijavu, u nekoliko re\u010denica opi\u0161ite 2 svoja postignu\u0107a na koja ste najvi\u0161e ponosni.<\/span><\/p>\n\t\t\t\t\t\t\t\t<\/div>\n\t\t\t\t<\/div>\n\t\t\t\t<\/div>\n\t\t<div class=\"elementor-element elementor-element-30a9a86 e-con-full e-flex e-con e-parent\" data-id=\"30a9a86\" data-element_type=\"container\" data-e-type=\"container\">\n\t\t\t\t<div class=\"elementor-element elementor-element-e8b8f49 elementor-widget elementor-widget-heading\" data-id=\"e8b8f49\" data-element_type=\"widget\" data-e-type=\"widget\" data-widget_type=\"heading.default\">\n\t\t\t\t<div class=\"elementor-widget-container\">\n\t\t\t\t\t<h2 class=\"elementor-heading-title elementor-size-large\">Op\u0107i obrazac za zapo\u0161ljavanje<\/h2>\t\t\t\t<\/div>\n\t\t\t\t<\/div>\n\t\t\t\t<div class=\"elementor-element elementor-element-e0aa1a6 elementor-widget elementor-widget-text-editor\" data-id=\"e0aa1a6\" data-element_type=\"widget\" data-e-type=\"widget\" data-widget_type=\"text-editor.default\">\n\t\t\t\t<div class=\"elementor-widget-container\">\n\t\t\t\t\t\t\t\t\t<p>Trenutno nemamo slobodnih mjesta. Ako se vidite u na\u0161em timu, ispunite obrazac, mo\u017eda nam zatrebate nekada u budu\u0107nosti.<\/p>\n\t\t\t\t\t\t\t\t<\/div>\n\t\t\t\t<\/div>\n\t\t\t\t<div class=\"elementor-element elementor-element-55b9a6c elementor-widget elementor-widget-html\" data-id=\"55b9a6c\" data-element_type=\"widget\" data-e-type=\"widget\" data-widget_type=\"html.default\">\n\t\t\t\t<div class=\"elementor-widget-container\">\n\t\t\t\t\t\n\t\t\t\t\t\t<script>\n\t\t\t\t\t\t\twindow.hsFormsOnReady = window.hsFormsOnReady || [];\n\t\t\t\t\t\t\twindow.hsFormsOnReady.push(()=>{\n\t\t\t\t\t\t\t\thbspt.forms.create({\n\t\t\t\t\t\t\t\t\tportalId: 25521834,\n\t\t\t\t\t\t\t\t\tformId: \"c1731b26-df14-429e-8b28-c008c86105e7\",\n\t\t\t\t\t\t\t\t\ttarget: \"#hbspt-form-1776438895000-8777130188\",\n\t\t\t\t\t\t\t\t\tregion: \"eu1\",\n\t\t\t\t\t\t\t\t\t\n\t\t\t\t\t\t\t})});\n\t\t\t\t\t\t<\/script>\n\t\t\t\t\t\t<div class=\"hbspt-form\" id=\"hbspt-form-1776438895000-8777130188\"><\/div>\t\t\t\t<\/div>\n\t\t\t\t<\/div>\n\t\t<div class=\"elementor-element elementor-element-d2dc2fe elementor-hidden-desktop elementor-hidden-laptop elementor-hidden-tablet elementor-hidden-mobile e-flex e-con-boxed e-con e-parent\" data-id=\"d2dc2fe\" data-element_type=\"container\" data-e-type=\"container\">\n\t\t\t\t\t<div class=\"e-con-inner\">\n\t\t\t\t<div class=\"elementor-element elementor-element-44029e3 elementor-widget elementor-widget-image\" data-id=\"44029e3\" data-element_type=\"widget\" data-e-type=\"widget\" data-widget_type=\"image.default\">\n\t\t\t\t<div class=\"elementor-widget-container\">\n\t\t\t\t\t\t\t\t\t\t\t\t\t\t\t<img fetchpriority=\"high\" decoding=\"async\" width=\"768\" height=\"512\" src=\"https:\/\/ims.si\/wp-content\/uploads\/2023\/05\/DSC01445-768x512.jpg\" class=\"attachment-medium_large size-medium_large wp-image-1049\" alt=\"Zaposlimo\" srcset=\"https:\/\/ims.si\/wp-content\/uploads\/2023\/05\/DSC01445-768x512.jpg 768w, https:\/\/ims.si\/wp-content\/uploads\/2023\/05\/DSC01445-300x200.jpg 300w, https:\/\/ims.si\/wp-content\/uploads\/2023\/05\/DSC01445-1024x683.jpg 1024w, https:\/\/ims.si\/wp-content\/uploads\/2023\/05\/DSC01445-1536x1024.jpg 1536w, https:\/\/ims.si\/wp-content\/uploads\/2023\/05\/DSC01445-2048x1365.jpg 2048w, https:\/\/ims.si\/wp-content\/uploads\/2023\/05\/DSC01445-600x400.jpg 600w\" sizes=\"(max-width: 768px) 100vw, 768px\" \/>\t\t\t\t\t\t\t\t\t\t\t\t\t\t\t<\/div>\n\t\t\t\t<\/div>\n\t\t\t\t<div class=\"elementor-element elementor-element-a8782f9 elementor-widget elementor-widget-heading\" data-id=\"a8782f9\" data-element_type=\"widget\" data-e-type=\"widget\" data-widget_type=\"heading.default\">\n\t\t\t\t<div class=\"elementor-widget-container\">\n\t\t\t\t\t<h2 class=\"elementor-heading-title elementor-size-large\">Programer (m\/\u017e)<\/h2>\t\t\t\t<\/div>\n\t\t\t\t<\/div>\n\t\t\t\t<div class=\"elementor-element elementor-element-d9ce815 elementor-widget elementor-widget-text-editor\" data-id=\"d9ce815\" data-element_type=\"widget\" data-e-type=\"widget\" data-widget_type=\"text-editor.default\">\n\t\t\t\t<div class=\"elementor-widget-container\">\n\t\t\t\t\t\t\t\t\t<h4>Odgovornosti:<\/h4>\n<ul>\n<li>sodelovanje pri razvoju specializiranih programskih re\u0161itev na podro\u010dju akustike;<\/li>\n<li>pisanje kode skladno z zahtevami in dogovorjenimi standardi.<\/li>\n<\/ul>\n<h4>Nudimo:<\/h4>\n<ul>\n<li>delo na najnaprednej\u0161ih re\u0161itvah za akusti\u010dne meritve, ki se uporabljajo v razli\u010dnih panogah po vsem svetu;<\/li>\n<li>udele\u017ebo pri dobi\u010dku podjetja.<\/li>\n<\/ul>\n<h4>Spodbujamo:<\/h4>\n<ul>\n<li>osebnostni razvoj;<\/li>\n<li>zdrav in aktiven \u017eivljenjski slog.<\/li>\n<\/ul>\n<h4>Zahteve:<\/h4>\n<ul>\n<li>izku\u0161nje z razvojem Swift in izku\u0161nje z razvojem mobilnih aplikacij za iOS;<\/li>\n<li>osnove procesiranja signalov;<\/li>\n<li>\u017eelja po u\u010denju in napredovanju.<\/li>\n<\/ul>\n\t\t\t\t\t\t\t\t<\/div>\n\t\t\t\t<\/div>\n\t\t\t\t\t<\/div>\n\t\t\t\t<\/div>\n\t\t\t\t<\/div>\n\t\t\t\t\t<\/div>\n\t\t\t\t<\/div>\n\t\t\t\t<\/div>\n\t\t","protected":false},"excerpt":{"rendered":"<p>Zapo\u0161ljavamo Koga tra\u017eimo Zanima li vas podru\u010dje akustike? \u017delite li biti dio tima koji prodaje i razvija specijalizirana softverska rje\u0161enja za mjerenje zvuka i vibracija? Zanima li vas kako mo\u017eete utjecati na mjerenja zvuka i vibracija u budu\u0107nosti? Uz prijavu, u nekoliko re\u010denica opi\u0161ite 2 svoja postignu\u0107a na koja ste najvi\u0161e ponosni. Op\u0107i obrazac za [&hellip;]<\/p>\n","protected":false},"author":2,"featured_media":0,"parent":3912,"menu_order":4,"comment_status":"closed","ping_status":"closed","template":"","meta":{"content-type":"","footnotes":""},"class_list":["post-3837","page","type-page","status-publish","hentry"],"_links":{"self":[{"href":"https:\/\/ims.si\/hr\/wp-json\/wp\/v2\/pages\/3837","targetHints":{"allow":["GET"]}}],"collection":[{"href":"https:\/\/ims.si\/hr\/wp-json\/wp\/v2\/pages"}],"about":[{"href":"https:\/\/ims.si\/hr\/wp-json\/wp\/v2\/types\/page"}],"author":[{"embeddable":true,"href":"https:\/\/ims.si\/hr\/wp-json\/wp\/v2\/users\/2"}],"replies":[{"embeddable":true,"href":"https:\/\/ims.si\/hr\/wp-json\/wp\/v2\/comments?post=3837"}],"version-history":[{"count":7,"href":"https:\/\/ims.si\/hr\/wp-json\/wp\/v2\/pages\/3837\/revisions"}],"predecessor-version":[{"id":3845,"href":"https:\/\/ims.si\/hr\/wp-json\/wp\/v2\/pages\/3837\/revisions\/3845"}],"up":[{"embeddable":true,"href":"https:\/\/ims.si\/hr\/wp-json\/wp\/v2\/pages\/3912"}],"wp:attachment":[{"href":"https:\/\/ims.si\/hr\/wp-json\/wp\/v2\/media?parent=3837"}],"curies":[{"name":"wp","href":"https:\/\/api.w.org\/{rel}","templated":true}]}}