{"id":3846,"date":"2023-05-08T14:34:43","date_gmt":"2023-05-08T13:34:43","guid":{"rendered":"http:\/\/157.230.97.219\/zastita-osobnih-podataka\/"},"modified":"2023-05-25T14:25:23","modified_gmt":"2023-05-25T13:25:23","slug":"zastita-osobnih-podataka","status":"publish","type":"page","link":"https:\/\/ims.si\/hr\/zastita-osobnih-podataka\/","title":{"rendered":"Za\u0161tita osobnih podataka"},"content":{"rendered":"\t\t<div data-elementor-type=\"wp-page\" data-elementor-id=\"3846\" class=\"elementor elementor-3846 elementor-475\" data-elementor-post-type=\"page\">\n\t\t\t\t<div class=\"elementor-element elementor-element-5f31bf1 e-flex e-con-boxed e-con e-parent\" data-id=\"5f31bf1\" data-element_type=\"container\" data-e-type=\"container\">\n\t\t\t\t\t<div class=\"e-con-inner\">\n\t\t\t\t<div class=\"elementor-element elementor-element-c411c98 elementor-widget elementor-widget-heading\" data-id=\"c411c98\" data-element_type=\"widget\" data-e-type=\"widget\" data-widget_type=\"heading.default\">\n\t\t\t\t<div class=\"elementor-widget-container\">\n\t\t\t\t\t<h1 class=\"elementor-heading-title elementor-size-xl\">Za\u0161tita osobnih podataka<\/h1>\t\t\t\t<\/div>\n\t\t\t\t<\/div>\n\t\t\t\t\t<\/div>\n\t\t\t\t<\/div>\n\t\t<div class=\"elementor-element elementor-element-d97b7e9 e-flex e-con-boxed e-con e-parent\" data-id=\"d97b7e9\" data-element_type=\"container\" data-e-type=\"container\">\n\t\t\t\t\t<div class=\"e-con-inner\">\n\t\t<div class=\"elementor-element elementor-element-8ad94d7 e-con-full e-flex e-con e-parent\" data-id=\"8ad94d7\" data-element_type=\"container\" data-e-type=\"container\">\n\t\t\t\t<div class=\"elementor-element elementor-element-62ce8a6 elementor-widget elementor-widget-text-editor\" data-id=\"62ce8a6\" data-element_type=\"widget\" data-e-type=\"widget\" data-widget_type=\"text-editor.default\">\n\t\t\t\t<div class=\"elementor-widget-container\">\n\t\t\t\t\t\t\t\t\t<h2>1. Op\u0107enito<b><\/b><\/h2><p><span style=\"font-weight: 400;\">IMS MERILNI SISTEMI d.o.o., Cesta Ljubljanske brigade 23a, 1000 Ljubljana, po\u0161tuje va\u0161e pravo do privatnosti i te\u017ei najvi\u0161oj razini za\u0161tite va\u0161ih osobnih podataka. Stoga smo se obvezali da \u0107emo u na\u0161im aktivnostima djelovati u skladu s zakonima i propisima koji reguliraju za\u0161titu osobnih podataka, posebno u skladu s va\u017ee\u0107im Zakonom o za\u0161titi osobnih podataka, Zakonom o elektroni\u010dkim komunikacijama i Op\u0107om uredbom EU o za\u0161titi podataka. Svrha ove Izjave o za\u0161titi osobnih podataka je da vas upoznamo s namjenom prikupljanja va\u0161ih osobnih podataka i kako \u0107e se koristiti, kao i s va\u0161im pravima u vezi s podacima koje o vama \u010duvamo i na\u010dinu njihovog ostvarivanja.<\/span><\/p><p><span style=\"font-weight: 400;\">IMS MERILNI SISTEMI d.o.o., Cesta Ljubljanske brigade 23a, 1000 Ljubljana, se obvezuje da \u0107e prikupljeni osobni podaci koje dostavite biti kori\u0161teni sukladno ovoj Izjavi o za\u0161titi osobnih podataka te da se va\u0161i osobni podaci ne\u0107e prodavati, posu\u0111ivati ili na bilo koji na\u010din prenositi tre\u0107im stranama, osim u slu\u010dajevima predvi\u0111enim zakonom.<\/span><b><\/b><\/p><h2>2. Voditelj podataka<b><\/b><\/h2><p><span style=\"font-weight: 400;\">Voditelj va\u0161ih osobnih podataka je IMS MERILNI SISTEMI d.o.o., Cesta Ljubljanske brigade 23a, 1000 Ljubljana, <a href=\"mailto:info@ims.si\">info@ims.si<\/a>, <a href=\"tel:+38615000930\">+386 1 500 09 30<\/a>.<\/span><\/p><p><span style=\"font-weight: 400;\">Budu\u0107i da nam je va\u0161a privatnost izuzetno va\u017ena, mo\u017eete nam se obratiti u slu\u010daju pitanja vezanih za obradu va\u0161ih osobnih podataka. Za kontakt s ovla\u0161tenom osobom za za\u0161titu osobnih podataka, molimo pi\u0161ite na e-mail adresu info@ims.si ili nazovite na broj telefona <a href=\"tel:+38615000930\">+386 1 500 09 30<\/a>.<\/span><\/p><p><span style=\"font-weight: 400;\">Sve teme i sadr\u017eaji koji \u0107e biti obra\u0111eni od strane ovla\u0161tene osobe za za\u0161titu podataka su strogo povjerljivi.<\/span><b><\/b><\/p><h2>3. Vrste osobnih podataka<b><\/b><\/h2><p><span style=\"font-weight: 400;\">Osobni podaci koje obra\u0111ujemo uklju\u010duju:<\/span><\/p><ul><li><span style=\"font-weight: 400;\">op\u0107e informacije o vama &#8211; kao \u0161to su ime i prezime (uklju\u010duju\u0107i naslove ili titule), spol, dob i datum ro\u0111enja;<\/span><\/li><li><span style=\"font-weight: 400;\">kontaktne informacije &#8211; kao \u0161to su slu\u017ebena adresa, e-mail adresa, broj slu\u017ebenog telefona\/faksa, broj osobnog mobilnog telefona;<\/span><\/li><li><span style=\"font-weight: 400;\">podatke o zanimanju &#8211; kao \u0161to su podaci o va\u0161em obrazovanju, akademskom nazivu, stru\u010dnim kvalifikacijama, zaposlenju\/poziciji\/ulogama, specijalizaciji, broju referentnog ra\u010duna klijenta, slu\u017ebenom ID-u;<\/span><\/li><\/ul><p><span style=\"font-weight: 400;\">tehni\u010dke informacije i informacije o interakciji &#8211; kao \u0161to su:<\/span><\/p><ul><li><span style=\"font-weight: 400;\">informacije o ure\u0111aju koji koristite za interakciju s nama, informacije o prethodnim interakcijama ili informacije o pru\u017eenim prezentacijama;<\/span><\/li><li><span style=\"font-weight: 400;\">informacije o va\u0161im preferencijama kontakta s nama ili preferiranom komunikacijskom kanalu;<\/span><\/li><li><span style=\"font-weight: 400;\">podatke o vremenu koje ste proveli u interakciji s nama, o lokaciji tih interakcija.<\/span><\/li><\/ul><h2>4. Svrha obrade podataka i vrste osobnih podataka<b><\/b><\/h2><p><span style=\"font-weight: 400;\">Svi osobni podaci koje nam dostavite bit \u0107e tretirani povjerljivo i koristit \u0107e se samo u svrhu za koju su dostavljeni. U slu\u010daju potrebe za daljnjom obradom va\u0161ih podataka u druge svrhe, kontaktirat \u0107emo vas prethodno i zatra\u017eiti va\u0161u suglasnost.<\/span><\/p><p><span style=\"font-weight: 400;\">Izravni marketing proizvoda i usluga sudionicima nagradnih igara, pretplatnicima na\u0161e usluge, postoje\u0107im kupcima i krajnjim kupcima.<\/span><\/p><p><span style=\"font-weight: 400;\">Ime, prezime, dob i kontakt koristimo za slanje e-novosti s informacijama o proizvodima i uslugama (obavje\u0161tavanje o novitetima, pogodnostima, nagradnim igrama i doga\u0111anjima) koje promovira navedeno dru\u0161tvo.<\/span><\/p><p><strong>Obrada povratnih informacija za potrebe personaliziranog obavje\u0161tavanja<\/strong><\/p><p><span style=\"font-weight: 400;\">Povratne informacije koje prikupljamo na web stranici prikupljaju se radi prilago\u0111avanja obavje\u0161tavanja individualnim preferencama. To uklju\u010duje informacije o preferencama kontakta s vama ili preferiranom komunikacijskom kanalu, podatke o vremenu koje ste proveli u interakciji s nama i o lokaciji tih interakcija.<\/span><\/p><p><span style=\"font-weight: 400;\">Ti podaci se obra\u0111uju na temelju va\u0161eg pristanka, pri \u010demu mo\u017eete u svakom trenutku povu\u0107i pristanak za primanje marketin\u0161kih poruka. Dodatne informacije o va\u0161im pravima u vezi s marketin\u0161kim obavje\u0161tavanjem dostupne su u odjeljku &#8220;Va\u0161a prava&#8221;.<\/span><b><\/b><\/p><h2>5. Korisnici podataka<b><\/b><\/h2><p><span style=\"font-weight: 400;\">Upravljavec se obvezuje koristiti prikupljene osobne podatke isklju\u010divo u stru\u010dne svrhe ili u svrhu stru\u010dnog informiranja i prikupljanja povratnih informacija u tvrtki IMS MERILNI SISTEMI d.o.o., Cesta Ljubljanske brigade 23a, 1000 Ljubljana, Slovenija, kao i kod ni\u017ee navedenih vanjskih izvr\u0161itelja. Svi podaci prikupljeni na temelju navedene pravne osnove bit \u0107e kori\u0161teni u skladu s namjenom za koju su prikupljeni i ne\u0107e biti proslije\u0111eni tre\u0107im stranama bez va\u0161eg pristanka, osim u ni\u017ee navedenim slu\u010dajevima.<\/span><\/p><p><span style=\"font-weight: 400;\">U okviru zakonskih nadle\u017enosti, va\u0161i osobni podaci se otkrivaju sljede\u0107im korisnicima podataka:<\/span><\/p><ul><li><span style=\"font-weight: 400;\">IMS MERILNI SISTEMI d.o.o., Cesta Ljubljanske brigade 23a, 1000 Ljubljana, Slovenija<\/span><\/li><\/ul><p><span style=\"font-weight: 400;\">Upravitelj mo\u017ee proslijediti va\u0161e osobne podatke tre\u0107im stranama. Pristup podacima i obrada podataka od strane tih tre\u0107ih strana ograni\u010deni su na svrhe za koje su takvi podaci prikupljeni. Sve tre\u0107e strane kojima mo\u017eemo proslijediti va\u0161e osobne podatke obvezane su po\u0161tivati va\u017ee\u0107e zakonodavstvo, kao i odredbe ove &#8220;Izjave o za\u0161titi osobnih podataka&#8221;.<\/span><\/p><p><span style=\"font-weight: 400;\">Va\u0161e osobne podatke mo\u017eemo proslijediti odabranim vanjskim izvr\u0161iteljima tvrtke IMS MERILNI SISTEMI d.o.o., Cesta Ljubljanske brigade 23a, 1000 Ljubljana, Slovenija.<\/span><\/p><p><span style=\"font-weight: 400;\">Odre\u0111ene osobne podatke razmjenjujemo s navedenim tre\u0107im stranama. Osigurat \u0107emo da pristup tre\u0107im stranama je omogu\u0107en samo u svrhe definirane u ovoj Izjavi. Poduzet \u0107emo odgovaraju\u0107e mjere kako bismo osigurali da samo zaposlenici bilo koje od navedenih tre\u0107ih strana imaju pristup osobnim podacima koji su potrebni za obavljanje njihovih du\u017enosti. Ograni\u010den pristup osobnim podacima provodimo i u tvrtki IMS MERILNI SISTEMI d.o.o., Cesta Ljubljanske brigade 23a, 1000 Ljubljana, Slovenija, i svi na\u0161i vanjski izvr\u0161itelji obvezuju se po\u0161tovati istu politiku. Svi zaposlenici koji imaju pristup osobnim podacima obvezuju se na za\u0161titu osobnih podataka koje obra\u0111uju.<\/span><\/p><p><span style=\"font-weight: 400;\">U skladu s relevantnim zakonodavstvom o za\u0161titi podataka i privatnosti, poduzet \u0107emo odgovaraju\u0107e mjere kako bismo osigurali da va\u0161i osobni podaci ostanu za\u0161ti\u0107eni i sigurni \u010dak i prilikom njihovog prijenosa izvan va\u0161e mati\u010dne dr\u017eave.<\/span><b><\/b><\/p><h2>6. Osnove za kori\u0161tenje osobnih podataka<b><\/b><\/h2><p><span style=\"font-weight: 400;\">Podloge, na kojima koristimo va\u0161e osobne podatke, su sljede\u0107e:<\/span><\/p><ul><li><span style=\"font-weight: 400;\">va\u0161a izri\u010dita suglasnost &#8211; povremeno \u0107emo mo\u017eda zatra\u017eiti va\u0161u suglasnost za kori\u0161tenje va\u0161ih osobnih podataka u jednu ili vi\u0161e svrha. Pogledajte odjeljak &#8220;Va\u0161a prava&#8221; za informacije o pravima koja imate ako obra\u0111ujemo va\u0161e podatke na temelju va\u0161e suglasnosti.<\/span><\/li><li><span style=\"font-weight: 400;\">kada je to potrebno za na\u0161e zakonite poslovne interese &#8211; kori\u0161tenje va\u0161ih osobnih podataka poma\u017ee nam u upravljanju i pobolj\u0161anju na\u0161eg poslovanja te smanjenju smetnji u pru\u017eanju usluga koje vam mo\u017eemo pru\u017eiti. Tako\u0111er, kori\u0161tenje va\u0161ih osobnih podataka omogu\u0107uje nam da na\u0161a komunikacija s vama bude relevantnija i prilago\u0111ena vama te da va\u0161e iskustvo s na\u0161im uslugama i proizvodima bude u\u010dinkovito i uspje\u0161no. Zakoniti interesi mogu uklju\u010divati:<\/span><ul><li>omogu\u0107avanje u\u010dinkovitog i uspje\u0161nog upravljanja i vo\u0111enja na\u0161eg poslovanja;<\/li><li>odr\u017eavanje uskla\u0111enosti s na\u0161im internim postupcima i politikama upravljanja odnosima s klijentima;<\/li><li>pru\u017eanje aktualnih rje\u0161enja za interakciju s klijentima;<\/li><li>upoznavanje na\u0161ih klijenata s dodatnim informacijama i prezentacijama s ciljem pobolj\u0161anja ponude na\u0161ih usluga.<\/li><\/ul><\/li><\/ul><h2>7. Rok \u010duvanja<b><\/b><\/h2><p><span style=\"font-weight: 400;\">Va\u0161i kontaktni podaci za svrhu obavje\u0161tavanja obra\u0111uju se do opoziva.<\/span><b><\/b><\/p><h2>8. Na\u010din za\u0161tite va\u0161ih podataka<b><\/b><\/h2><p><span style=\"font-weight: 400;\">IMS MERILNI SISTEMI d.o.o., smje\u0161tena na adresi Cesta Ljubljanske brigade 23a, 1000 Ljubljana, obvezuje se \u0161tititi osobne podatke koje nam dostavite putem elektroni\u010dkog obrasca. IMS MERILNI SISTEMI d.o.o., Cesta Ljubljanske brigade 23a, 1000 Ljubljana, Slovenija, poduzet \u0107e sve kako bi za\u0161titio osobne podatke od bilo kakvih kr\u0161enja i zloupotreba.<\/span><\/p><p><span style=\"font-weight: 400;\">Osobni podaci se pohranjuju u elektroni\u010dkom obliku. Na\u0161i ra\u010dunalni sustavi su za\u0161ti\u0107eni tehni\u010dkim i organizacijskim mjerama koje sprje\u010davaju slu\u010dajno ili nezakonito uni\u0161tenje, gubitak, izmjenu te neovla\u0161teno otkrivanje ili pristup va\u0161im osobnim podacima.<\/span><\/p><p><span style=\"font-weight: 400;\">Nakon prestanka potrebe za pohranjivanjem podataka, odnosno ispunjenja svrhe za koju su podaci prikupljeni, podaci se odmah i trajno bri\u0161u na na\u010din koji nije mogu\u0107e povratiti.<\/span><b><\/b><\/p><h2>9. Va\u0161a prava<b><\/b><\/h2><p><span style=\"font-weight: 400;\">IMS MERILNI SISTEMI d.o.o., Cesta Ljubljanske brigade 23a, 1000 Ljubljana osigurava ostvarivanje svih va\u0161ih prava koja proizlaze iz obrade va\u0161ih osobnih podataka.<\/span><\/p><p><b>Odjava od stru\u010dnog obavje\u0161tavanja o proizvodima<\/b><\/p><p><span style=\"font-weight: 400;\">Ako vi\u0161e ne \u017eelite primati obavijesti o proizvodima koje nudi IMS MERILNI SISTEMI d.o.o., Cesta Ljubljanske brigade 23a, 1000 Ljubljana, Slovenija i povezana dru\u0161tva, mo\u017eete nam to javiti putem <a href=\"mailto:info@ims.si\">info@ims.si<\/a> ili pozivom na telefonski broj <a href=\"tel:+38615000930\">+386 1 500 09 30<\/a>.<\/span><\/p><p><span style=\"font-weight: 400;\">Pojedinac na kojeg se odnose osobni podaci mo\u017ee u bilo kojem trenutku zatra\u017eiti od IMS MERILNI SISTEMI d.o.o., Cesta Ljubljanske brigade 23a, 1000 Ljubljana:<\/span><\/p><ul><li><span style=\"font-weight: 400;\">potvrdu o tome da li se obra\u0111uju podaci vezani uz njega ili ne,<\/span><\/li><li><span style=\"font-weight: 400;\">omogu\u0107eni pristup osobnim podacima (tj. uvid u podatke te njihovo prepisivanje ili kopiranje),<\/span><\/li><li><span style=\"font-weight: 400;\">pru\u017eanje informacija vezani za obradu tih podataka (npr. o svrsi obrade, vrsti osobnih podataka, korisnicima kojima su podaci bili ili \u0107e biti dostavljeni, predvi\u0111enom razdoblju \u010duvanja podataka, tehni\u010dkim i organizacijskim mjerama za za\u0161titu podataka, itd.),<\/span><\/li><li><span style=\"font-weight: 400;\">omogu\u0107eni ispravak neto\u010dnih osobnih podataka vezanih uz njega i omogu\u0107eno vam je dopuna nepotpunih osobnih podataka,<\/span><\/li><li><span style=\"font-weight: 400;\">omogu\u0107eno pravo na brisanje osobnih podataka (tzv. pravo na zaborav),<\/span><\/li><li><span style=\"font-weight: 400;\">omogu\u0107eno pravo na ograni\u010denje obrade,<\/span><\/li><li><span style=\"font-weight: 400;\">omogu\u0107eno pravo na prigovor obradi ako se obrada podataka temelji na zakonitom interesu upravitelja, uklju\u010duju\u0107i profiliranje,<\/span><\/li><li><span style=\"font-weight: 400;\">omogu\u0107eno pravo na prenosivost podataka i dostavi podatka u op\u0107enito prihvatljivom i strojno \u010ditljivom formatu ili ih neposredno dostaviti drugom upravitelju,<\/span><\/li><li><span style=\"font-weight: 400;\">omogu\u0107eno pravo na povla\u010denje privole, kada se osobni podaci obra\u0111uju na temelju privole, pri \u010demu povla\u010denje privole ne utje\u010de na zakonitost obrade podataka koja se provodila prije povla\u010denja privole,<\/span><\/li><li><span style=\"font-weight: 400;\">omogu\u0107eno pravo na dodatne informacije o njegovom pravu na \u017ealbu pred nadle\u017enim nadzornim tijelom.<\/span><\/li><\/ul><p><span style=\"font-weight: 400;\">Tako\u0111er, tvrtka IMS MERILNI SISTEMI d.o.o., Cesta Ljubljanske brigade 23a, 1000 Ljubljana, \u0107e na zahtjev pojedinca, u skladu s va\u017ee\u0107im zakonodavstvom, pru\u017eiti i druge informacije u vezi s osobnim podacima koje obra\u0111uje.<\/span><\/p><p><span style=\"font-weight: 400;\">IMS MERILNI SISTEMI d.o.o., Cesta Ljubljanske brigade 23a, 1000 Ljubljana, obvezuje se da \u0107e na zahtjeve pojedinca na koje se odnose osobni podaci odgovoriti bez nepotrebnog odga\u0111anja, najkasnije u zakonski propisanim rokovima.<\/span><b><\/b><\/p><h2>10. Kontakt<b><\/b><\/h2><p><span style=\"font-weight: 400;\">Za pitanja o povjerljivosti va\u0161ih podataka, na\u010dinu prikupljanja i obrade podataka ili zahtjeve za ostvarivanje prava u vezi s va\u0161im podacima, odgovornu osobu u tvrtki IMS MERILNI SISTEMI d.o.o., Cesta Ljubljanske brigade 23a, 1000 Ljubljana, ili ovla\u0161tenu osobu za za\u0161titu osobnih podataka \u0107e vam pru\u017eiti odgovore. Za kontakt s ovla\u0161tenom osobom za za\u0161titu osobnih podataka, mo\u017eete poslati e-mail na adresu <a href=\"mailto:info@ims.si\">info@ims.si<\/a> ili nazvati na telefonski broj <a href=\"tel:+38615000930\">+386 1 500 09 30<\/a>.<\/span><br \/><b><\/b><\/p><h2>11. Promjene<b><\/b><\/h2><p><span style=\"font-weight: 400;\">Zadr\u017eavamo pravo da, po potrebi, povremeno prilagodimo ovu Izjavu o za\u0161titi osobnih podataka u skladu s stvarnim stanjem i zakonodavstvom o za\u0161titi osobnih podataka. Iz tog razloga vas molimo da prije svakog pru\u017eanja osobnih podataka provjerite trenutnu verziju kako biste bili upoznati s mogu\u0107im promjenama i dopunama.<\/span><\/p>\t\t\t\t\t\t\t\t<\/div>\n\t\t\t\t<\/div>\n\t\t<div class=\"elementor-element elementor-element-47826e2 e-con-full e-flex e-con e-parent\" data-id=\"47826e2\" data-element_type=\"container\" data-e-type=\"container\">\n\t\t\t\t<div class=\"elementor-element elementor-element-84935ab elementor-widget__width-auto elementor-widget elementor-widget-text-editor\" data-id=\"84935ab\" data-element_type=\"widget\" data-e-type=\"widget\" data-widget_type=\"text-editor.default\">\n\t\t\t\t<div class=\"elementor-widget-container\">\n\t\t\t\t\t\t\t\t\t<h3>IMS MERILNI SISTEMI d.o.o.<\/h3>\n<p>Luka Dolenc \u2013 Direktor<br \/>Ljubljana, 1.1.2009<\/p>\t\t\t\t\t\t\t\t<\/div>\n\t\t\t\t<\/div>\n\t\t\t\t<div class=\"elementor-element elementor-element-c6e1a75 elementor-widget__width-auto elementor-widget elementor-widget-image\" data-id=\"c6e1a75\" data-element_type=\"widget\" data-e-type=\"widget\" data-widget_type=\"image.default\">\n\t\t\t\t<div class=\"elementor-widget-container\">\n\t\t\t\t\t\t\t\t\t\t\t\t\t\t\t<img fetchpriority=\"high\" decoding=\"async\" width=\"300\" height=\"184\" src=\"https:\/\/ims.si\/wp-content\/uploads\/2023\/05\/podpis_splosni_pogoji-1-300x184.jpg\" class=\"attachment-medium size-medium wp-image-3869\" alt=\"\" srcset=\"https:\/\/ims.si\/wp-content\/uploads\/2023\/05\/podpis_splosni_pogoji-1-300x184.jpg 300w, https:\/\/ims.si\/wp-content\/uploads\/2023\/05\/podpis_splosni_pogoji-1.jpg 500w\" sizes=\"(max-width: 300px) 100vw, 300px\" \/>\t\t\t\t\t\t\t\t\t\t\t\t\t\t\t<\/div>\n\t\t\t\t<\/div>\n\t\t\t\t<\/div>\n\t\t\t\t<\/div>\n\t\t<div class=\"elementor-element elementor-element-25b1cac e-con-full e-flex e-con e-parent\" data-id=\"25b1cac\" data-element_type=\"container\" data-e-type=\"container\">\n\t\t\t\t<\/div>\n\t\t\t\t\t<\/div>\n\t\t\t\t<\/div>\n\t\t<div class=\"elementor-element elementor-element-ef48af7 e-flex e-con-boxed e-con e-parent\" data-id=\"ef48af7\" data-element_type=\"container\" data-e-type=\"container\">\n\t\t\t\t\t<div class=\"e-con-inner\">\n\t\t\t\t\t<\/div>\n\t\t\t\t<\/div>\n\t\t\t\t<\/div>\n\t\t","protected":false},"excerpt":{"rendered":"<p>Za\u0161tita osobnih podataka 1. Op\u0107enito IMS MERILNI SISTEMI d.o.o., Cesta Ljubljanske brigade 23a, 1000 Ljubljana, po\u0161tuje va\u0161e pravo do privatnosti i te\u017ei najvi\u0161oj razini za\u0161tite va\u0161ih osobnih podataka. Stoga smo se obvezali da \u0107emo u na\u0161im aktivnostima djelovati u skladu s zakonima i propisima koji reguliraju za\u0161titu osobnih podataka, posebno u skladu s va\u017ee\u0107im Zakonom [&hellip;]<\/p>\n","protected":false},"author":2,"featured_media":0,"parent":0,"menu_order":10,"comment_status":"closed","ping_status":"closed","template":"elementor_theme","meta":{"content-type":"","footnotes":""},"class_list":["post-3846","page","type-page","status-publish","hentry"],"_links":{"self":[{"href":"https:\/\/ims.si\/hr\/wp-json\/wp\/v2\/pages\/3846","targetHints":{"allow":["GET"]}}],"collection":[{"href":"https:\/\/ims.si\/hr\/wp-json\/wp\/v2\/pages"}],"about":[{"href":"https:\/\/ims.si\/hr\/wp-json\/wp\/v2\/types\/page"}],"author":[{"embeddable":true,"href":"https:\/\/ims.si\/hr\/wp-json\/wp\/v2\/users\/2"}],"replies":[{"embeddable":true,"href":"https:\/\/ims.si\/hr\/wp-json\/wp\/v2\/comments?post=3846"}],"version-history":[{"count":13,"href":"https:\/\/ims.si\/hr\/wp-json\/wp\/v2\/pages\/3846\/revisions"}],"predecessor-version":[{"id":3977,"href":"https:\/\/ims.si\/hr\/wp-json\/wp\/v2\/pages\/3846\/revisions\/3977"}],"wp:attachment":[{"href":"https:\/\/ims.si\/hr\/wp-json\/wp\/v2\/media?parent=3846"}],"curies":[{"name":"wp","href":"https:\/\/api.w.org\/{rel}","templated":true}]}}