{"id":3912,"date":"2023-05-08T13:36:44","date_gmt":"2023-05-08T11:36:44","guid":{"rendered":"http:\/\/157.230.97.219\/firma\/"},"modified":"2025-11-13T18:18:47","modified_gmt":"2025-11-13T17:18:47","slug":"firma","status":"publish","type":"page","link":"https:\/\/ims.si\/hr\/firma\/","title":{"rendered":"Firma"},"content":{"rendered":"\t\t<div data-elementor-type=\"wp-post\" data-elementor-id=\"3912\" class=\"elementor elementor-3912 elementor-398\" data-elementor-post-type=\"page\">\n\t\t\t\t<div class=\"elementor-element elementor-element-2ba0ef3 e-flex e-con-boxed e-con e-parent\" data-id=\"2ba0ef3\" data-element_type=\"container\" data-e-type=\"container\">\n\t\t\t\t\t<div class=\"e-con-inner\">\n\t\t\t\t<div class=\"elementor-element elementor-element-aa03c39 elementor-widget elementor-widget-heading\" data-id=\"aa03c39\" data-element_type=\"widget\" data-e-type=\"widget\" data-widget_type=\"heading.default\">\n\t\t\t\t<div class=\"elementor-widget-container\">\n\t\t\t\t\t<h1 class=\"elementor-heading-title elementor-size-xl\">IMS merilni sistemi d.o.o.<\/h1>\t\t\t\t<\/div>\n\t\t\t\t<\/div>\n\t\t\t\t\t<\/div>\n\t\t\t\t<\/div>\n\t\t<div class=\"elementor-element elementor-element-8870f15 e-flex e-con-boxed e-con e-parent\" data-id=\"8870f15\" data-element_type=\"container\" data-e-type=\"container\">\n\t\t\t\t\t<div class=\"e-con-inner\">\n\t\t<div class=\"elementor-element elementor-element-7f88acc e-con-full e-flex e-con e-child\" data-id=\"7f88acc\" data-element_type=\"container\" data-e-type=\"container\">\n\t\t\t\t<div class=\"elementor-element elementor-element-a309a90 elementor-widget elementor-widget-heading\" data-id=\"a309a90\" data-element_type=\"widget\" data-e-type=\"widget\" data-widget_type=\"heading.default\">\n\t\t\t\t<div class=\"elementor-widget-container\">\n\t\t\t\t\t<h2 class=\"elementor-heading-title elementor-size-large\">O firmi<\/h2>\t\t\t\t<\/div>\n\t\t\t\t<\/div>\n\t\t\t\t<div class=\"elementor-element elementor-element-a65e268 elementor-widget-divider--view-line elementor-widget elementor-widget-divider\" data-id=\"a65e268\" data-element_type=\"widget\" data-e-type=\"widget\" data-widget_type=\"divider.default\">\n\t\t\t\t<div class=\"elementor-widget-container\">\n\t\t\t\t\t\t\t<div class=\"elementor-divider\">\n\t\t\t<span class=\"elementor-divider-separator\">\n\t\t\t\t\t\t<\/span>\n\t\t<\/div>\n\t\t\t\t\t\t<\/div>\n\t\t\t\t<\/div>\n\t\t\t\t<div class=\"elementor-element elementor-element-a742b24 elementor-widget elementor-widget-text-editor\" data-id=\"a742b24\" data-element_type=\"widget\" data-e-type=\"widget\" data-widget_type=\"text-editor.default\">\n\t\t\t\t<div class=\"elementor-widget-container\">\n\t\t\t\t\t\t\t\t\t<p>Na\u0161a misija je pobolj\u0161ati \u017eivot ljudima iz perspektive zvuka i vibracija. \u010cinimo buku prihvatljivijom za ljude i okoli\u0161, i \u010dinimo kvalitetu zvuka i glazbe nezaboravnom.<\/p>\n\t\t\t\t\t\t\t\t<\/div>\n\t\t\t\t<\/div>\n\t\t\t\t<\/div>\n\t\t<div class=\"elementor-element elementor-element-a44106a e-con-full e-flex e-con e-child\" data-id=\"a44106a\" data-element_type=\"container\" data-e-type=\"container\">\n\t\t\t\t<div class=\"elementor-element elementor-element-a0ee9b4 elementor-widget elementor-widget-image\" data-id=\"a0ee9b4\" data-element_type=\"widget\" data-e-type=\"widget\" data-widget_type=\"image.default\">\n\t\t\t\t<div class=\"elementor-widget-container\">\n\t\t\t\t\t\t\t\t\t\t\t\t\t\t\t<img fetchpriority=\"high\" decoding=\"async\" width=\"496\" height=\"128\" src=\"https:\/\/ims.si\/wp-content\/uploads\/2024\/05\/ims-merilni-sistemi-logo-no-margin-1.png\" class=\"attachment-large size-large wp-image-8006\" alt=\"IMS Merilni sistemi d.o.o. logo\" srcset=\"https:\/\/ims.si\/wp-content\/uploads\/2024\/05\/ims-merilni-sistemi-logo-no-margin-1.png 496w, https:\/\/ims.si\/wp-content\/uploads\/2024\/05\/ims-merilni-sistemi-logo-no-margin-1-300x77.png 300w\" sizes=\"(max-width: 496px) 100vw, 496px\" \/>\t\t\t\t\t\t\t\t\t\t\t\t\t\t\t<\/div>\n\t\t\t\t<\/div>\n\t\t\t\t<\/div>\n\t\t\t\t\t<\/div>\n\t\t\t\t<\/div>\n\t\t<div class=\"elementor-element elementor-element-774bc5a e-flex e-con-boxed e-con e-parent\" data-id=\"774bc5a\" data-element_type=\"container\" data-e-type=\"container\">\n\t\t\t\t\t<div class=\"e-con-inner\">\n\t\t<div class=\"elementor-element elementor-element-41348e7 e-con-full e-flex e-con e-child\" data-id=\"41348e7\" data-element_type=\"container\" data-e-type=\"container\">\n\t\t\t\t<div class=\"elementor-element elementor-element-36175c9 elementor-widget elementor-widget-heading\" data-id=\"36175c9\" data-element_type=\"widget\" data-e-type=\"widget\" data-widget_type=\"heading.default\">\n\t\t\t\t<div class=\"elementor-widget-container\">\n\t\t\t\t\t<h2 class=\"elementor-heading-title elementor-size-large\">Podaci o firmi<\/h2>\t\t\t\t<\/div>\n\t\t\t\t<\/div>\n\t\t\t\t<div class=\"elementor-element elementor-element-b1c0423 elementor-widget-divider--view-line elementor-widget elementor-widget-divider\" data-id=\"b1c0423\" data-element_type=\"widget\" data-e-type=\"widget\" data-widget_type=\"divider.default\">\n\t\t\t\t<div class=\"elementor-widget-container\">\n\t\t\t\t\t\t\t<div class=\"elementor-divider\">\n\t\t\t<span class=\"elementor-divider-separator\">\n\t\t\t\t\t\t<\/span>\n\t\t<\/div>\n\t\t\t\t\t\t<\/div>\n\t\t\t\t<\/div>\n\t\t\t\t<div class=\"elementor-element elementor-element-075875e elementor-widget elementor-widget-html\" data-id=\"075875e\" data-element_type=\"widget\" data-e-type=\"widget\" data-widget_type=\"html.default\">\n\t\t\t\t<div class=\"elementor-widget-container\">\n\t\t\t\t\t<table class=\"company\">\n  <tbody>\n    <tr>\n      <td>Ime:<\/td>\n      <td>IMS MERILNI SISTEMI d.o.o.<\/td>\n    <\/tr>\n    <tr>\n      <td>Adresa:<\/td>\n      <td>Cesta Ljubljanske brigade 23a, 1000 Ljubljana<\/td>\n    <\/tr>\n    <tr>\n      <td>Telefon:<\/td>\n      <td><a href=\"tel:+38615000930\">+386 1 500 09 30<\/a><\/td>\n    <\/tr>\n    <tr>\n      <td>Faks:<\/td>\n      <td>0590 72 748<\/td>\n    <\/tr>\n    <tr>\n      <td>E-po\u0161ta:<\/td>\n      <td><a href=\"mailto:info@ims.si\">info@ims.si<\/a><\/td>\n    <\/tr>\n    <tr>\n      <td>Mati\u010dni broj:<\/td>\n      <td>1313983<\/td>\n    <\/tr>\n    <tr>\n      <td>Porezni broj:<\/td>\n      <td>SI73781754<\/td>\n    <\/tr>\n    <tr>\n      <td>Transakcijski ra\u010dun:<\/td>\n      <td>SI56 0400 1004 9653 125<\/td>\n    <\/tr>\n    <tr>\n      <td>Banka:<\/td>\n      <td>OTP banka, Ljubljana, Slovenija<\/td>\n    <\/tr>\n  <\/tbody>\n<\/table>\n\t\t\t\t<\/div>\n\t\t\t\t<\/div>\n\t\t\t\t<\/div>\n\t\t<div class=\"elementor-element elementor-element-53709a5 e-con-full e-flex e-con e-child\" data-id=\"53709a5\" data-element_type=\"container\" data-e-type=\"container\">\n\t\t\t\t<div class=\"elementor-element elementor-element-f23d23d elementor-widget elementor-widget-html\" data-id=\"f23d23d\" data-element_type=\"widget\" data-e-type=\"widget\" data-widget_type=\"html.default\">\n\t\t\t\t<div class=\"elementor-widget-container\">\n\t\t\t\t\t<iframe src=\"https:\/\/www.google.com\/maps\/embed?pb=!1m18!1m12!1m3!1d2767.2246218980126!2d14.476017416361035!3d46.08649987911311!2m3!1f0!2f0!3f0!3m2!1i1024!2i768!4f13.1!3m3!1m2!1s0x477aceacbd905f29%3A0x55663ad6a93dce13!2sIms+Merilni+sistemi%2C+podjetje+za+zastopanje%2C+in%C5%BEeniring+in+razvoj+Merilne+opreme+d.o.o.!5e0!3m2!1sen!2ssi!4v1562155312503!5m2!1sen!2ssi\" width=\"100%\" height=\"450\" frameborder=\"0\" style=\"border:0\" allowfullscreen=\"\"><\/iframe>\t\t\t\t<\/div>\n\t\t\t\t<\/div>\n\t\t\t\t<\/div>\n\t\t\t\t\t<\/div>\n\t\t\t\t<\/div>\n\t\t\t\t<\/div>\n\t\t","protected":false},"excerpt":{"rendered":"<p>IMS merilni sistemi d.o.o. O firmi Na\u0161a misija je pobolj\u0161ati \u017eivot ljudima iz perspektive zvuka i vibracija. \u010cinimo buku prihvatljivijom za ljude i okoli\u0161, i \u010dinimo kvalitetu zvuka i glazbe nezaboravnom. Podaci o firmi Ime: IMS MERILNI SISTEMI d.o.o. Adresa: Cesta Ljubljanske brigade 23a, 1000 Ljubljana Telefon: +386 1 500 09 30 Faks: 0590 72 [&hellip;]<\/p>\n","protected":false},"author":2,"featured_media":0,"parent":0,"menu_order":5,"comment_status":"closed","ping_status":"closed","template":"","meta":{"content-type":"","footnotes":""},"class_list":["post-3912","page","type-page","status-publish","hentry"],"_links":{"self":[{"href":"https:\/\/ims.si\/hr\/wp-json\/wp\/v2\/pages\/3912","targetHints":{"allow":["GET"]}}],"collection":[{"href":"https:\/\/ims.si\/hr\/wp-json\/wp\/v2\/pages"}],"about":[{"href":"https:\/\/ims.si\/hr\/wp-json\/wp\/v2\/types\/page"}],"author":[{"embeddable":true,"href":"https:\/\/ims.si\/hr\/wp-json\/wp\/v2\/users\/2"}],"replies":[{"embeddable":true,"href":"https:\/\/ims.si\/hr\/wp-json\/wp\/v2\/comments?post=3912"}],"version-history":[{"count":26,"href":"https:\/\/ims.si\/hr\/wp-json\/wp\/v2\/pages\/3912\/revisions"}],"predecessor-version":[{"id":9531,"href":"https:\/\/ims.si\/hr\/wp-json\/wp\/v2\/pages\/3912\/revisions\/9531"}],"wp:attachment":[{"href":"https:\/\/ims.si\/hr\/wp-json\/wp\/v2\/media?parent=3912"}],"curies":[{"name":"wp","href":"https:\/\/api.w.org\/{rel}","templated":true}]}}