{"id":3958,"date":"2023-05-03T10:02:44","date_gmt":"2023-05-03T09:02:44","guid":{"rendered":"http:\/\/157.230.97.219\/opci-uvjeti\/"},"modified":"2023-05-25T14:15:24","modified_gmt":"2023-05-25T13:15:24","slug":"opci-uvjeti","status":"publish","type":"page","link":"https:\/\/ims.si\/hr\/opci-uvjeti\/","title":{"rendered":"Op\u0107i uvjeti"},"content":{"rendered":"\t\t<div data-elementor-type=\"wp-page\" data-elementor-id=\"3958\" class=\"elementor elementor-3958 elementor-30\" data-elementor-post-type=\"page\">\n\t\t\t\t<div class=\"elementor-element elementor-element-5f31bf1 e-flex e-con-boxed e-con e-parent\" data-id=\"5f31bf1\" data-element_type=\"container\" data-e-type=\"container\">\n\t\t\t\t\t<div class=\"e-con-inner\">\n\t\t\t\t<div class=\"elementor-element elementor-element-c411c98 elementor-widget elementor-widget-heading\" data-id=\"c411c98\" data-element_type=\"widget\" data-e-type=\"widget\" data-widget_type=\"heading.default\">\n\t\t\t\t<div class=\"elementor-widget-container\">\n\t\t\t\t\t<h1 class=\"elementor-heading-title elementor-size-xl\">Op\u0107i uvjeti<\/h1>\t\t\t\t<\/div>\n\t\t\t\t<\/div>\n\t\t\t\t\t<\/div>\n\t\t\t\t<\/div>\n\t\t<div class=\"elementor-element elementor-element-d97b7e9 e-flex e-con-boxed e-con e-parent\" data-id=\"d97b7e9\" data-element_type=\"container\" data-e-type=\"container\">\n\t\t\t\t\t<div class=\"e-con-inner\">\n\t\t<div class=\"elementor-element elementor-element-8ad94d7 e-con-full e-flex e-con e-parent\" data-id=\"8ad94d7\" data-element_type=\"container\" data-e-type=\"container\">\n\t\t\t\t<div class=\"elementor-element elementor-element-62ce8a6 elementor-widget elementor-widget-text-editor\" data-id=\"62ce8a6\" data-element_type=\"widget\" data-e-type=\"widget\" data-widget_type=\"text-editor.default\">\n\t\t\t\t<div class=\"elementor-widget-container\">\n\t\t\t\t\t\t\t\t\t<h2>1. Op\u0107enito<\/h2><p>Op\u0107i uvjeti vrijede za cjelokupno poslovanje IMS MERILNI SISTEMI d.o.o. sa svim pravnim osobama, bez obzira jesu li ti proizvodi proizvedeni u Sloveniji ili inozemstvu. Ovi op\u0107i uvjeti, s trenutnim stupanjem na snagu, zamjenjuju sve prethodne op\u0107e uvjete izdane od strane prodavatelja. Kupac je upoznat s uvjetima, razumije ih i sla\u017ee se da izdavanjem narud\u017ebenice pristaje na ove uvjete prodavatelja. Svi uvjeti ili zahtjevi kupaca koji su u suprotnosti s ovim op\u0107im uvjetima poslovanja mogu se koristiti samo uz pisani dogovor izme\u0111u kupca i IMS MERILNI SISTEMI doo. (u daljnjem tekstu tvrtka).<\/p><h2>2. Odavanje narud\u017ebi i cijene<\/h2><p>Narud\u017ebe se moraju predati u pisanom obliku, pismom, faksom ili e-mailom, kako bi se izbjegle pogre\u0161ke u razumijevanju telefonskih narud\u017ebi. Sve dok tvrtka ne dostavi pisanu ponudu, smatra se da su do tada izra\u017eene cijene, uvjeti i sli\u010dno, predstavljali samo pregovore prije sklapanja ugovora, koji nisu obvezuju\u0107i. Cijene navedene u cjenicima su informativne i neobvezuju\u0107e. Jedini obvezuju\u0107i oblik je pisana ponuda ili predra\u010dun i na temelju toga potvrda narud\u017ebe. Prodavatelj tako\u0111er zadr\u017eava pravo promjene naziva, veli\u010dine i pakiranja robe u bilo kojem trenutku, pod uvjetom da navedene promjene bitno ne mijenjaju karakteristike robe. Svaka narud\u017ebenica je ovr\u0161na ako ju je prodava\u010d prihvatio u pisanom obliku i predstavlja poseban i pojedina\u010dni ugovor o nabavi. Ukoliko se strane druga\u010dije ne dogovore, cijene navedene u cjeniku su one cijene koje ne uklju\u010duju poreze i carine. Uz navedene cijene, kupac pla\u0107a iznos svih sada\u0161njih ili budu\u0107ih poreza ili pristojbi primjenjivih na prodaju robe.<\/p><h2>3. Datumi isporuke<\/h2><p>Navedeni podaci o rokovima isporuke su okvirni i u svakom slu\u010daju ovise o raspolo\u017eivosti i u\u010dinkovitosti prijevoznih sredstava te se smatraju ispunjenima od trenutka preuzimanja robe sa skladi\u0161ta tvrtke. U slu\u010daju vi\u0161e sile i svih drugih nepredvi\u0111enih okolnosti tvrtka ima pravo odustati od ugovora u cijelosti ili djelomi\u010dno ili produljiti rok isporuke za vrijeme trajanja ovih okolnosti. U slu\u010daju da sposobnost Prodavatelja da isporu\u010di robu za koju Kup\u010deva narud\u017ebenica jo\u0161 nije podmirena ili postane ograni\u010dena iz bilo kojeg razloga, Prodavatelj mo\u017ee prema vlastitom naho\u0111enju smanjiti koli\u010dinu, odgoditi isporuku ili dodijeliti robu svojim Kupcima, s tim da je Kupac prethodno obavije\u0161ten . Kupac ne smije otkazati ili odgoditi bilo koju narud\u017ebenicu bez prethodne pisane suglasnosti prodavatelja, osim u slu\u010daju da je prodavatelj u ka\u0161njenju ili je na drugi na\u010din prekr\u0161io ugovorne obveze. Ukoliko je suglasnost dana, kupac se izri\u010dito odri\u010de bilo kakvog potra\u017eivanja izravno ili neizravno proiza\u0161log iz takvog otkazivanja ili odgode, a sve tro\u0161kove i izdatke s tim u vezi snosi isklju\u010divo kupac.<\/p><h2>4. Kvaliteta<\/h2><p>Roba udovoljava zahtjevima kvalitete slovenskim zakonodavstvom i\/ili zakonodavstvom zemlje podrijetla. Prodavatelj jam\u010di da \u0107e robu pratiti tra\u017eeni certifikati i potvrde. Na pisani zahtjev kupca prodavatelj je du\u017ean kupcu uru\u010diti ovjerene preslike navedenih dokumenata.<\/p><h2>5. Pakiranje<\/h2><p>Kartoni i ostala ambala\u017ea za pakiranje spadaju u vlastite tro\u0161kove i ne prihva\u0107aju se za povrat.<\/p><h2>6. Otprema<\/h2><p>Tvrtka je du\u017ena ispuniti svoje obaveze isporuke robe u sjedi\u0161te tvrtke, osim u slu\u010daju posebnih pisanih ugovora. Predajom robe kupcu, njegovom \u0161pediteru ili prijevozniku, odnosno slanjem robe kupcu na druga\u010diji na\u010din, ali najkasnije u trenutku kada roba napusti na\u0161u tvrtku ili na\u0161e skladi\u0161te, rizici od slu\u010dajnog uni\u0161tenja ili o\u0161te\u0107enja i tro\u0161kovi transporta robe prelaze na kupca. Tvrtka mo\u017ee ugovoriti osiguranje od o\u0161te\u0107enja i gubitka robe za vrijeme trajanja transporta, na izri\u010dit zahtjev kupca i uz njegov prethodni polog tro\u0161kova.<\/p><h2>7. Pla\u0107anje<\/h2><p>\u0160to se ti\u010de pla\u0107anja ra\u010duna, vrijede uvjeti pla\u0107anja koji su navedeni u pisanoj ponudi, potvrdi narud\u017ebe ili predra\u010dunu. U mjeri u kojoj oni nisu navedeni ili osim ako nije druga\u010dije dogovoreno u pisanom obliku, vrijede sljede\u0107i uvjeti:<\/p><p>Datum dospije\u0107a: Na\u0161a potra\u017eivanja dospijevaju u roku od 30 dana od datuma fakture, neto, bez odbitaka. U slu\u010daju prekora\u010denja roka pla\u0107anja zara\u010dunavamo kamatu od 12% godi\u0161nje. Za svaku opomenu dodatno napla\u0107ujemo 5 EUR + PDV.<\/p><p>Popust: Za 100% beskamatno avansno pla\u0107anje po predra\u010dunu odobravamo popust koji je dogovoren u Uvjetima prodaje. Uvjet za ostvarivanje popusta je da su podmirene sve prethodne obaveze kupca prema poduze\u0107u. Popust se priznaje samo ako kupac uplati 100% avans nakon predra\u010duna ili potvrde narud\u017ebe, minimalno 10 dana prije isporuke ili preuzimanja.<\/p><p>Kompenzacija: Pla\u0107anje kompenzacijom zahtijeva poseban prethodni pismeni dogovor.<\/p><p>Sva pla\u0107anja moraju se u cijelosti izvr\u0161iti bankovnim prijenosom na bankovni ra\u010dun koji je naveo prodavatelj, osim ako nije druga\u010dije izri\u010dito dogovoreno u pisanom obliku. Na zahtjev prodavatelja pla\u0107anje se vr\u0161i unaprijed. Pla\u0107anja \u0107e se &#8211; bez odbitaka, a posebno bez popusta, osim ako to nije izri\u010dito pismeno dogovoreno &#8211; vr\u0161iti pravodobno, kako bi prodavatelj imao odgovaraju\u0107i iznos na ra\u010dunu na dan dospije\u0107a. Da ne bi bilo zabune, tro\u0161ak platnog prometa snosi kupac.<\/p><p>Iznosi koji nisu pla\u0107eni na vrijeme podlije\u017eu zakonskim zateznim kamatama. Ukoliko roba obuhva\u0107ena ovim uvjetima nije isporu\u010dena u jednoj po\u0161iljci, kupac pla\u0107a samo onu koli\u010dinu robe koja je isporu\u010dena. Svaka po\u0161iljka se tretira kao zasebna i neovisna transakcija.<\/p><p>Prodavatelj i kupac mogu se dogovoriti o razli\u010ditim oblicima popusta, koji \u0107e biti navedeni u pisanom obliku.<\/p><h2>8. Prodaja predmeta vlasni\u0161tva<\/h2><p>Tvrtka zadr\u017eava pravo vlasni\u0161tva nad robom koju je prodala i isporu\u010dila kupcu do kona\u010dne isplate ugovorene kupoprodajne cijene. Pridr\u017eaj vlasni\u0161tva odnosi se i na proizvode koji su nastali preradom, spajanjem ili drugom preradom isporu\u010dene robe, odnosno na cjelinu novonastalih stvari, jer se glavnom stvari smatra isporu\u010dena roba dru\u0161tva. Planovi, uzorci, bro\u0161ure, dokumenti i sli\u010dni materijali koje dostavlja Prodavatelj mogu se koristiti samo u dogovorenu svrhu i ne predstavljaju ponudu te ih Prodavatelj mo\u017ee promijeniti u bilo kojem trenutku bez prethodnog pismenog pristanka. Reprodukcija, izmjena, transformacija ili uporaba takvih materijala u druge svrhe dopu\u0161tena je samo uz pismeni dogovor s prodavateljem i u svim slu\u010dajevima u skladu s primjenjivim zakonima.<\/p><h2>9. Isklju\u010denje i ograni\u010denje odgovornosti<\/h2><p>Odgovornost tvrtke za \u0161tetu isklju\u010dena je u slu\u010daju manjeg nemara ili u slu\u010daju kr\u0161enja nebitnih ugovornih obveza. Odgovornost dru\u0161tva za \u0161tetu ograni\u010dena je u slu\u010daju namjernog pona\u0161anja ili krajnje nemarnog pona\u0161anja kojim se kr\u0161e bitne ugovorne obveze, odnosno do visine predvidljive \u0161tete koja je uobi\u010dajena u takvim pravnim poslovima. Smatra se da se navedena odredba odnosi i na zahtjev za naknadu tro\u0161kova.<\/p><h2>10. Reklamacije<\/h2><p>Reklamacije zbog koli\u010dine, kvalitete po\u0161iljke ili neispravnog pakiranja kupac mo\u017ee izjaviti u roku od 8 dana od primitka robe i pod drugim uvjetima Obveznog zakona. U slu\u010daju opravdane i priznate reklamacije, kupac mo\u017ee zatra\u017eiti ili popravak robe ili zamjensku isporuku ili kredit za sni\u017eenje cijene, pri \u010demu tvrtka ima pravo izbora izme\u0111u navedenih mogu\u0107nosti. Tvrtka ne\u0107e razmatrati reklamacije nakon navedenog roka.<\/p><p>\u0160teta nastala tijekom prijevoza robe potrebno je prijaviti odmah po primitku robe i evidentirati kod prijevoznika s oznakom u tovarnom listu i odmah pismeno obavijestiti tvrtku. Zbog prijenosa rizika na kupca, svu \u0161tetu nastalu tijekom prijevoza robe snosi prijevoznik ili \u0161pediter.<\/p><h2>11. Alternativna dostava<\/h2><p>Tvrtka je du\u017ena izvr\u0161iti zamjensku isporuku ili izdati odobrenje tek nakon detaljnog pregleda reklamirane robe u tvrtci i potvrde odgovornosti tvrtke za takav nedostatak. Kako bi se provela istraga, kupac mora poduze\u0107u vratiti predmetnu robu. U hitnim slu\u010dajevima tvrtka mo\u017ee isporu\u010diti robu kupcu po va\u017ee\u0107im dnevnim cijenama i, u slu\u010daju potvrde obaveze, kreditirati ga do naknade \u0161tete. Tro\u0161kove neopravdane reklamacije snosi kupac.<\/p><h2>12. Tajnost<\/h2><p>Kupac se obvezuje \u010duvati kao poslovnu tajnu i \u010duvati u tajnosti sve poslovne i povjerljive tehni\u010dke podatke prodavatelja koje sazna tijekom trajanja poslovnog odnosa, osim ako ti podaci nisu ili postanu op\u0107epoznati bez krivnje kupca. .<\/p><h2>13. Rje\u0161avanje sukoba<\/h2><p>Za rje\u0161avanje eventualnih sporova nadle\u017ean je sud u Ljubljani.<\/p><h2>14. Zabrana prijeboja<\/h2><p>Kupac nema pravo prebijati bilo kakve protutu\u017ebene zahtjeve s prodavateljevim potra\u017eivanjima, osim ako su protutu\u017ebeni zahtjevi nesporni ili pravomo\u0107no presu\u0111eni od strane suda.<\/p>\t\t\t\t\t\t\t\t<\/div>\n\t\t\t\t<\/div>\n\t\t<div class=\"elementor-element elementor-element-63bb9dc e-flex e-con-boxed e-con e-parent\" data-id=\"63bb9dc\" data-element_type=\"container\" data-e-type=\"container\">\n\t\t\t\t\t<div class=\"e-con-inner\">\n\t\t\t\t<div class=\"elementor-element elementor-element-82be55d elementor-widget__width-auto elementor-widget elementor-widget-text-editor\" data-id=\"82be55d\" data-element_type=\"widget\" data-e-type=\"widget\" data-widget_type=\"text-editor.default\">\n\t\t\t\t<div class=\"elementor-widget-container\">\n\t\t\t\t\t\t\t\t\t<h3>IMS MERILNI SISTEMI d.o.o.<\/h3>\n<p>Luka Dolenc \u2013 Direktor<br>Ljubljana, 1.1.2009<\/p>\t\t\t\t\t\t\t\t<\/div>\n\t\t\t\t<\/div>\n\t\t\t\t<div class=\"elementor-element elementor-element-1be2fcd elementor-widget__width-auto elementor-widget elementor-widget-image\" data-id=\"1be2fcd\" data-element_type=\"widget\" data-e-type=\"widget\" data-widget_type=\"image.default\">\n\t\t\t\t<div class=\"elementor-widget-container\">\n\t\t\t\t\t\t\t\t\t\t\t\t\t\t\t<img fetchpriority=\"high\" decoding=\"async\" width=\"300\" height=\"184\" src=\"https:\/\/ims.si\/wp-content\/uploads\/2023\/05\/podpis_splosni_pogoji-300x184.jpg\" class=\"attachment-medium size-medium wp-image-459\" alt=\"\" srcset=\"https:\/\/ims.si\/wp-content\/uploads\/2023\/05\/podpis_splosni_pogoji-300x184.jpg 300w, https:\/\/ims.si\/wp-content\/uploads\/2023\/05\/podpis_splosni_pogoji.jpg 500w\" sizes=\"(max-width: 300px) 100vw, 300px\" \/>\t\t\t\t\t\t\t\t\t\t\t\t\t\t\t<\/div>\n\t\t\t\t<\/div>\n\t\t\t\t\t<\/div>\n\t\t\t\t<\/div>\n\t\t\t\t<\/div>\n\t\t<div class=\"elementor-element elementor-element-47826e2 e-con-full e-flex e-con e-parent\" data-id=\"47826e2\" data-element_type=\"container\" data-e-type=\"container\">\n\t\t\t\t<\/div>\n\t\t\t\t\t<\/div>\n\t\t\t\t<\/div>\n\t\t\t\t<\/div>\n\t\t","protected":false},"excerpt":{"rendered":"<p>Op\u0107i uvjeti 1. Op\u0107enito Op\u0107i uvjeti vrijede za cjelokupno poslovanje IMS MERILNI SISTEMI d.o.o. sa svim pravnim osobama, bez obzira jesu li ti proizvodi proizvedeni u Sloveniji ili inozemstvu. Ovi op\u0107i uvjeti, s trenutnim stupanjem na snagu, zamjenjuju sve prethodne op\u0107e uvjete izdane od strane prodavatelja. Kupac je upoznat s uvjetima, razumije ih i sla\u017ee [&hellip;]<\/p>\n","protected":false},"author":9,"featured_media":0,"parent":0,"menu_order":8,"comment_status":"closed","ping_status":"closed","template":"elementor_theme","meta":{"content-type":"","footnotes":""},"class_list":["post-3958","page","type-page","status-publish","hentry"],"_links":{"self":[{"href":"https:\/\/ims.si\/hr\/wp-json\/wp\/v2\/pages\/3958","targetHints":{"allow":["GET"]}}],"collection":[{"href":"https:\/\/ims.si\/hr\/wp-json\/wp\/v2\/pages"}],"about":[{"href":"https:\/\/ims.si\/hr\/wp-json\/wp\/v2\/types\/page"}],"author":[{"embeddable":true,"href":"https:\/\/ims.si\/hr\/wp-json\/wp\/v2\/users\/9"}],"replies":[{"embeddable":true,"href":"https:\/\/ims.si\/hr\/wp-json\/wp\/v2\/comments?post=3958"}],"version-history":[{"count":4,"href":"https:\/\/ims.si\/hr\/wp-json\/wp\/v2\/pages\/3958\/revisions"}],"predecessor-version":[{"id":3962,"href":"https:\/\/ims.si\/hr\/wp-json\/wp\/v2\/pages\/3958\/revisions\/3962"}],"wp:attachment":[{"href":"https:\/\/ims.si\/hr\/wp-json\/wp\/v2\/media?parent=3958"}],"curies":[{"name":"wp","href":"https:\/\/api.w.org\/{rel}","templated":true}]}}