{"id":3963,"date":"2023-05-08T14:24:33","date_gmt":"2023-05-08T13:24:33","guid":{"rendered":"http:\/\/157.230.97.219\/jamstevni-uvjeti\/"},"modified":"2023-05-25T14:17:45","modified_gmt":"2023-05-25T13:17:45","slug":"jamstevni-uvjeti","status":"publish","type":"page","link":"https:\/\/ims.si\/hr\/jamstevni-uvjeti\/","title":{"rendered":"Jamstevni uvjeti"},"content":{"rendered":"\t\t<div data-elementor-type=\"wp-page\" data-elementor-id=\"3963\" class=\"elementor elementor-3963 elementor-464\" data-elementor-post-type=\"page\">\n\t\t\t\t<div class=\"elementor-element elementor-element-5f31bf1 e-flex e-con-boxed e-con e-parent\" data-id=\"5f31bf1\" data-element_type=\"container\" data-e-type=\"container\">\n\t\t\t\t\t<div class=\"e-con-inner\">\n\t\t\t\t<div class=\"elementor-element elementor-element-c411c98 elementor-widget elementor-widget-heading\" data-id=\"c411c98\" data-element_type=\"widget\" data-e-type=\"widget\" data-widget_type=\"heading.default\">\n\t\t\t\t<div class=\"elementor-widget-container\">\n\t\t\t\t\t<h1 class=\"elementor-heading-title elementor-size-xl\">Jamstevni uvjeti<\/h1>\t\t\t\t<\/div>\n\t\t\t\t<\/div>\n\t\t\t\t\t<\/div>\n\t\t\t\t<\/div>\n\t\t<div class=\"elementor-element elementor-element-d97b7e9 e-flex e-con-boxed e-con e-parent\" data-id=\"d97b7e9\" data-element_type=\"container\" data-e-type=\"container\">\n\t\t\t\t\t<div class=\"e-con-inner\">\n\t\t<div class=\"elementor-element elementor-element-8ad94d7 e-con-full e-flex e-con e-parent\" data-id=\"8ad94d7\" data-element_type=\"container\" data-e-type=\"container\">\n\t\t\t\t<div class=\"elementor-element elementor-element-62ce8a6 elementor-widget elementor-widget-text-editor\" data-id=\"62ce8a6\" data-element_type=\"widget\" data-e-type=\"widget\" data-widget_type=\"text-editor.default\">\n\t\t\t\t<div class=\"elementor-widget-container\">\n\t\t\t\t\t\t\t\t\t<p>Jamstveni rok IMS MERILNI SISTEMI d.o.o. (u daljnjem tekstu distributer-dobavlja\u010d) po\u010dinje te\u0107i od datuma na ra\u010dunu-otpremnici.<\/p><p>Tijekom jamstvenog roka distributer \u0107e besplatno otkloniti nedostatke hardvera koji su posljedica nedostataka u materijalu ili u proizvodnji proizvoda.<\/p><p>Kupac je du\u017ean kvar odmah prijaviti distributeru i predati opremu koju reklamira uz pripadaju\u0107u dokumentaciju \u2013 ra\u010dun. Oprema mora biti isporu\u010dena u originalnom ili odgovaraju\u0107em pakiranju. Tro\u0161kove transporta do distributera snosi kupac.<\/p><p>Distributer zadr\u017eava pravo popravka ili zamjene zatra\u017eenih dijelova. Za popravke u trajanju do 30 dana, distributer prihva\u0107a produljenje jamstvenog roka. Ako distributer ne mo\u017ee otkloniti kvar u roku od 45 (\u010detrdesetpet) dana, du\u017ean je proizvod zamijeniti novim. Distributer nije odgovoran ako ne pru\u017ei uslugu ili dijelove zbog razloga koji su izvan njegove kontrole. Distributer nije du\u017ean zapo\u010deti s popravkom ili zamjenom proizvoda dok kupac ne podmiri sve obveze iz ugovora o kupnji opreme. Distributer osigurava i jam\u010di da je sav softver u skladu sa specifikacijama softvera. Bilo kakvo umno\u017eavanje ili posu\u0111ivanje softvera je zabranjeno.<\/p><p>Jamstvo ne vrijedi u sljede\u0107im slu\u010dajevima:<\/p><ul><li>Da se korisnik nije pridr\u017eavao uputa proizvo\u0111a\u010da za kori\u0161tenje ure\u0111aja.<\/li><li>Da je proizvod neovla\u0161teno mijenjan bez dopu\u0161tenja distributera.<\/li><li>U slu\u010daju vi\u0161e sile.<\/li><li>Da je uzrok kvara spojena oprema drugih proizvo\u0111a\u010da.<\/li><\/ul>\t\t\t\t\t\t\t\t<\/div>\n\t\t\t\t<\/div>\n\t\t<div class=\"elementor-element elementor-element-63bb9dc e-flex e-con-boxed e-con e-parent\" data-id=\"63bb9dc\" data-element_type=\"container\" data-e-type=\"container\">\n\t\t\t\t\t<div class=\"e-con-inner\">\n\t\t\t\t<div class=\"elementor-element elementor-element-82be55d elementor-widget__width-auto elementor-widget elementor-widget-text-editor\" data-id=\"82be55d\" data-element_type=\"widget\" data-e-type=\"widget\" data-widget_type=\"text-editor.default\">\n\t\t\t\t<div class=\"elementor-widget-container\">\n\t\t\t\t\t\t\t\t\t<h3>IMS MERILNI SISTEMI d.o.o.<\/h3>\n<p>Luka Dolenc \u2013 Direktor<br>Ljubljana, 1.1.2009<\/p>\t\t\t\t\t\t\t\t<\/div>\n\t\t\t\t<\/div>\n\t\t\t\t<div class=\"elementor-element elementor-element-1be2fcd elementor-widget__width-auto elementor-widget elementor-widget-image\" data-id=\"1be2fcd\" data-element_type=\"widget\" data-e-type=\"widget\" data-widget_type=\"image.default\">\n\t\t\t\t<div class=\"elementor-widget-container\">\n\t\t\t\t\t\t\t\t\t\t\t\t\t\t\t<img fetchpriority=\"high\" decoding=\"async\" width=\"300\" height=\"184\" src=\"https:\/\/ims.si\/wp-content\/uploads\/2023\/05\/podpis_splosni_pogoji-300x184.jpg\" class=\"attachment-medium size-medium wp-image-459\" alt=\"\" srcset=\"https:\/\/ims.si\/wp-content\/uploads\/2023\/05\/podpis_splosni_pogoji-300x184.jpg 300w, https:\/\/ims.si\/wp-content\/uploads\/2023\/05\/podpis_splosni_pogoji.jpg 500w\" sizes=\"(max-width: 300px) 100vw, 300px\" \/>\t\t\t\t\t\t\t\t\t\t\t\t\t\t\t<\/div>\n\t\t\t\t<\/div>\n\t\t\t\t\t<\/div>\n\t\t\t\t<\/div>\n\t\t\t\t<\/div>\n\t\t<div class=\"elementor-element elementor-element-47826e2 e-con-full e-flex e-con e-parent\" data-id=\"47826e2\" data-element_type=\"container\" data-e-type=\"container\">\n\t\t\t\t<\/div>\n\t\t\t\t\t<\/div>\n\t\t\t\t<\/div>\n\t\t\t\t<\/div>\n\t\t","protected":false},"excerpt":{"rendered":"<p>Jamstevni uvjeti Jamstveni rok IMS MERILNI SISTEMI d.o.o. (u daljnjem tekstu distributer-dobavlja\u010d) po\u010dinje te\u0107i od datuma na ra\u010dunu-otpremnici. Tijekom jamstvenog roka distributer \u0107e besplatno otkloniti nedostatke hardvera koji su posljedica nedostataka u materijalu ili u proizvodnji proizvoda. Kupac je du\u017ean kvar odmah prijaviti distributeru i predati opremu koju reklamira uz pripadaju\u0107u dokumentaciju \u2013 ra\u010dun. Oprema [&hellip;]<\/p>\n","protected":false},"author":2,"featured_media":0,"parent":0,"menu_order":9,"comment_status":"closed","ping_status":"closed","template":"elementor_theme","meta":{"content-type":"","footnotes":""},"class_list":["post-3963","page","type-page","status-publish","hentry"],"_links":{"self":[{"href":"https:\/\/ims.si\/hr\/wp-json\/wp\/v2\/pages\/3963","targetHints":{"allow":["GET"]}}],"collection":[{"href":"https:\/\/ims.si\/hr\/wp-json\/wp\/v2\/pages"}],"about":[{"href":"https:\/\/ims.si\/hr\/wp-json\/wp\/v2\/types\/page"}],"author":[{"embeddable":true,"href":"https:\/\/ims.si\/hr\/wp-json\/wp\/v2\/users\/2"}],"replies":[{"embeddable":true,"href":"https:\/\/ims.si\/hr\/wp-json\/wp\/v2\/comments?post=3963"}],"version-history":[{"count":4,"href":"https:\/\/ims.si\/hr\/wp-json\/wp\/v2\/pages\/3963\/revisions"}],"predecessor-version":[{"id":3967,"href":"https:\/\/ims.si\/hr\/wp-json\/wp\/v2\/pages\/3963\/revisions\/3967"}],"wp:attachment":[{"href":"https:\/\/ims.si\/hr\/wp-json\/wp\/v2\/media?parent=3963"}],"curies":[{"name":"wp","href":"https:\/\/api.w.org\/{rel}","templated":true}]}}