{"id":3996,"date":"2023-05-09T10:59:14","date_gmt":"2023-05-09T08:59:14","guid":{"rendered":"http:\/\/157.230.97.219\/izdelek\/noise-guard\/"},"modified":"2024-03-01T14:58:04","modified_gmt":"2024-03-01T14:58:04","slug":"noise-guard","status":"publish","type":"product","link":"https:\/\/ims.si\/hr\/izdelek\/noise-guard\/","title":{"rendered":"Noise Guard"},"content":{"rendered":"<p>&nbsp;<\/p>\n<p><img fetchpriority=\"high\" decoding=\"async\" class=\"alignnone wp-image-7345 size-large\" src=\"https:\/\/ims.si\/wp-content\/uploads\/2023\/05\/Noise_guard_vmesna_grafika-1024x398.jpeg\" alt=\"Noise Guard\" width=\"1024\" height=\"398\" srcset=\"https:\/\/ims.si\/wp-content\/uploads\/2023\/05\/Noise_guard_vmesna_grafika-1024x398.jpeg 1024w, https:\/\/ims.si\/wp-content\/uploads\/2023\/05\/Noise_guard_vmesna_grafika-300x117.jpeg 300w, https:\/\/ims.si\/wp-content\/uploads\/2023\/05\/Noise_guard_vmesna_grafika-768x299.jpeg 768w, https:\/\/ims.si\/wp-content\/uploads\/2023\/05\/Noise_guard_vmesna_grafika-1536x598.jpeg 1536w, https:\/\/ims.si\/wp-content\/uploads\/2023\/05\/Noise_guard_vmesna_grafika-2048x797.jpeg 2048w, https:\/\/ims.si\/wp-content\/uploads\/2023\/05\/Noise_guard_vmesna_grafika-600x233.jpeg 600w\" sizes=\"(max-width: 1024px) 100vw, 1024px\" \/><\/p>\n<p>Sa dodavanjem premium funkcija se mogu\u010dnost Noise Guard-a pro\u0161iruje, te vam omogu\u010dava generiranje izvje\u0161\u010da, arhiviranje podataka, dodavanje modula Marine Traffic, dostup do na\u0161eg Open-API su\u010delja, te mogu\u010dnost da server samostalno i privatno vi uzdr\u017eavate.<\/p>\n<p>Novo samostalno rje\u0161enje za kontinuirano ili povremeno pra\u0107enje buke. Osim podataka o buci, istovremeno se bilje\u017ee i vremenski podaci (brzina i smjer vjetra, temperatura, vla\u017enost zraka i tlak zraka). Rje\u0161enje smo osmislili na takav na\u010din da \u0107emo u budu\u0107nosti mo\u0107i podr\u017eati i prikupljanje drugih podataka o okoli\u0161u, poput naoblake i one\u010di\u0161\u0107enja zraka.<\/p>\n<p>Noise Guard je namijenjen za:<\/p>\n<ul>\n<li>Mjerenje i izra\u010dun buke u okoli\u0161u za potrebe izvje\u0161\u0107ivanja ili kalibracije mapa buke.<\/li>\n<li>Samostalno pra\u0107enje buke ili povezano sa sustavom za pra\u0107enje kvalitete zraka.<\/li>\n<li>Pra\u0107enje buke na gradili\u0161tima radi osiguranja uskla\u0111enosti s propisima.<\/li>\n<li>Pra\u0107enje posebnih doga\u0111aja i upozoravanje na prekomjernu buku.<\/li>\n<\/ul>\n","protected":false},"excerpt":{"rendered":"<p>Noise Guard je jednostavno i isplativo rje\u0161enje za nadzor buke u okoli\u0161u. Sustav se temelji na mjera\u010du zvuka Br\u00fcel &amp; Kj\u00e6r tip 2255 i omogu\u0107uje kontinuirana i periodi\u010dna mjerenja osnovnih parametara zvuka i izra\u010dun indikatora buke u okoli\u0161u.<\/p>\n<p><a class=\"btn\" href=\"https:\/\/www.noise-guard.com\/\" target=\"_blank\" rel=\"noopener\">Vi\u0161e informacija (ang.)<\/a><\/p>\n","protected":false},"featured_media":5544,"template":"","meta":{"content-type":""},"product_brand":[],"product_cat":[139],"product_tag":[104,110,112],"class_list":{"0":"post-3996","1":"product","2":"type-product","3":"status-publish","4":"has-post-thumbnail","6":"product_cat-monitoring-sistemi-hr","7":"product_tag-buka-u-okolisu","8":"product_tag-medicina-hr","9":"product_tag-noiseguard-hr","11":"first","12":"instock","13":"featured","14":"shipping-taxable","15":"product-type-simple"},"_links":{"self":[{"href":"https:\/\/ims.si\/hr\/wp-json\/wp\/v2\/product\/3996","targetHints":{"allow":["GET"]}}],"collection":[{"href":"https:\/\/ims.si\/hr\/wp-json\/wp\/v2\/product"}],"about":[{"href":"https:\/\/ims.si\/hr\/wp-json\/wp\/v2\/types\/product"}],"version-history":[{"count":1,"href":"https:\/\/ims.si\/hr\/wp-json\/wp\/v2\/product\/3996\/revisions"}],"predecessor-version":[{"id":3997,"href":"https:\/\/ims.si\/hr\/wp-json\/wp\/v2\/product\/3996\/revisions\/3997"}],"wp:featuredmedia":[{"embeddable":true,"href":"https:\/\/ims.si\/hr\/wp-json\/wp\/v2\/media\/5544"}],"wp:attachment":[{"href":"https:\/\/ims.si\/hr\/wp-json\/wp\/v2\/media?parent=3996"}],"wp:term":[{"taxonomy":"product_brand","embeddable":true,"href":"https:\/\/ims.si\/hr\/wp-json\/wp\/v2\/product_brand?post=3996"},{"taxonomy":"product_cat","embeddable":true,"href":"https:\/\/ims.si\/hr\/wp-json\/wp\/v2\/product_cat?post=3996"},{"taxonomy":"product_tag","embeddable":true,"href":"https:\/\/ims.si\/hr\/wp-json\/wp\/v2\/product_tag?post=3996"}],"curies":[{"name":"wp","href":"https:\/\/api.w.org\/{rel}","templated":true}]}}