{"id":3998,"date":"2023-05-17T09:11:08","date_gmt":"2023-05-17T07:11:08","guid":{"rendered":"http:\/\/157.230.97.219\/izdelek\/sparc\/"},"modified":"2024-03-11T09:19:14","modified_gmt":"2024-03-11T09:19:14","slug":"sparc","status":"publish","type":"product","link":"https:\/\/ims.si\/hr\/izdelek\/sparc\/","title":{"rendered":"SPARC"},"content":{"rendered":"<p><img fetchpriority=\"high\" decoding=\"async\" class=\"alignnone wp-image-7351 size-large\" src=\"https:\/\/ims.si\/wp-content\/uploads\/2023\/05\/Sparc_vmesna_grafika-1024x398.jpeg\" alt=\"SPARC\" width=\"1024\" height=\"398\" srcset=\"https:\/\/ims.si\/wp-content\/uploads\/2023\/05\/Sparc_vmesna_grafika-1024x398.jpeg 1024w, https:\/\/ims.si\/wp-content\/uploads\/2023\/05\/Sparc_vmesna_grafika-300x117.jpeg 300w, https:\/\/ims.si\/wp-content\/uploads\/2023\/05\/Sparc_vmesna_grafika-768x299.jpeg 768w, https:\/\/ims.si\/wp-content\/uploads\/2023\/05\/Sparc_vmesna_grafika-1536x598.jpeg 1536w, https:\/\/ims.si\/wp-content\/uploads\/2023\/05\/Sparc_vmesna_grafika-2048x797.jpeg 2048w, https:\/\/ims.si\/wp-content\/uploads\/2023\/05\/Sparc_vmesna_grafika-600x233.jpeg 600w\" sizes=\"(max-width: 1024px) 100vw, 1024px\" \/><\/p>\n<p>SPARC je jednostavno, fleksibilno i pouzdano rje\u0161enje za automatiziranu kalibraciju audiometara prema specifikacijama IEC i ANSI standarda.<\/p>\n<p>Osnova sustava je ru\u010dni analizator tipa 2250, koji obavlja zadatke u rasponu od osnovnih standardnih audiometarskih ispitivanja do naprednih i specijalnih testova. Sustav mo\u017ee kalibrirati slu\u0161alice, HF telefone i slu\u0161ne kostne vodi\u010de u skladu sa zahtjevima ISO 8253-1. Sustav se tako\u0111er mo\u017ee koristiti za kalibraciju slobodnog polja, potrebnog za audiometrijske ispitne sobe.<\/p>\n<p>SPARC je namijenjen za:<\/p>\n<ul>\n<li>Certifikacija audiometra, no sustav se prilago\u0111ava kako dnevnim potrebama bolnica i klinika, tako i potrebama kalibracijskih i mjeriteljskih laboratorija.<\/li>\n<li>Provedbu testnog postupka i raspolaganje podacima, uklju\u010duju\u0107i e-mail poruke.<\/li>\n<li>Ispitivanje provodnih mehanizama slu\u0161ne kosti.<\/li>\n<li>Prilago\u0111avanje formata izvje\u0161\u0107a o kalibraciji.<\/li>\n<li>Pra\u0107enje opreme za kalibraciju i datum kalibracije.<\/li>\n<li>Automatsku sinkronizaciju lokalne baze podataka s bazom podataka na odabranoj mre\u017ei (opcija).<\/li>\n<li>Dobivanje podataka slanjem upita za parametre od interesa.<\/li>\n<\/ul>\n","protected":false},"excerpt":{"rendered":"<p><span data-sheets-root=\"1\" data-sheets-value=\"{&quot;1&quot;:2,&quot;2&quot;:&quot;Naziv sustava ozna\u010dava \\&quot;Paket softvera za kalibraciju audiometra\\&quot; (Software Package for AudiometeR Calibration). SPARC je jednostavno, fleksibilno i pouzdano rje\u0161enje za automatiziranu kalibraciju audiometara prema specifikacijama IEC i ANSI standarda.&quot;}\" data-sheets-userformat=\"{&quot;2&quot;:897,&quot;3&quot;:{&quot;1&quot;:0},&quot;10&quot;:0,&quot;11&quot;:4,&quot;12&quot;:0}\">Naziv sustava ozna\u010dava &#8220;Paket softvera za kalibraciju audiometra&#8221; (Software Package for AudiometeR Calibration). SPARC je jednostavno, fleksibilno i pouzdano rje\u0161enje za automatiziranu kalibraciju audiometara prema specifikacijama IEC i ANSI standarda.<\/span><\/p>\n","protected":false},"featured_media":5547,"template":"","meta":{"content-type":""},"product_brand":[],"product_cat":[160],"product_tag":[98,104,106,110,116],"class_list":{"0":"post-3998","1":"product","2":"type-product","3":"status-publish","4":"has-post-thumbnail","6":"product_cat-kalibracija-audiometara","7":"product_tag-automotive-hr","8":"product_tag-buka-u-okolisu","9":"product_tag-industrija-hr","10":"product_tag-medicina-hr","11":"product_tag-sparc-hr","13":"first","14":"instock","15":"featured","16":"shipping-taxable","17":"product-type-simple"},"_links":{"self":[{"href":"https:\/\/ims.si\/hr\/wp-json\/wp\/v2\/product\/3998","targetHints":{"allow":["GET"]}}],"collection":[{"href":"https:\/\/ims.si\/hr\/wp-json\/wp\/v2\/product"}],"about":[{"href":"https:\/\/ims.si\/hr\/wp-json\/wp\/v2\/types\/product"}],"version-history":[{"count":1,"href":"https:\/\/ims.si\/hr\/wp-json\/wp\/v2\/product\/3998\/revisions"}],"predecessor-version":[{"id":3999,"href":"https:\/\/ims.si\/hr\/wp-json\/wp\/v2\/product\/3998\/revisions\/3999"}],"wp:featuredmedia":[{"embeddable":true,"href":"https:\/\/ims.si\/hr\/wp-json\/wp\/v2\/media\/5547"}],"wp:attachment":[{"href":"https:\/\/ims.si\/hr\/wp-json\/wp\/v2\/media?parent=3998"}],"wp:term":[{"taxonomy":"product_brand","embeddable":true,"href":"https:\/\/ims.si\/hr\/wp-json\/wp\/v2\/product_brand?post=3998"},{"taxonomy":"product_cat","embeddable":true,"href":"https:\/\/ims.si\/hr\/wp-json\/wp\/v2\/product_cat?post=3998"},{"taxonomy":"product_tag","embeddable":true,"href":"https:\/\/ims.si\/hr\/wp-json\/wp\/v2\/product_tag?post=3998"}],"curies":[{"name":"wp","href":"https:\/\/api.w.org\/{rel}","templated":true}]}}