{"id":4000,"date":"2023-05-17T09:20:40","date_gmt":"2023-05-17T07:20:40","guid":{"rendered":"http:\/\/157.230.97.219\/izdelek\/noise-patrol\/"},"modified":"2024-03-11T09:17:32","modified_gmt":"2024-03-11T09:17:32","slug":"noise-patrol","status":"publish","type":"product","link":"https:\/\/ims.si\/hr\/izdelek\/noise-patrol\/","title":{"rendered":"Noise Patrol"},"content":{"rendered":"<p><img fetchpriority=\"high\" decoding=\"async\" class=\"alignnone wp-image-7348 size-large\" src=\"https:\/\/ims.si\/wp-content\/uploads\/2023\/05\/Noise_patrol_vmesna_grafika-1024x398.jpeg\" alt=\"Noise Patrol\" width=\"1024\" height=\"398\" srcset=\"https:\/\/ims.si\/wp-content\/uploads\/2023\/05\/Noise_patrol_vmesna_grafika-1024x398.jpeg 1024w, https:\/\/ims.si\/wp-content\/uploads\/2023\/05\/Noise_patrol_vmesna_grafika-300x117.jpeg 300w, https:\/\/ims.si\/wp-content\/uploads\/2023\/05\/Noise_patrol_vmesna_grafika-768x299.jpeg 768w, https:\/\/ims.si\/wp-content\/uploads\/2023\/05\/Noise_patrol_vmesna_grafika-1536x598.jpeg 1536w, https:\/\/ims.si\/wp-content\/uploads\/2023\/05\/Noise_patrol_vmesna_grafika-2048x797.jpeg 2048w, https:\/\/ims.si\/wp-content\/uploads\/2023\/05\/Noise_patrol_vmesna_grafika-600x233.jpeg 600w\" sizes=\"(max-width: 1024px) 100vw, 1024px\" \/><\/p>\n<p>Noise Patrol je \u201csve-u-jednom\u201d sustav, a tako\u0111er je izuzetno jednostavan za kori\u0161tenje. Namijenjen je za automatsko mjerenje buke ispu\u0161nih sustava cestovnih vozila u stacionarnim uvjetima. Sustav ima integriranu detekciju brzine motora (sukladno sa 70\/157\/EEC i ISO 5130). Izrada i ispis izvje\u0161\u0107a mogu\u0107a je na licu mjesta.<\/p>\n<p>Noise Patrol je namijenjen za:<\/p>\n<ul>\n<li>Mjerenja razine buke ispu\u0161nih sustava automobila, kamiona, motocikala u stacionarnim uvjetima s integriranim sustavom za mjerenje broja okretaja.<\/li>\n<li>Policajce i ostale nadzornice zbog buke vozila.<\/li>\n<li>Proizvo\u0111a\u010de vozila koji provode zavr\u0161ne preglede prije otpreme.<\/li>\n<li>Slu\u010dajeve u kojima se mjerenje ne mo\u017ee izravno povezati s brojem okretaja motora. Broj okretaja motora odre\u0111uje se iz zvu\u010dnog signala buke auspuha.<\/li>\n<li>Mjerenje broja okretaja motora preko OBD 2 su\u010delja, su\u010delja External Tacho (AVL) i stezaljke induktivnog su\u010delja.<\/li>\n<li>Automatizacija mjernog procesa u skladu s ISO 5130.<\/li>\n<\/ul>\n","protected":false},"excerpt":{"rendered":"<p>Noise Patrol je jedinstveni sustav za mjerenje buke vozila i objektivnu procjenu buke u skladu s propisanim standardom. Vozila imaju propisani zvu\u010dni nivo pri odre\u0111enim okretajima, stoga je potrebna odgovaraju\u0107a metoda mjerenja. Kori\u0161tenjem pametnog ure\u0111aja, ovaj sustav zna\u010dajno olak\u0161ava i pove\u0107ava pouzdanost terenskih mjerenja.<\/p>\n","protected":false},"featured_media":5550,"template":"","meta":{"content-type":""},"product_brand":[],"product_cat":[161],"product_tag":[98,114,178],"class_list":{"0":"post-4000","1":"product","2":"type-product","3":"status-publish","4":"has-post-thumbnail","6":"product_cat-buka-ispuha","7":"product_tag-automotive-hr","8":"product_tag-noisepatrol-hr","9":"product_tag-zastita-na-radu","11":"first","12":"instock","13":"featured","14":"shipping-taxable","15":"product-type-simple"},"_links":{"self":[{"href":"https:\/\/ims.si\/hr\/wp-json\/wp\/v2\/product\/4000","targetHints":{"allow":["GET"]}}],"collection":[{"href":"https:\/\/ims.si\/hr\/wp-json\/wp\/v2\/product"}],"about":[{"href":"https:\/\/ims.si\/hr\/wp-json\/wp\/v2\/types\/product"}],"version-history":[{"count":1,"href":"https:\/\/ims.si\/hr\/wp-json\/wp\/v2\/product\/4000\/revisions"}],"predecessor-version":[{"id":4001,"href":"https:\/\/ims.si\/hr\/wp-json\/wp\/v2\/product\/4000\/revisions\/4001"}],"wp:featuredmedia":[{"embeddable":true,"href":"https:\/\/ims.si\/hr\/wp-json\/wp\/v2\/media\/5550"}],"wp:attachment":[{"href":"https:\/\/ims.si\/hr\/wp-json\/wp\/v2\/media?parent=4000"}],"wp:term":[{"taxonomy":"product_brand","embeddable":true,"href":"https:\/\/ims.si\/hr\/wp-json\/wp\/v2\/product_brand?post=4000"},{"taxonomy":"product_cat","embeddable":true,"href":"https:\/\/ims.si\/hr\/wp-json\/wp\/v2\/product_cat?post=4000"},{"taxonomy":"product_tag","embeddable":true,"href":"https:\/\/ims.si\/hr\/wp-json\/wp\/v2\/product_tag?post=4000"}],"curies":[{"name":"wp","href":"https:\/\/api.w.org\/{rel}","templated":true}]}}