{"id":4002,"date":"2023-05-17T09:54:04","date_gmt":"2023-05-17T07:54:04","guid":{"rendered":"http:\/\/157.230.97.219\/izdelek\/bk-tip-2255\/"},"modified":"2024-02-28T12:21:00","modified_gmt":"2024-02-28T12:21:00","slug":"bk-tip-2255","status":"publish","type":"product","link":"https:\/\/ims.si\/hr\/izdelek\/bk-tip-2255\/","title":{"rendered":"Mjera\u010d zvuka 2255"},"content":{"rendered":"<p>Iako se instrument mo\u017ee koristiti kao samostalni ure\u0111aj za mjerenje buke, ovaj instrument besprijekorno sura\u0111uje s posebno dizajniranim mobilnim aplikacijama, PC softverom i ima otvoreno API su\u010delje, donose\u0107i potpuno novu razinu u\u010dinkovitosti i kontrole.<\/p>\n","protected":false},"excerpt":{"rendered":"<p>HBK 2255 mjera\u010d razine zvuka dostupan je u \u0161est verzija, pri \u010demu je svaka dizajnirana s posebnim zna\u010dajkama za mjerenje i kontrolu buke automobila, buke u okoli\u0161u, buke na radnom mjestu, buku proizvoda, buke u gradbeni\u0161tvu, kao i osnovna verzija, koja podr\u017eava op\u0107enite potrebe mjerenja.<\/p>\n<p><a class=\"btn\" href=\"https:\/\/www.bksv.com\/en\/instruments\/handheld\/sound-level-meters\/2255-series\" target=\"_blank\" rel=\"noopener\">Vi\u0161e informacija (ang.)<\/a><\/p>\n","protected":false},"featured_media":4944,"template":"","meta":{"content-type":""},"product_brand":[],"product_cat":[133],"product_tag":[104,102,178],"class_list":{"0":"post-4002","1":"product","2":"type-product","3":"status-publish","4":"has-post-thumbnail","6":"product_cat-napredni-hr","7":"product_tag-buka-u-okolisu","8":"product_tag-hottinger-bruel-kjaer-hr","9":"product_tag-zastita-na-radu","11":"first","12":"instock","13":"featured","14":"shipping-taxable","15":"product-type-simple"},"_links":{"self":[{"href":"https:\/\/ims.si\/hr\/wp-json\/wp\/v2\/product\/4002","targetHints":{"allow":["GET"]}}],"collection":[{"href":"https:\/\/ims.si\/hr\/wp-json\/wp\/v2\/product"}],"about":[{"href":"https:\/\/ims.si\/hr\/wp-json\/wp\/v2\/types\/product"}],"version-history":[{"count":1,"href":"https:\/\/ims.si\/hr\/wp-json\/wp\/v2\/product\/4002\/revisions"}],"predecessor-version":[{"id":4003,"href":"https:\/\/ims.si\/hr\/wp-json\/wp\/v2\/product\/4002\/revisions\/4003"}],"wp:featuredmedia":[{"embeddable":true,"href":"https:\/\/ims.si\/hr\/wp-json\/wp\/v2\/media\/4944"}],"wp:attachment":[{"href":"https:\/\/ims.si\/hr\/wp-json\/wp\/v2\/media?parent=4002"}],"wp:term":[{"taxonomy":"product_brand","embeddable":true,"href":"https:\/\/ims.si\/hr\/wp-json\/wp\/v2\/product_brand?post=4002"},{"taxonomy":"product_cat","embeddable":true,"href":"https:\/\/ims.si\/hr\/wp-json\/wp\/v2\/product_cat?post=4002"},{"taxonomy":"product_tag","embeddable":true,"href":"https:\/\/ims.si\/hr\/wp-json\/wp\/v2\/product_tag?post=4002"}],"curies":[{"name":"wp","href":"https:\/\/api.w.org\/{rel}","templated":true}]}}