{"id":7161,"date":"2023-05-29T10:50:56","date_gmt":"2023-05-29T08:50:56","guid":{"rendered":"http:\/\/157.230.97.219\/izdelek\/noise-guard-iot\/"},"modified":"2024-08-21T10:04:09","modified_gmt":"2024-08-21T08:04:09","slug":"noise-guard-iot","status":"publish","type":"product","link":"https:\/\/ims.si\/hr\/izdelek\/noise-guard-iot\/","title":{"rendered":"Noise Guard IoT"},"content":{"rendered":"<p><span data-sheets-root=\"1\" data-sheets-value=\"{&quot;1&quot;:2,&quot;2&quot;:&quot;Noise Guard IoT je ekonomi\u010dno rje\u0161enje klase 2 za nadzor buke u okoli\u0161u. Dizajnirano s inicijativom \\&quot;Pametnih gradova\\&quot; na umu, ovo jednostavno, ali mo\u0107no rje\u0161enje omogu\u0107uje kontinuirana i periodi\u010dna mjerenja osnovnih zvu\u010dnih parametara, uz izra\u010dunavanje pokazatelja buke u okoli\u0161u. Sa dodavanjem premium funkcija se mogu\u010dnost Noise Guard-a pro\u0161iruje, te vam omogu\u010dava generiranje izvje\u0161\u010da, arhiviranje podataka, dodavanje modula Marine Traffic, dostup do na\u0161eg Open-API su\u010delja, te mogu\u010dnost da server samostalno i privatno vi uzdr\u017eavate. &quot;}\" data-sheets-userformat=\"{&quot;2&quot;:897,&quot;3&quot;:{&quot;1&quot;:0},&quot;10&quot;:0,&quot;11&quot;:4,&quot;12&quot;:0}\">Dizajnirano s inicijativom &#8220;Pametnih gradova&#8221; na umu, ovo jednostavno, ali mo\u0107no rje\u0161enje omogu\u0107uje kontinuirana i periodi\u010dna mjerenja osnovnih zvu\u010dnih parametara, uz izra\u010dunavanje pokazatelja buke u okoli\u0161u. Sa dodavanjem premium funkcija se mogu\u010dnost Noise Guard-a pro\u0161iruje, te vam omogu\u010dava generiranje izvje\u0161\u010da, arhiviranje podataka, dodavanje modula Marine Traffic, dostup do na\u0161eg Open-API su\u010delja, te mogu\u010dnost da server samostalno i privatno vi uzdr\u017eavate.<\/span><\/p>\n","protected":false},"excerpt":{"rendered":"<p><span data-sheets-root=\"1\" data-sheets-value=\"{&quot;1&quot;:2,&quot;2&quot;:&quot;Noise Guard IoT je ekonomi\u010dno rje\u0161enje klase 2 za nadzor buke u okoli\u0161u. Dizajnirano s inicijativom \\&quot;Pametnih gradova\\&quot; na umu, ovo jednostavno, ali mo\u0107no rje\u0161enje omogu\u0107uje kontinuirana i periodi\u010dna mjerenja osnovnih zvu\u010dnih parametara, uz izra\u010dunavanje pokazatelja buke u okoli\u0161u. Sa dodavanjem premium funkcija se mogu\u010dnost Noise Guard-a pro\u0161iruje, te vam omogu\u010dava generiranje izvje\u0161\u010da, arhiviranje podataka, dodavanje modula Marine Traffic, dostup do na\u0161eg Open-API su\u010delja, te mogu\u010dnost da server samostalno i privatno vi uzdr\u017eavate. &quot;}\" data-sheets-userformat=\"{&quot;2&quot;:897,&quot;3&quot;:{&quot;1&quot;:0},&quot;10&quot;:0,&quot;11&quot;:4,&quot;12&quot;:0}\">Noise Guard IoT je ekonomi\u010dno rje\u0161enje klase 2 za nadzor buke u okoli\u0161u.\u00a0<\/span><\/p>\n","protected":false},"featured_media":7637,"template":"","meta":{"content-type":""},"product_brand":[],"product_cat":[139],"product_tag":[104,101,112],"class_list":{"0":"post-7161","1":"product","2":"type-product","3":"status-publish","4":"has-post-thumbnail","6":"product_cat-monitoring-sistemi-hr","7":"product_tag-buka-u-okolisu","8":"product_tag-gradevinstvo","9":"product_tag-noiseguard-hr","11":"first","12":"instock","13":"featured","14":"shipping-taxable","15":"product-type-simple"},"_links":{"self":[{"href":"https:\/\/ims.si\/hr\/wp-json\/wp\/v2\/product\/7161","targetHints":{"allow":["GET"]}}],"collection":[{"href":"https:\/\/ims.si\/hr\/wp-json\/wp\/v2\/product"}],"about":[{"href":"https:\/\/ims.si\/hr\/wp-json\/wp\/v2\/types\/product"}],"version-history":[{"count":1,"href":"https:\/\/ims.si\/hr\/wp-json\/wp\/v2\/product\/7161\/revisions"}],"predecessor-version":[{"id":7162,"href":"https:\/\/ims.si\/hr\/wp-json\/wp\/v2\/product\/7161\/revisions\/7162"}],"wp:featuredmedia":[{"embeddable":true,"href":"https:\/\/ims.si\/hr\/wp-json\/wp\/v2\/media\/7637"}],"wp:attachment":[{"href":"https:\/\/ims.si\/hr\/wp-json\/wp\/v2\/media?parent=7161"}],"wp:term":[{"taxonomy":"product_brand","embeddable":true,"href":"https:\/\/ims.si\/hr\/wp-json\/wp\/v2\/product_brand?post=7161"},{"taxonomy":"product_cat","embeddable":true,"href":"https:\/\/ims.si\/hr\/wp-json\/wp\/v2\/product_cat?post=7161"},{"taxonomy":"product_tag","embeddable":true,"href":"https:\/\/ims.si\/hr\/wp-json\/wp\/v2\/product_tag?post=7161"}],"curies":[{"name":"wp","href":"https:\/\/api.w.org\/{rel}","templated":true}]}}