{"id":7163,"date":"2023-06-01T09:45:00","date_gmt":"2023-06-01T07:45:00","guid":{"rendered":"http:\/\/157.230.97.219\/izdelek\/lan-xi\/"},"modified":"2024-02-28T11:43:07","modified_gmt":"2024-02-28T11:43:07","slug":"lan-xi","status":"publish","type":"product","link":"https:\/\/ims.si\/hr\/izdelek\/lan-xi\/","title":{"rendered":"Lan XI"},"content":{"rendered":"<p>Sinkronizacija uzorka, te kori\u0161tenje protokola preciznog vremena (PTP) i GPS-a, vam omogu\u0107uje izgradnju distribuiranog sustava za prikupljanje podataka, temeljenog na vi\u0161e &#8220;front end-a&#8221;, i idealan je hardver za BK Connect, PULSE LabShop, Sonoscout i Test for I-deas.<\/p>\n","protected":false},"excerpt":{"rendered":"<p>LAN-XI DAQ hardver je svestrani sustav modula, okvira, ulaznih i izlaznih modula te prednjih panela. Mo\u017eete koristiti pojedina\u010dni modul kao samostalni &#8220;front end&#8221; za prikupljanje podataka ili spojiti vi\u0161e modula u okvir kako biste pove\u0107ali broj kanala.<\/p>\n<p><a class=\"btn\" href=\"https:\/\/www.bksv.com\/en\/instruments\/daq-data-acquisition\/lan-xi-daq-system\/daq-modules\" target=\"_blank\" rel=\"noopener\">Vi\u0161e informacija (ang.)<\/a><\/p>\n","protected":false},"featured_media":5260,"template":"","meta":{"content-type":""},"product_brand":[],"product_cat":[177],"product_tag":[102,106],"class_list":{"0":"post-7163","1":"product","2":"type-product","3":"status-publish","4":"has-post-thumbnail","6":"product_cat-prikupljanje-podataka","7":"product_tag-hottinger-bruel-kjaer-hr","8":"product_tag-industrija-hr","10":"first","11":"instock","12":"shipping-taxable","13":"product-type-simple"},"_links":{"self":[{"href":"https:\/\/ims.si\/hr\/wp-json\/wp\/v2\/product\/7163","targetHints":{"allow":["GET"]}}],"collection":[{"href":"https:\/\/ims.si\/hr\/wp-json\/wp\/v2\/product"}],"about":[{"href":"https:\/\/ims.si\/hr\/wp-json\/wp\/v2\/types\/product"}],"version-history":[{"count":1,"href":"https:\/\/ims.si\/hr\/wp-json\/wp\/v2\/product\/7163\/revisions"}],"predecessor-version":[{"id":7164,"href":"https:\/\/ims.si\/hr\/wp-json\/wp\/v2\/product\/7163\/revisions\/7164"}],"wp:featuredmedia":[{"embeddable":true,"href":"https:\/\/ims.si\/hr\/wp-json\/wp\/v2\/media\/5260"}],"wp:attachment":[{"href":"https:\/\/ims.si\/hr\/wp-json\/wp\/v2\/media?parent=7163"}],"wp:term":[{"taxonomy":"product_brand","embeddable":true,"href":"https:\/\/ims.si\/hr\/wp-json\/wp\/v2\/product_brand?post=7163"},{"taxonomy":"product_cat","embeddable":true,"href":"https:\/\/ims.si\/hr\/wp-json\/wp\/v2\/product_cat?post=7163"},{"taxonomy":"product_tag","embeddable":true,"href":"https:\/\/ims.si\/hr\/wp-json\/wp\/v2\/product_tag?post=7163"}],"curies":[{"name":"wp","href":"https:\/\/api.w.org\/{rel}","templated":true}]}}