{"id":7165,"date":"2023-06-01T09:44:07","date_gmt":"2023-06-01T07:44:07","guid":{"rendered":"http:\/\/157.230.97.219\/izdelek\/lan-xi-light\/"},"modified":"2024-02-28T11:53:13","modified_gmt":"2024-02-28T11:53:13","slug":"lan-xi-light","status":"publish","type":"product","link":"https:\/\/ims.si\/hr\/izdelek\/lan-xi-light\/","title":{"rendered":"Lan XI &#8211; Light"},"content":{"rendered":"<p>Svi LAN-XI Light moduli mogu se koristiti zajedno s Baterijskim modulom tipa 2831 i Be\u017ei\u010dnim LAN okvirom tipa 3660-A kako bi se stvorio prijenosni, &#8220;remote&#8221; snima\u010d.<\/p>\n","protected":false},"excerpt":{"rendered":"<p>LAN-XI Light moduli su robusne jedinice za prikupljanje podataka koje snimaju vremenske podatke s do \u010detiri kanala i idealno su prilago\u0111eni za upotrebu s BK Connect Appletima.<\/p>\n<p><a class=\"btn\" href=\"https:\/\/www.bksv.com\/en\/instruments\/daq-data-acquisition\/lan-xi-daq-system\/lan-xi-light\" target=\"_blank\" rel=\"noopener\">Vi\u0161e informacija (ang.)<\/a><\/p>\n","protected":false},"featured_media":5269,"template":"","meta":{"content-type":""},"product_brand":[],"product_cat":[177],"product_tag":[102,106],"class_list":{"0":"post-7165","1":"product","2":"type-product","3":"status-publish","4":"has-post-thumbnail","6":"product_cat-prikupljanje-podataka","7":"product_tag-hottinger-bruel-kjaer-hr","8":"product_tag-industrija-hr","10":"first","11":"instock","12":"shipping-taxable","13":"product-type-simple"},"_links":{"self":[{"href":"https:\/\/ims.si\/hr\/wp-json\/wp\/v2\/product\/7165","targetHints":{"allow":["GET"]}}],"collection":[{"href":"https:\/\/ims.si\/hr\/wp-json\/wp\/v2\/product"}],"about":[{"href":"https:\/\/ims.si\/hr\/wp-json\/wp\/v2\/types\/product"}],"version-history":[{"count":1,"href":"https:\/\/ims.si\/hr\/wp-json\/wp\/v2\/product\/7165\/revisions"}],"predecessor-version":[{"id":7166,"href":"https:\/\/ims.si\/hr\/wp-json\/wp\/v2\/product\/7165\/revisions\/7166"}],"wp:featuredmedia":[{"embeddable":true,"href":"https:\/\/ims.si\/hr\/wp-json\/wp\/v2\/media\/5269"}],"wp:attachment":[{"href":"https:\/\/ims.si\/hr\/wp-json\/wp\/v2\/media?parent=7165"}],"wp:term":[{"taxonomy":"product_brand","embeddable":true,"href":"https:\/\/ims.si\/hr\/wp-json\/wp\/v2\/product_brand?post=7165"},{"taxonomy":"product_cat","embeddable":true,"href":"https:\/\/ims.si\/hr\/wp-json\/wp\/v2\/product_cat?post=7165"},{"taxonomy":"product_tag","embeddable":true,"href":"https:\/\/ims.si\/hr\/wp-json\/wp\/v2\/product_tag?post=7165"}],"curies":[{"name":"wp","href":"https:\/\/api.w.org\/{rel}","templated":true}]}}