{"id":7171,"date":"2023-06-14T09:57:20","date_gmt":"2023-06-14T07:57:20","guid":{"rendered":"http:\/\/157.230.97.219\/izdelek\/mjerac-zvuka-2245\/"},"modified":"2024-02-28T12:10:27","modified_gmt":"2024-02-28T12:10:27","slug":"mjerac-zvuka-2245","status":"publish","type":"product","link":"https:\/\/ims.si\/hr\/izdelek\/mjerac-zvuka-2245\/","title":{"rendered":"Mjera\u010d zvuka 2245"},"content":{"rendered":"<p><span data-sheets-root=\"1\" data-sheets-value=\"{&quot;1&quot;:2,&quot;2&quot;:&quot;B&amp;K 2245 mjera\u010d razine zvuka dostupan je u pet verzija, pri \u010demu je svaka dizajnirana s posebnim zna\u010dajkama za mjerenje i kontrolu buke automobila, buke u okoli\u0161u, buke na radnom mjestu, buku proizvoda, kao i osnovna verzija, koja podr\u017eava op\u0107enite potrebe mjerenja. Iako se instrument mo\u017ee koristiti kao samostalni ure\u0111aj za mjerenje buke, ovaj instrument besprijekorno sura\u0111uje s posebno dizajniranim mobilnim aplikacijama, PC softverom i ima otvoreno API su\u010delje, donose\u0107i potpuno novu razinu u\u010dinkovitosti i kontrole.&quot;}\" data-sheets-userformat=\"{&quot;2&quot;:897,&quot;3&quot;:{&quot;1&quot;:0},&quot;10&quot;:0,&quot;11&quot;:4,&quot;12&quot;:0}\">Iako se instrument mo\u017ee koristiti kao samostalni ure\u0111aj za mjerenje buke, ovaj instrument besprijekorno sura\u0111uje s posebno dizajniranim mobilnim aplikacijama, PC softverom i ima otvoreno API su\u010delje, donose\u0107i potpuno novu razinu u\u010dinkovitosti i kontrole.<\/span><\/p>\n","protected":false},"excerpt":{"rendered":"<p>B&amp;K 2245 mjera\u010d razine zvuka dostupan je u pet verzija, pri \u010demu je svaka dizajnirana s posebnim zna\u010dajkama za mjerenje i kontrolu buke automobila, buke u okoli\u0161u, buke na radnom mjestu, buku proizvoda, kao i osnovna verzija, koja podr\u017eava op\u0107enite potrebe mjerenja.<\/p>\n<p><a class=\"btn\" href=\"https:\/\/www.bksv.com\/en\/instruments\/handheld\/sound-level-meters\/2245-series\" target=\"_blank\" rel=\"noopener\">Vi\u0161e informacija (ang.)<\/a><\/p>\n","protected":false},"featured_media":4887,"template":"","meta":{"content-type":""},"product_brand":[],"product_cat":[130],"product_tag":[104,102,178],"class_list":{"0":"post-7171","1":"product","2":"type-product","3":"status-publish","4":"has-post-thumbnail","6":"product_cat-jednostavni","7":"product_tag-buka-u-okolisu","8":"product_tag-hottinger-bruel-kjaer-hr","9":"product_tag-zastita-na-radu","11":"first","12":"instock","13":"shipping-taxable","14":"product-type-simple"},"_links":{"self":[{"href":"https:\/\/ims.si\/hr\/wp-json\/wp\/v2\/product\/7171","targetHints":{"allow":["GET"]}}],"collection":[{"href":"https:\/\/ims.si\/hr\/wp-json\/wp\/v2\/product"}],"about":[{"href":"https:\/\/ims.si\/hr\/wp-json\/wp\/v2\/types\/product"}],"version-history":[{"count":1,"href":"https:\/\/ims.si\/hr\/wp-json\/wp\/v2\/product\/7171\/revisions"}],"predecessor-version":[{"id":7172,"href":"https:\/\/ims.si\/hr\/wp-json\/wp\/v2\/product\/7171\/revisions\/7172"}],"wp:featuredmedia":[{"embeddable":true,"href":"https:\/\/ims.si\/hr\/wp-json\/wp\/v2\/media\/4887"}],"wp:attachment":[{"href":"https:\/\/ims.si\/hr\/wp-json\/wp\/v2\/media?parent=7171"}],"wp:term":[{"taxonomy":"product_brand","embeddable":true,"href":"https:\/\/ims.si\/hr\/wp-json\/wp\/v2\/product_brand?post=7171"},{"taxonomy":"product_cat","embeddable":true,"href":"https:\/\/ims.si\/hr\/wp-json\/wp\/v2\/product_cat?post=7171"},{"taxonomy":"product_tag","embeddable":true,"href":"https:\/\/ims.si\/hr\/wp-json\/wp\/v2\/product_tag?post=7171"}],"curies":[{"name":"wp","href":"https:\/\/api.w.org\/{rel}","templated":true}]}}