{"id":7173,"date":"2023-05-29T11:24:35","date_gmt":"2023-05-29T09:24:35","guid":{"rendered":"http:\/\/157.230.97.219\/izdelek\/mjerac-zvuka-2270\/"},"modified":"2024-02-28T12:27:27","modified_gmt":"2024-02-28T12:27:27","slug":"mjerac-zvuka-2270","status":"publish","type":"product","link":"https:\/\/ims.si\/hr\/izdelek\/mjerac-zvuka-2270\/","title":{"rendered":"Mjera\u010d zvuka 2270"},"content":{"rendered":"<p>Ugra\u0111ena fleksibilnost ovih instrumenata omogu\u0107uje vam dodavanje aplikacija i hardvera kako biste pro\u0161irili njihove mogu\u0107nosti izvan dosega standardnog mjera\u010da razine zvuka, od za\u0161tite zdravlja i sigurnosti na radu do akustike zgrada i vremena odjeka, FFT analize, vibracija i analize niskih frekvencija, pa \u010dak do mjerenja snage i intenziteta zvuka te identifikacije izvora buke.<\/p>\n","protected":false},"excerpt":{"rendered":"<p>Tip 2270-S mjera\u010d razine zvuka je kompaktni i izdr\u017eljivi mjera\u010d zvuka klase 1 sa svim mogu\u0107nostima tipova 2250-S i -2250-W &#8211; ali s dva kanala.<\/p>\n<p><a class=\"btn\" href=\"https:\/\/www.bksv.com\/en\/instruments\/handheld\/sound-level-meters\/2270-series\/type-2270-s\" target=\"_blank\" rel=\"noopener\">Vi\u0161e informacija (ang.)<\/a><\/p>\n","protected":false},"featured_media":4911,"template":"","meta":{"content-type":""},"product_brand":[],"product_cat":[133],"product_tag":[104,101,102,178],"class_list":{"0":"post-7173","1":"product","2":"type-product","3":"status-publish","4":"has-post-thumbnail","6":"product_cat-napredni-hr","7":"product_tag-buka-u-okolisu","8":"product_tag-gradevinstvo","9":"product_tag-hottinger-bruel-kjaer-hr","10":"product_tag-zastita-na-radu","12":"first","13":"instock","14":"shipping-taxable","15":"product-type-simple"},"_links":{"self":[{"href":"https:\/\/ims.si\/hr\/wp-json\/wp\/v2\/product\/7173","targetHints":{"allow":["GET"]}}],"collection":[{"href":"https:\/\/ims.si\/hr\/wp-json\/wp\/v2\/product"}],"about":[{"href":"https:\/\/ims.si\/hr\/wp-json\/wp\/v2\/types\/product"}],"version-history":[{"count":0,"href":"https:\/\/ims.si\/hr\/wp-json\/wp\/v2\/product\/7173\/revisions"}],"wp:featuredmedia":[{"embeddable":true,"href":"https:\/\/ims.si\/hr\/wp-json\/wp\/v2\/media\/4911"}],"wp:attachment":[{"href":"https:\/\/ims.si\/hr\/wp-json\/wp\/v2\/media?parent=7173"}],"wp:term":[{"taxonomy":"product_brand","embeddable":true,"href":"https:\/\/ims.si\/hr\/wp-json\/wp\/v2\/product_brand?post=7173"},{"taxonomy":"product_cat","embeddable":true,"href":"https:\/\/ims.si\/hr\/wp-json\/wp\/v2\/product_cat?post=7173"},{"taxonomy":"product_tag","embeddable":true,"href":"https:\/\/ims.si\/hr\/wp-json\/wp\/v2\/product_tag?post=7173"}],"curies":[{"name":"wp","href":"https:\/\/api.w.org\/{rel}","templated":true}]}}