{"id":7174,"date":"2023-05-29T11:25:08","date_gmt":"2023-05-29T10:25:08","guid":{"rendered":"http:\/\/157.230.97.219\/izdelek\/dozimetar-4448\/"},"modified":"2024-02-28T12:39:54","modified_gmt":"2024-02-28T12:39:54","slug":"dozimetar-4448","status":"publish","type":"product","link":"https:\/\/ims.si\/hr\/izdelek\/dozimetar-4448\/","title":{"rendered":"Dozimetar 4448"},"content":{"rendered":"<p><img fetchpriority=\"high\" decoding=\"async\" class=\"alignright wp-image-4560 size-medium\" src=\"https:\/\/ims.si\/wp-content\/uploads\/2023\/05\/4448_mounted-600x644-1-280x300.jpg\" alt=\"\" width=\"280\" height=\"300\" \/>Obi\u010dno se koristi za mjerenje koli\u010dine buke kojoj je pojedinac izlo\u017een tijekom svog radnog vremena.<\/p>\n","protected":false},"excerpt":{"rendered":"<p>Dozimetar pru\u017ea jednostavno, ali u\u010dinkovito rje\u0161enje za procjenu izlo\u017eenosti buci i sprje\u010davanje gubitka sluha u radnom okru\u017eenju.<\/p>\n","protected":false},"featured_media":4890,"template":"","meta":{"content-type":""},"product_brand":[],"product_cat":[128],"product_tag":[102,178],"class_list":{"0":"post-7174","1":"product","2":"type-product","3":"status-publish","4":"has-post-thumbnail","6":"product_cat-dozimetri-hr","7":"product_tag-hottinger-bruel-kjaer-hr","8":"product_tag-zastita-na-radu","10":"first","11":"instock","12":"shipping-taxable","13":"product-type-simple"},"_links":{"self":[{"href":"https:\/\/ims.si\/hr\/wp-json\/wp\/v2\/product\/7174","targetHints":{"allow":["GET"]}}],"collection":[{"href":"https:\/\/ims.si\/hr\/wp-json\/wp\/v2\/product"}],"about":[{"href":"https:\/\/ims.si\/hr\/wp-json\/wp\/v2\/types\/product"}],"version-history":[{"count":0,"href":"https:\/\/ims.si\/hr\/wp-json\/wp\/v2\/product\/7174\/revisions"}],"wp:featuredmedia":[{"embeddable":true,"href":"https:\/\/ims.si\/hr\/wp-json\/wp\/v2\/media\/4890"}],"wp:attachment":[{"href":"https:\/\/ims.si\/hr\/wp-json\/wp\/v2\/media?parent=7174"}],"wp:term":[{"taxonomy":"product_brand","embeddable":true,"href":"https:\/\/ims.si\/hr\/wp-json\/wp\/v2\/product_brand?post=7174"},{"taxonomy":"product_cat","embeddable":true,"href":"https:\/\/ims.si\/hr\/wp-json\/wp\/v2\/product_cat?post=7174"},{"taxonomy":"product_tag","embeddable":true,"href":"https:\/\/ims.si\/hr\/wp-json\/wp\/v2\/product_tag?post=7174"}],"curies":[{"name":"wp","href":"https:\/\/api.w.org\/{rel}","templated":true}]}}