{"id":7175,"date":"2023-05-29T11:27:32","date_gmt":"2023-05-29T10:27:32","guid":{"rendered":"http:\/\/157.230.97.219\/izdelek\/akcelerometar-8230-002\/"},"modified":"2024-02-28T12:50:18","modified_gmt":"2024-02-28T12:50:18","slug":"akcelerometar-8230-002","status":"publish","type":"product","link":"https:\/\/ims.si\/hr\/izdelek\/akcelerometar-8230-002\/","title":{"rendered":"Akcelerometar 8230-002"},"content":{"rendered":"<p>Dizajniran za mjerenja:<\/p>\n<ul>\n<li>Vu\u010dne i tla\u010dne sile<\/li>\n<li>Modalne ili procesne primjene<\/li>\n<\/ul>\n","protected":false},"excerpt":{"rendered":"<p>Tip 8230-002 je senzor sile s sastavnom elektronikom dizajniran za dinami\u010dka mjerenja sile, mjerenja sile kratkog trajanja i udarnih sila. Obi\u010dno se koristi za mjerenje primijenjenih sila u modalnim aplikacijama, na primjer, mjerenja sile izme\u0111u uzbu\u0111iva\u010da i testne strukture ili za op\u0107enamjenska mjerenja sile u procesnim aplikacijama.<\/p>\n<p><a class=\"btn\" href=\"https:\/\/www.bksv.com\/en\/transducers\/vibration\/force-transducers\/8230-002\" target=\"_blank\" rel=\"noopener\">Vi\u0161e informacija (ang.)<\/a><\/p>\n","protected":false},"featured_media":5256,"template":"","meta":{"content-type":""},"product_brand":[],"product_cat":[164],"product_tag":[102,106],"class_list":{"0":"post-7175","1":"product","2":"type-product","3":"status-publish","4":"has-post-thumbnail","6":"product_cat-force-hr","7":"product_tag-hottinger-bruel-kjaer-hr","8":"product_tag-industrija-hr","10":"first","11":"instock","12":"shipping-taxable","13":"product-type-simple"},"_links":{"self":[{"href":"https:\/\/ims.si\/hr\/wp-json\/wp\/v2\/product\/7175","targetHints":{"allow":["GET"]}}],"collection":[{"href":"https:\/\/ims.si\/hr\/wp-json\/wp\/v2\/product"}],"about":[{"href":"https:\/\/ims.si\/hr\/wp-json\/wp\/v2\/types\/product"}],"version-history":[{"count":0,"href":"https:\/\/ims.si\/hr\/wp-json\/wp\/v2\/product\/7175\/revisions"}],"wp:featuredmedia":[{"embeddable":true,"href":"https:\/\/ims.si\/hr\/wp-json\/wp\/v2\/media\/5256"}],"wp:attachment":[{"href":"https:\/\/ims.si\/hr\/wp-json\/wp\/v2\/media?parent=7175"}],"wp:term":[{"taxonomy":"product_brand","embeddable":true,"href":"https:\/\/ims.si\/hr\/wp-json\/wp\/v2\/product_brand?post=7175"},{"taxonomy":"product_cat","embeddable":true,"href":"https:\/\/ims.si\/hr\/wp-json\/wp\/v2\/product_cat?post=7175"},{"taxonomy":"product_tag","embeddable":true,"href":"https:\/\/ims.si\/hr\/wp-json\/wp\/v2\/product_tag?post=7175"}],"curies":[{"name":"wp","href":"https:\/\/api.w.org\/{rel}","templated":true}]}}