{"id":7176,"date":"2023-05-29T11:28:43","date_gmt":"2023-05-29T10:28:43","guid":{"rendered":"http:\/\/157.230.97.219\/izdelek\/akcelerometar-8231-c\/"},"modified":"2024-02-28T12:57:06","modified_gmt":"2024-02-28T12:57:06","slug":"akcelerometar-8231-c","status":"publish","type":"product","link":"https:\/\/ims.si\/hr\/izdelek\/akcelerometar-8231-c\/","title":{"rendered":"Akcelerometar 8231-C"},"content":{"rendered":"<p>Dizajniran za mjerenja:<\/p>\n<ul>\n<li>Vu\u010dne i tla\u010dne sile<\/li>\n<li>Modalne ili procesne primjene<\/li>\n<\/ul>\n","protected":false},"excerpt":{"rendered":"<p>Tip 8231 C je dizajniran za dinami\u010dka mjerenja sile, mjerenja sile kratkog trajanja i udarnih sila. Obi\u010dno se koristi za mjerenja sile s prekomjernim tla\u010dnim silama ili u situacijama gdje je potreban \u0161irok raspon tla\u010dnih sila. Veliki temperaturni raspon senzora \u010dini ga idealnim za primjene visokih temperatura, poput okoli\u0161nih testova.<\/p>\n<p><a class=\"btn\" href=\"https:\/\/www.bksv.com\/en\/transducers\/vibration\/force-transducers\/8231-c\" target=\"_blank\" rel=\"noopener\">Vi\u0161e informacija (ang.)<\/a><\/p>\n","protected":false},"featured_media":5253,"template":"","meta":{"content-type":""},"product_brand":[],"product_cat":[164],"product_tag":[102,106],"class_list":{"0":"post-7176","1":"product","2":"type-product","3":"status-publish","4":"has-post-thumbnail","6":"product_cat-force-hr","7":"product_tag-hottinger-bruel-kjaer-hr","8":"product_tag-industrija-hr","10":"first","11":"instock","12":"shipping-taxable","13":"product-type-simple"},"_links":{"self":[{"href":"https:\/\/ims.si\/hr\/wp-json\/wp\/v2\/product\/7176","targetHints":{"allow":["GET"]}}],"collection":[{"href":"https:\/\/ims.si\/hr\/wp-json\/wp\/v2\/product"}],"about":[{"href":"https:\/\/ims.si\/hr\/wp-json\/wp\/v2\/types\/product"}],"version-history":[{"count":0,"href":"https:\/\/ims.si\/hr\/wp-json\/wp\/v2\/product\/7176\/revisions"}],"wp:featuredmedia":[{"embeddable":true,"href":"https:\/\/ims.si\/hr\/wp-json\/wp\/v2\/media\/5253"}],"wp:attachment":[{"href":"https:\/\/ims.si\/hr\/wp-json\/wp\/v2\/media?parent=7176"}],"wp:term":[{"taxonomy":"product_brand","embeddable":true,"href":"https:\/\/ims.si\/hr\/wp-json\/wp\/v2\/product_brand?post=7176"},{"taxonomy":"product_cat","embeddable":true,"href":"https:\/\/ims.si\/hr\/wp-json\/wp\/v2\/product_cat?post=7176"},{"taxonomy":"product_tag","embeddable":true,"href":"https:\/\/ims.si\/hr\/wp-json\/wp\/v2\/product_tag?post=7176"}],"curies":[{"name":"wp","href":"https:\/\/api.w.org\/{rel}","templated":true}]}}