{"id":7180,"date":"2023-05-29T11:29:23","date_gmt":"2023-05-29T10:29:23","guid":{"rendered":"http:\/\/157.230.97.219\/izdelek\/pospeskomer-8001\/"},"modified":"2024-02-28T13:40:15","modified_gmt":"2024-02-28T13:40:15","slug":"pospeskomer-8001","status":"publish","type":"product","link":"https:\/\/ims.si\/hr\/izdelek\/pospeskomer-8001\/","title":{"rendered":"Akcelerometar 8001"},"content":{"rendered":"<p>Dizajniran za mjerenje:<\/p>\n<ul>\n<li>Mehani\u010dke pokretljivosti i impedancije laganih struktura<\/li>\n<li>Prigu\u0161enja, faktora gubitaka i prirodnih frekvencija na to\u010dkama laganih struktura i materijala<\/li>\n<\/ul>\n","protected":false},"excerpt":{"rendered":"<p>Impedancijske glave pru\u017eaju jednostavan pristup mjerenju to\u010dnih mehani\u010dkih mobilnosti i impedancija. Mogu se koristiti na \u0161irokom rasponu struktura, uklju\u010duju\u0107i rotorske lopatice, polimere, gume, ljudsko tijelo, umjetne mastoide, vo\u0107e, zavare, drvene i metalne plo\u010de.<\/p>\n<p><a class=\"btn\" href=\"https:\/\/www.bksv.com\/en\/transducers\/vibration\/force-transducers\/8001\" target=\"_blank\" rel=\"noopener\">Vi\u0161e informacija (ang.)<\/a><\/p>\n","protected":false},"featured_media":5250,"template":"","meta":{"content-type":""},"product_brand":[],"product_cat":[164],"product_tag":[102,106],"class_list":{"0":"post-7180","1":"product","2":"type-product","3":"status-publish","4":"has-post-thumbnail","6":"product_cat-force-hr","7":"product_tag-hottinger-bruel-kjaer-hr","8":"product_tag-industrija-hr","10":"first","11":"instock","12":"shipping-taxable","13":"product-type-simple"},"_links":{"self":[{"href":"https:\/\/ims.si\/hr\/wp-json\/wp\/v2\/product\/7180","targetHints":{"allow":["GET"]}}],"collection":[{"href":"https:\/\/ims.si\/hr\/wp-json\/wp\/v2\/product"}],"about":[{"href":"https:\/\/ims.si\/hr\/wp-json\/wp\/v2\/types\/product"}],"version-history":[{"count":1,"href":"https:\/\/ims.si\/hr\/wp-json\/wp\/v2\/product\/7180\/revisions"}],"predecessor-version":[{"id":7181,"href":"https:\/\/ims.si\/hr\/wp-json\/wp\/v2\/product\/7180\/revisions\/7181"}],"wp:featuredmedia":[{"embeddable":true,"href":"https:\/\/ims.si\/hr\/wp-json\/wp\/v2\/media\/5250"}],"wp:attachment":[{"href":"https:\/\/ims.si\/hr\/wp-json\/wp\/v2\/media?parent=7180"}],"wp:term":[{"taxonomy":"product_brand","embeddable":true,"href":"https:\/\/ims.si\/hr\/wp-json\/wp\/v2\/product_brand?post=7180"},{"taxonomy":"product_cat","embeddable":true,"href":"https:\/\/ims.si\/hr\/wp-json\/wp\/v2\/product_cat?post=7180"},{"taxonomy":"product_tag","embeddable":true,"href":"https:\/\/ims.si\/hr\/wp-json\/wp\/v2\/product_tag?post=7180"}],"curies":[{"name":"wp","href":"https:\/\/api.w.org\/{rel}","templated":true}]}}