{"id":7182,"date":"2023-05-29T11:29:44","date_gmt":"2023-05-29T10:29:44","guid":{"rendered":"http:\/\/157.230.97.219\/izdelek\/akcelerometar-4501-a\/"},"modified":"2024-02-28T13:48:17","modified_gmt":"2024-02-28T13:48:17","slug":"akcelerometar-4501-a","status":"publish","type":"product","link":"https:\/\/ims.si\/hr\/izdelek\/akcelerometar-4501-a\/","title":{"rendered":"Akcelerometar 4501-A"},"content":{"rendered":"<p>Dizajniran za mjerenja:<\/p>\n<ul>\n<li>U projektima u kojima je potrebno veliki broj akcelerometara<\/li>\n<li>Op\u0107enamjenskog vi\u0161eosnog vibriranja i udara na laganim strukturama i u ograni\u010denim prostorima.<\/li>\n<\/ul>\n","protected":false},"excerpt":{"rendered":"<p>Tipovi 4500-A i 4501-A su kubi\u010dni piezoelektri\u010dni ThetaShear akcelerometri koji slu\u017ee za op\u0107enamjenska mjerenja vibracije. Akcelerometri imaju priklju\u010dak 10 &#8211; 32 UNF. Na tipu 4500-A, priklju\u010dak je smje\u0161ten na gornjoj povr\u0161ini, koja je okomita na glavnu os. Na tipu 4501-A, priklju\u010dak je smje\u0161ten na bo\u010dnoj povr\u0161ini, koja je paralelna s glavnom osi.<\/p>\n<p>Piezoelektri\u010dni element koji se koristi je PZ 23 element od olova, cirkonat-titanata. Ku\u0107i\u0161te je aluminijsko.<\/p>\n<p><a class=\"btn\" href=\"https:\/\/www.bksv.com\/en\/transducers\/vibration\/accelerometers\/charge\/4501-a\" target=\"_blank\" rel=\"noopener\">Vi\u0161e informacija (ang.)<\/a><\/p>\n","protected":false},"featured_media":5247,"template":"","meta":{"content-type":""},"product_brand":[],"product_cat":[163],"product_tag":[102,106],"class_list":{"0":"post-7182","1":"product","2":"type-product","3":"status-publish","4":"has-post-thumbnail","6":"product_cat-charge-hr","7":"product_tag-hottinger-bruel-kjaer-hr","8":"product_tag-industrija-hr","10":"first","11":"instock","12":"shipping-taxable","13":"product-type-simple"},"_links":{"self":[{"href":"https:\/\/ims.si\/hr\/wp-json\/wp\/v2\/product\/7182","targetHints":{"allow":["GET"]}}],"collection":[{"href":"https:\/\/ims.si\/hr\/wp-json\/wp\/v2\/product"}],"about":[{"href":"https:\/\/ims.si\/hr\/wp-json\/wp\/v2\/types\/product"}],"version-history":[{"count":0,"href":"https:\/\/ims.si\/hr\/wp-json\/wp\/v2\/product\/7182\/revisions"}],"wp:featuredmedia":[{"embeddable":true,"href":"https:\/\/ims.si\/hr\/wp-json\/wp\/v2\/media\/5247"}],"wp:attachment":[{"href":"https:\/\/ims.si\/hr\/wp-json\/wp\/v2\/media?parent=7182"}],"wp:term":[{"taxonomy":"product_brand","embeddable":true,"href":"https:\/\/ims.si\/hr\/wp-json\/wp\/v2\/product_brand?post=7182"},{"taxonomy":"product_cat","embeddable":true,"href":"https:\/\/ims.si\/hr\/wp-json\/wp\/v2\/product_cat?post=7182"},{"taxonomy":"product_tag","embeddable":true,"href":"https:\/\/ims.si\/hr\/wp-json\/wp\/v2\/product_tag?post=7182"}],"curies":[{"name":"wp","href":"https:\/\/api.w.org\/{rel}","templated":true}]}}