{"id":7183,"date":"2023-05-29T11:30:14","date_gmt":"2023-05-29T10:30:14","guid":{"rendered":"http:\/\/157.230.97.219\/izdelek\/akcelerometar-4527-c\/"},"modified":"2024-02-28T13:52:36","modified_gmt":"2024-02-28T13:52:36","slug":"akcelerometar-4527-c","status":"publish","type":"product","link":"https:\/\/ims.si\/hr\/izdelek\/akcelerometar-4527-c\/","title":{"rendered":"Akcelerometar 4527-C"},"content":{"rendered":"<p>Dizajniran za mjerenja:<\/p>\n<ul>\n<li>Na motoru i ispu\u0161nim sustavima vozila<\/li>\n<li>Na pomo\u0107noj opremi plinskih turbina<\/li>\n<li>Za testiranje okoli\u0161nih optere\u0107enja<\/li>\n<li>Op\u0107enamjenskih vibracija i udara<\/li>\n<\/ul>\n","protected":false},"excerpt":{"rendered":"<p>Triaksijalni nabojni akcelerometar tipa 4527-C je kompaktni nabojni akcelerometar za testiranje u visokim temperaturama. Tip 4527-C je piezoelektri\u010dni akcelerometar smje\u0161ten u \u010dvrsto titanijevo ku\u0107i\u0161te s jednim integriranim priklju\u010dkom kompatibilnim s Microtech sustavom.<\/p>\n<p><a class=\"btn\" href=\"https:\/\/www.bksv.com\/en\/transducers\/vibration\/accelerometers\/charge\/4527-c\" target=\"_blank\" rel=\"noopener\">Vi\u0161e informacija (ang.)<\/a><\/p>\n","protected":false},"featured_media":5244,"template":"","meta":{"content-type":""},"product_brand":[],"product_cat":[163],"product_tag":[102,106],"class_list":{"0":"post-7183","1":"product","2":"type-product","3":"status-publish","4":"has-post-thumbnail","6":"product_cat-charge-hr","7":"product_tag-hottinger-bruel-kjaer-hr","8":"product_tag-industrija-hr","10":"first","11":"instock","12":"shipping-taxable","13":"product-type-simple"},"_links":{"self":[{"href":"https:\/\/ims.si\/hr\/wp-json\/wp\/v2\/product\/7183","targetHints":{"allow":["GET"]}}],"collection":[{"href":"https:\/\/ims.si\/hr\/wp-json\/wp\/v2\/product"}],"about":[{"href":"https:\/\/ims.si\/hr\/wp-json\/wp\/v2\/types\/product"}],"version-history":[{"count":0,"href":"https:\/\/ims.si\/hr\/wp-json\/wp\/v2\/product\/7183\/revisions"}],"wp:featuredmedia":[{"embeddable":true,"href":"https:\/\/ims.si\/hr\/wp-json\/wp\/v2\/media\/5244"}],"wp:attachment":[{"href":"https:\/\/ims.si\/hr\/wp-json\/wp\/v2\/media?parent=7183"}],"wp:term":[{"taxonomy":"product_brand","embeddable":true,"href":"https:\/\/ims.si\/hr\/wp-json\/wp\/v2\/product_brand?post=7183"},{"taxonomy":"product_cat","embeddable":true,"href":"https:\/\/ims.si\/hr\/wp-json\/wp\/v2\/product_cat?post=7183"},{"taxonomy":"product_tag","embeddable":true,"href":"https:\/\/ims.si\/hr\/wp-json\/wp\/v2\/product_tag?post=7183"}],"curies":[{"name":"wp","href":"https:\/\/api.w.org\/{rel}","templated":true}]}}