{"id":7184,"date":"2023-05-29T11:30:40","date_gmt":"2023-05-29T10:30:40","guid":{"rendered":"http:\/\/157.230.97.219\/izdelek\/akcelerometar-4517-c\/"},"modified":"2024-02-28T13:56:06","modified_gmt":"2024-02-28T13:56:06","slug":"akcelerometar-4517-c","status":"publish","type":"product","link":"https:\/\/ims.si\/hr\/izdelek\/akcelerometar-4517-c\/","title":{"rendered":"Akcelerometar 4517-C"},"content":{"rendered":"<p>Dizajniran za mjerenja:<\/p>\n<ul>\n<li>U sku\u010denim prostorima<\/li>\n<li>Na osjetljivim strukturama<\/li>\n<\/ul>\n","protected":false},"excerpt":{"rendered":"<p>Tipovi 4517-C, 4517-C-001 i 4517-C-003 su piezoelektri\u010dni accelerometri s konektorima sa strane. Njihova mala te\u017eina \u010dini ih izvrsnim izborom za mjerenja na osjetljivim strukturama i malim objektima. Svaki akcelerometar ima minijaturni konektor 3 &#8211; 56 UNF s odvojivim kabelom niske razine buke koji zavr\u0161ava \u017eenskim konektorom 10 &#8211; 32 UNF.<\/p>\n<p><a class=\"btn\" href=\"https:\/\/www.bksv.com\/en\/transducers\/vibration\/accelerometers\/charge\/4517-c\" target=\"_blank\" rel=\"noopener\">Vi\u0161e informacija (ang.)<\/a><\/p>\n","protected":false},"featured_media":5241,"template":"","meta":{"content-type":""},"product_brand":[],"product_cat":[163],"product_tag":[102,106],"class_list":{"0":"post-7184","1":"product","2":"type-product","3":"status-publish","4":"has-post-thumbnail","6":"product_cat-charge-hr","7":"product_tag-hottinger-bruel-kjaer-hr","8":"product_tag-industrija-hr","10":"first","11":"instock","12":"shipping-taxable","13":"product-type-simple"},"_links":{"self":[{"href":"https:\/\/ims.si\/hr\/wp-json\/wp\/v2\/product\/7184","targetHints":{"allow":["GET"]}}],"collection":[{"href":"https:\/\/ims.si\/hr\/wp-json\/wp\/v2\/product"}],"about":[{"href":"https:\/\/ims.si\/hr\/wp-json\/wp\/v2\/types\/product"}],"version-history":[{"count":0,"href":"https:\/\/ims.si\/hr\/wp-json\/wp\/v2\/product\/7184\/revisions"}],"wp:featuredmedia":[{"embeddable":true,"href":"https:\/\/ims.si\/hr\/wp-json\/wp\/v2\/media\/5241"}],"wp:attachment":[{"href":"https:\/\/ims.si\/hr\/wp-json\/wp\/v2\/media?parent=7184"}],"wp:term":[{"taxonomy":"product_brand","embeddable":true,"href":"https:\/\/ims.si\/hr\/wp-json\/wp\/v2\/product_brand?post=7184"},{"taxonomy":"product_cat","embeddable":true,"href":"https:\/\/ims.si\/hr\/wp-json\/wp\/v2\/product_cat?post=7184"},{"taxonomy":"product_tag","embeddable":true,"href":"https:\/\/ims.si\/hr\/wp-json\/wp\/v2\/product_tag?post=7184"}],"curies":[{"name":"wp","href":"https:\/\/api.w.org\/{rel}","templated":true}]}}