{"id":7185,"date":"2023-05-29T11:31:18","date_gmt":"2023-05-29T10:31:18","guid":{"rendered":"http:\/\/157.230.97.219\/izdelek\/akcelerometar-4508-b\/"},"modified":"2024-02-29T10:13:39","modified_gmt":"2024-02-29T10:13:39","slug":"akcelerometar-4508-b","status":"publish","type":"product","link":"https:\/\/ims.si\/hr\/izdelek\/akcelerometar-4508-b\/","title":{"rendered":"Akcelerometar 4508-B"},"content":{"rendered":"<p>Dizajniran za mjerenja:<\/p>\n<ul>\n<li>Modalna za primjene u karoseriji i pogonskom sklopu automobila<\/li>\n<li>Modalne analize s vi\u0161e kanala<\/li>\n<li>Za strukturnu analizu<\/li>\n<\/ul>\n","protected":false},"excerpt":{"rendered":"<p>Tip 4508-B je dizajniran da izdr\u017ei zahtjevno okru\u017eenje automobilske industrije. Kombinacija visoke osjetljivosti, niske mase i malih fizi\u010dkih dimenzija \u010dini ih idealnim za modalna mjerenja, kao \u0161to su mjerenja karoserije i pogonskog sklopa u automobilima, kao i za modalnu analizu na avionima, vlakovima i satelitima.<\/p>\n<p><a class=\"btn\" href=\"https:\/\/www.bksv.com\/en\/transducers\/vibration\/accelerometers\/ccld-iepe\/4508-b\" target=\"_blank\" rel=\"noopener\">Vi\u0161e informacija (ang.)<\/a><\/p>\n","protected":false},"featured_media":5235,"template":"","meta":{"content-type":""},"product_brand":[],"product_cat":[166],"product_tag":[102,106],"class_list":{"0":"post-7185","1":"product","2":"type-product","3":"status-publish","4":"has-post-thumbnail","6":"product_cat-iepe-hr","7":"product_tag-hottinger-bruel-kjaer-hr","8":"product_tag-industrija-hr","10":"first","11":"instock","12":"shipping-taxable","13":"product-type-simple"},"_links":{"self":[{"href":"https:\/\/ims.si\/hr\/wp-json\/wp\/v2\/product\/7185","targetHints":{"allow":["GET"]}}],"collection":[{"href":"https:\/\/ims.si\/hr\/wp-json\/wp\/v2\/product"}],"about":[{"href":"https:\/\/ims.si\/hr\/wp-json\/wp\/v2\/types\/product"}],"version-history":[{"count":0,"href":"https:\/\/ims.si\/hr\/wp-json\/wp\/v2\/product\/7185\/revisions"}],"wp:featuredmedia":[{"embeddable":true,"href":"https:\/\/ims.si\/hr\/wp-json\/wp\/v2\/media\/5235"}],"wp:attachment":[{"href":"https:\/\/ims.si\/hr\/wp-json\/wp\/v2\/media?parent=7185"}],"wp:term":[{"taxonomy":"product_brand","embeddable":true,"href":"https:\/\/ims.si\/hr\/wp-json\/wp\/v2\/product_brand?post=7185"},{"taxonomy":"product_cat","embeddable":true,"href":"https:\/\/ims.si\/hr\/wp-json\/wp\/v2\/product_cat?post=7185"},{"taxonomy":"product_tag","embeddable":true,"href":"https:\/\/ims.si\/hr\/wp-json\/wp\/v2\/product_tag?post=7185"}],"curies":[{"name":"wp","href":"https:\/\/api.w.org\/{rel}","templated":true}]}}