{"id":7187,"date":"2023-05-29T11:31:58","date_gmt":"2023-05-29T10:31:58","guid":{"rendered":"http:\/\/157.230.97.219\/izdelek\/akcelerometar-4507-b\/"},"modified":"2024-02-29T10:26:54","modified_gmt":"2024-02-29T10:26:54","slug":"akcelerometar-4507-b","status":"publish","type":"product","link":"https:\/\/ims.si\/hr\/izdelek\/akcelerometar-4507-b\/","title":{"rendered":"Akcelerometar 4507-B"},"content":{"rendered":"<p>Dizajniran za mjerenja:<\/p>\n<ul>\n<li>Modalna za karoseriju automobila i pogonske sklopove<\/li>\n<li>Modalne analize vi\u0161e kanala<\/li>\n<li>Strukturne analize<\/li>\n<\/ul>\n","protected":false},"excerpt":{"rendered":"<p>Miniaturni CCLD akcelerometri 4507 i 4508 posebno su dizajnirani da izdr\u017ee zahtjevno okru\u017eenje automobilske industrije. Kombinacija visoke osjetljivosti, male mase i malih dimenzija \u010dine ih idealnim za modalna mjerenja, kao \u0161to su mjerenja tijela automobila i pogonskih sklopova, kao i za modalnu analizu na avionima, vlakovima i satelitima.<\/p>\n<p><a class=\"btn\" href=\"https:\/\/www.bksv.com\/en\/transducers\/vibration\/accelerometers\/ccld-iepe\/4507-b\" target=\"_blank\" rel=\"noopener\">Vi\u0161e informacija (eng.)<\/a><\/p>\n","protected":false},"featured_media":5223,"template":"","meta":{"content-type":""},"product_brand":[],"product_cat":[166],"product_tag":[102,106],"class_list":{"0":"post-7187","1":"product","2":"type-product","3":"status-publish","4":"has-post-thumbnail","6":"product_cat-iepe-hr","7":"product_tag-hottinger-bruel-kjaer-hr","8":"product_tag-industrija-hr","10":"first","11":"instock","12":"shipping-taxable","13":"product-type-simple"},"_links":{"self":[{"href":"https:\/\/ims.si\/hr\/wp-json\/wp\/v2\/product\/7187","targetHints":{"allow":["GET"]}}],"collection":[{"href":"https:\/\/ims.si\/hr\/wp-json\/wp\/v2\/product"}],"about":[{"href":"https:\/\/ims.si\/hr\/wp-json\/wp\/v2\/types\/product"}],"version-history":[{"count":0,"href":"https:\/\/ims.si\/hr\/wp-json\/wp\/v2\/product\/7187\/revisions"}],"wp:featuredmedia":[{"embeddable":true,"href":"https:\/\/ims.si\/hr\/wp-json\/wp\/v2\/media\/5223"}],"wp:attachment":[{"href":"https:\/\/ims.si\/hr\/wp-json\/wp\/v2\/media?parent=7187"}],"wp:term":[{"taxonomy":"product_brand","embeddable":true,"href":"https:\/\/ims.si\/hr\/wp-json\/wp\/v2\/product_brand?post=7187"},{"taxonomy":"product_cat","embeddable":true,"href":"https:\/\/ims.si\/hr\/wp-json\/wp\/v2\/product_cat?post=7187"},{"taxonomy":"product_tag","embeddable":true,"href":"https:\/\/ims.si\/hr\/wp-json\/wp\/v2\/product_tag?post=7187"}],"curies":[{"name":"wp","href":"https:\/\/api.w.org\/{rel}","templated":true}]}}