{"id":7188,"date":"2023-05-29T11:32:44","date_gmt":"2023-05-29T10:32:44","guid":{"rendered":"http:\/\/157.230.97.219\/izdelek\/akcelerometar-8206\/"},"modified":"2024-02-29T10:29:35","modified_gmt":"2024-02-29T10:29:35","slug":"akcelerometar-8206","status":"publish","type":"product","link":"https:\/\/ims.si\/hr\/izdelek\/akcelerometar-8206\/","title":{"rendered":"Akcelerometar 8206"},"content":{"rendered":"<ul>\n<li>CCLD tehnologija<\/li>\n<li>ob\u010dutljivost: 22,7 mV\/N<\/li>\n<li>masa glave: 100 g<\/li>\n<li>konektor: BNC<\/li>\n<\/ul>\n","protected":false},"excerpt":{"rendered":"<p>Impulsni \u010deki\u0107 tipa 8206 je dizajniran za generiranje i mjerenje udarnih sila na malim i srednje velikim strukturama poput blokova motora, okvira automobila i komponenti automobila.<\/p>\n<p>Impulsni \u010deki\u0107 tipa 8206 ima glavu mase 100g i osjetljivost od 22.7 mV\/N. Za mjerenje odziva strukture prilikom kori\u0161tenja impulsnog \u010deki\u0107a koristi se CCLD akcelerometar (ili laserski pretvara\u010d).<\/p>\n<p><a class=\"btn\" href=\"https:\/\/www.bksv.com\/en\/transducers\/vibration\/impact-hammers\/8206\" target=\"_blank\" rel=\"noopener\">Vi\u0161e informacija (eng.)<\/a><\/p>\n","protected":false},"featured_media":5217,"template":"","meta":{"content-type":""},"product_brand":[],"product_cat":[165],"product_tag":[102,106],"class_list":{"0":"post-7188","1":"product","2":"type-product","3":"status-publish","4":"has-post-thumbnail","6":"product_cat-hammers-hr","7":"product_tag-hottinger-bruel-kjaer-hr","8":"product_tag-industrija-hr","10":"first","11":"instock","12":"shipping-taxable","13":"product-type-simple"},"_links":{"self":[{"href":"https:\/\/ims.si\/hr\/wp-json\/wp\/v2\/product\/7188","targetHints":{"allow":["GET"]}}],"collection":[{"href":"https:\/\/ims.si\/hr\/wp-json\/wp\/v2\/product"}],"about":[{"href":"https:\/\/ims.si\/hr\/wp-json\/wp\/v2\/types\/product"}],"version-history":[{"count":0,"href":"https:\/\/ims.si\/hr\/wp-json\/wp\/v2\/product\/7188\/revisions"}],"wp:featuredmedia":[{"embeddable":true,"href":"https:\/\/ims.si\/hr\/wp-json\/wp\/v2\/media\/5217"}],"wp:attachment":[{"href":"https:\/\/ims.si\/hr\/wp-json\/wp\/v2\/media?parent=7188"}],"wp:term":[{"taxonomy":"product_brand","embeddable":true,"href":"https:\/\/ims.si\/hr\/wp-json\/wp\/v2\/product_brand?post=7188"},{"taxonomy":"product_cat","embeddable":true,"href":"https:\/\/ims.si\/hr\/wp-json\/wp\/v2\/product_cat?post=7188"},{"taxonomy":"product_tag","embeddable":true,"href":"https:\/\/ims.si\/hr\/wp-json\/wp\/v2\/product_tag?post=7188"}],"curies":[{"name":"wp","href":"https:\/\/api.w.org\/{rel}","templated":true}]}}