{"id":7190,"date":"2023-05-29T12:53:23","date_gmt":"2023-05-29T11:53:23","guid":{"rendered":"http:\/\/157.230.97.219\/izdelek\/mikrofon-4189\/"},"modified":"2024-02-29T10:38:32","modified_gmt":"2024-02-29T10:38:32","slug":"mikrofon-4189","status":"publish","type":"product","link":"https:\/\/ims.si\/hr\/izdelek\/mikrofon-4189\/","title":{"rendered":"Mikrofon 4189"},"content":{"rendered":"<p>Dizajniran za:<\/p>\n<ul>\n<li>Precizno mjerenje zvuka<\/li>\n<li>Mjera\u010de zvuka<\/li>\n<li>Opremu koja udovoljava IEC 61672 razredu 1<\/li>\n<\/ul>\n","protected":false},"excerpt":{"rendered":"<p>Mikrofon 4189 je univerzalni mikrofon op\u0107enite namjene dizajniran za visoko precizna mjerenja u slobodnom polju s visokom osjetljivo\u0161\u0107u u rasponu frekvencija od 6,3 Hz do 20 kHz.<\/p>\n<p>Kao prepolarizirani mikrofon, tip 4189 posebno je pogodan za rad na opremi koja se napaja baterijom i za rad u okru\u017eenjima s visokom vla\u017eno\u0161\u0107u.<\/p>\n<p><a class=\"btn\" href=\"https:\/\/www.bksv.com\/en\/transducers\/acoustic\/microphones\/microphone-cartridges\/4189\" target=\"_blank\" rel=\"noopener\">Ve\u010d informacij (ang.)<\/a><\/p>\n","protected":false},"featured_media":5211,"template":"","meta":{"content-type":""},"product_brand":[],"product_cat":[170],"product_tag":[104,101,102,178],"class_list":{"0":"post-7190","1":"product","2":"type-product","3":"status-publish","4":"has-post-thumbnail","6":"product_cat-free-hr","7":"product_tag-buka-u-okolisu","8":"product_tag-gradevinstvo","9":"product_tag-hottinger-bruel-kjaer-hr","10":"product_tag-zastita-na-radu","12":"first","13":"instock","14":"shipping-taxable","15":"product-type-simple"},"_links":{"self":[{"href":"https:\/\/ims.si\/hr\/wp-json\/wp\/v2\/product\/7190","targetHints":{"allow":["GET"]}}],"collection":[{"href":"https:\/\/ims.si\/hr\/wp-json\/wp\/v2\/product"}],"about":[{"href":"https:\/\/ims.si\/hr\/wp-json\/wp\/v2\/types\/product"}],"version-history":[{"count":0,"href":"https:\/\/ims.si\/hr\/wp-json\/wp\/v2\/product\/7190\/revisions"}],"wp:featuredmedia":[{"embeddable":true,"href":"https:\/\/ims.si\/hr\/wp-json\/wp\/v2\/media\/5211"}],"wp:attachment":[{"href":"https:\/\/ims.si\/hr\/wp-json\/wp\/v2\/media?parent=7190"}],"wp:term":[{"taxonomy":"product_brand","embeddable":true,"href":"https:\/\/ims.si\/hr\/wp-json\/wp\/v2\/product_brand?post=7190"},{"taxonomy":"product_cat","embeddable":true,"href":"https:\/\/ims.si\/hr\/wp-json\/wp\/v2\/product_cat?post=7190"},{"taxonomy":"product_tag","embeddable":true,"href":"https:\/\/ims.si\/hr\/wp-json\/wp\/v2\/product_tag?post=7190"}],"curies":[{"name":"wp","href":"https:\/\/api.w.org\/{rel}","templated":true}]}}