{"id":7191,"date":"2023-05-29T12:55:41","date_gmt":"2023-05-29T11:55:41","guid":{"rendered":"http:\/\/157.230.97.219\/izdelek\/mikrofon-4954\/"},"modified":"2024-02-29T10:42:25","modified_gmt":"2024-02-29T10:42:25","slug":"mikrofon-4954","status":"publish","type":"product","link":"https:\/\/ims.si\/hr\/izdelek\/mikrofon-4954\/","title":{"rendered":"Mikrofon 4954"},"content":{"rendered":"<p>Dizajniran za:<\/p>\n<ul>\n<li>Visokofrekvencijska mjerenja<\/li>\n<li>Mjerenja visokih razina zvuka<\/li>\n<li>Ekonomi\u010dna mjerenja<\/li>\n<\/ul>\n","protected":false},"excerpt":{"rendered":"<p>Prepolarizirani mikrofon za slobodno polje tipa 4954 optimiziran je za uravnote\u017eeni odgovor u otvorenom prostoru i pogodan je za mjerenja daleko izvan slu\u0161nog podru\u010dja.<\/p>\n<p>Zahvaljuju\u0107i \u0161irokom frekvencijskom rasponu, frekvencijski odgovor u slu\u0161nom podru\u010dju obi\u010dno je unutar \u00b11 dB. Upotreba zavarene laserske dijafragme od nehr\u0111aju\u0107eg \u010delika i mre\u017ee od nehr\u0111aju\u0107eg \u010delika omogu\u0107uje ovom mikrofonu da izdr\u017ei zahtjevne okoline.<\/p>\n<p><a class=\"btn\" href=\"https:\/\/www.bksv.com\/en\/transducers\/acoustic\/microphones\/microphone-cartridges\/4954\" target=\"_blank\" rel=\"noopener\">Vi\u0161e informacija (eng.)<\/a><\/p>\n","protected":false},"featured_media":5193,"template":"","meta":{"content-type":""},"product_brand":[],"product_cat":[170],"product_tag":[104,101,102,178],"class_list":{"0":"post-7191","1":"product","2":"type-product","3":"status-publish","4":"has-post-thumbnail","6":"product_cat-free-hr","7":"product_tag-buka-u-okolisu","8":"product_tag-gradevinstvo","9":"product_tag-hottinger-bruel-kjaer-hr","10":"product_tag-zastita-na-radu","12":"first","13":"instock","14":"shipping-taxable","15":"product-type-simple"},"_links":{"self":[{"href":"https:\/\/ims.si\/hr\/wp-json\/wp\/v2\/product\/7191","targetHints":{"allow":["GET"]}}],"collection":[{"href":"https:\/\/ims.si\/hr\/wp-json\/wp\/v2\/product"}],"about":[{"href":"https:\/\/ims.si\/hr\/wp-json\/wp\/v2\/types\/product"}],"version-history":[{"count":0,"href":"https:\/\/ims.si\/hr\/wp-json\/wp\/v2\/product\/7191\/revisions"}],"wp:featuredmedia":[{"embeddable":true,"href":"https:\/\/ims.si\/hr\/wp-json\/wp\/v2\/media\/5193"}],"wp:attachment":[{"href":"https:\/\/ims.si\/hr\/wp-json\/wp\/v2\/media?parent=7191"}],"wp:term":[{"taxonomy":"product_brand","embeddable":true,"href":"https:\/\/ims.si\/hr\/wp-json\/wp\/v2\/product_brand?post=7191"},{"taxonomy":"product_cat","embeddable":true,"href":"https:\/\/ims.si\/hr\/wp-json\/wp\/v2\/product_cat?post=7191"},{"taxonomy":"product_tag","embeddable":true,"href":"https:\/\/ims.si\/hr\/wp-json\/wp\/v2\/product_tag?post=7191"}],"curies":[{"name":"wp","href":"https:\/\/api.w.org\/{rel}","templated":true}]}}