{"id":7192,"date":"2023-05-29T12:55:57","date_gmt":"2023-05-29T11:55:57","guid":{"rendered":"http:\/\/157.230.97.219\/izdelek\/mikrofon-4966\/"},"modified":"2024-03-11T09:30:59","modified_gmt":"2024-03-11T09:30:59","slug":"mikrofon-4966","status":"publish","type":"product","link":"https:\/\/ims.si\/hr\/izdelek\/mikrofon-4966\/","title":{"rendered":"Mikrofon 4966"},"content":{"rendered":"<p>Dizajniran za:<\/p>\n<ul>\n<li>Precizna mjerenja zvuka<\/li>\n<li>Op\u0107enita mjerenja zvuka<\/li>\n<li>Elektroakusti\u010dka mjerenja<\/li>\n<\/ul>\n","protected":false},"excerpt":{"rendered":"<p>Robustan i stabilan mikrofon za slobodno polje, namijenjen visokopreciznim akusti\u010dkim mjerenjima. Tip 4966 je razvijen i usavr\u0161en za mjerenja u kojima se preferira mikrofon visoke osjetljivosti s punom \u0161irinom propusnosti od 20 kHz i optimiziran je za upotrebu s za\u0161titnom re\u0161etkom.<\/p>\n<p>Mikrofon tipa 4966 je prepolariziran, pa je pogodan za upotrebu u baterijski napajanom opremom i okru\u017eenjima s visokom vlagom.<\/p>\n<p><a class=\"btn\" href=\"https:\/\/www.bksv.com\/en\/transducers\/acoustic\/microphones\/microphone-cartridges\/4966\" target=\"_blank\" rel=\"noopener\">Vi\u0161e informacija (eng.)<\/a><\/p>\n","protected":false},"featured_media":5187,"template":"","meta":{"content-type":""},"product_brand":[],"product_cat":[170],"product_tag":[104,101,102,178],"class_list":{"0":"post-7192","1":"product","2":"type-product","3":"status-publish","4":"has-post-thumbnail","6":"product_cat-free-hr","7":"product_tag-buka-u-okolisu","8":"product_tag-gradevinstvo","9":"product_tag-hottinger-bruel-kjaer-hr","10":"product_tag-zastita-na-radu","12":"first","13":"instock","14":"shipping-taxable","15":"product-type-simple"},"_links":{"self":[{"href":"https:\/\/ims.si\/hr\/wp-json\/wp\/v2\/product\/7192","targetHints":{"allow":["GET"]}}],"collection":[{"href":"https:\/\/ims.si\/hr\/wp-json\/wp\/v2\/product"}],"about":[{"href":"https:\/\/ims.si\/hr\/wp-json\/wp\/v2\/types\/product"}],"version-history":[{"count":0,"href":"https:\/\/ims.si\/hr\/wp-json\/wp\/v2\/product\/7192\/revisions"}],"wp:featuredmedia":[{"embeddable":true,"href":"https:\/\/ims.si\/hr\/wp-json\/wp\/v2\/media\/5187"}],"wp:attachment":[{"href":"https:\/\/ims.si\/hr\/wp-json\/wp\/v2\/media?parent=7192"}],"wp:term":[{"taxonomy":"product_brand","embeddable":true,"href":"https:\/\/ims.si\/hr\/wp-json\/wp\/v2\/product_brand?post=7192"},{"taxonomy":"product_cat","embeddable":true,"href":"https:\/\/ims.si\/hr\/wp-json\/wp\/v2\/product_cat?post=7192"},{"taxonomy":"product_tag","embeddable":true,"href":"https:\/\/ims.si\/hr\/wp-json\/wp\/v2\/product_tag?post=7192"}],"curies":[{"name":"wp","href":"https:\/\/api.w.org\/{rel}","templated":true}]}}