{"id":7193,"date":"2023-05-29T12:56:11","date_gmt":"2023-05-29T11:56:11","guid":{"rendered":"http:\/\/157.230.97.219\/izdelek\/mikrofon-4950\/"},"modified":"2024-02-29T10:49:56","modified_gmt":"2024-02-29T10:49:56","slug":"mikrofon-4950","status":"publish","type":"product","link":"https:\/\/ims.si\/hr\/izdelek\/mikrofon-4950\/","title":{"rendered":"Mikrofon 4950"},"content":{"rendered":"<p>Dizajniran za:<\/p>\n<ul>\n<li>Mjerenja zvuka prema IEC 61672 i ANSI S 1.4 &#8211; 1983.<\/li>\n<li>Ekonomi\u010dna mjerenja zvuka, \u0161to ga \u010dini idealnim za prijenosne instrumente namijenjene kori\u0161tenju u razli\u010ditim uvjetima, uklju\u010duju\u0107i vla\u017ene i one\u010di\u0161\u0107ene atmosfere.<\/li>\n<\/ul>\n","protected":false},"excerpt":{"rendered":"<p>Mikrofon za slobodno polje 4950 namijenjen je za precizna mjerenja zvuka (IEC 61672 razred 1 i ANSI S 1.4 tip 1) u frekvencijskom rasponu od 6,5 Hz do 16 kHz.<\/p>\n<p>Upotreba dijafragme od nehr\u0111aju\u0107eg \u010delika, montirane pomo\u0107u sile pritiska, osigurava \u010dvrsto\u0107u i otpornost na koroziju. Mikrofon je opremljen odvojivom za\u0161titnom re\u0161etkom.<\/p>\n<p><a class=\"btn\" href=\"https:\/\/www.bksv.com\/en\/transducers\/acoustic\/microphones\/microphone-cartridges\/4950\" target=\"_blank\" rel=\"noopener\">Vi\u0161e informacija (eng.)<\/a><\/p>\n","protected":false},"featured_media":5184,"template":"","meta":{"content-type":""},"product_brand":[],"product_cat":[170],"product_tag":[104,101,102,178],"class_list":{"0":"post-7193","1":"product","2":"type-product","3":"status-publish","4":"has-post-thumbnail","6":"product_cat-free-hr","7":"product_tag-buka-u-okolisu","8":"product_tag-gradevinstvo","9":"product_tag-hottinger-bruel-kjaer-hr","10":"product_tag-zastita-na-radu","12":"first","13":"instock","14":"shipping-taxable","15":"product-type-simple"},"_links":{"self":[{"href":"https:\/\/ims.si\/hr\/wp-json\/wp\/v2\/product\/7193","targetHints":{"allow":["GET"]}}],"collection":[{"href":"https:\/\/ims.si\/hr\/wp-json\/wp\/v2\/product"}],"about":[{"href":"https:\/\/ims.si\/hr\/wp-json\/wp\/v2\/types\/product"}],"version-history":[{"count":0,"href":"https:\/\/ims.si\/hr\/wp-json\/wp\/v2\/product\/7193\/revisions"}],"wp:featuredmedia":[{"embeddable":true,"href":"https:\/\/ims.si\/hr\/wp-json\/wp\/v2\/media\/5184"}],"wp:attachment":[{"href":"https:\/\/ims.si\/hr\/wp-json\/wp\/v2\/media?parent=7193"}],"wp:term":[{"taxonomy":"product_brand","embeddable":true,"href":"https:\/\/ims.si\/hr\/wp-json\/wp\/v2\/product_brand?post=7193"},{"taxonomy":"product_cat","embeddable":true,"href":"https:\/\/ims.si\/hr\/wp-json\/wp\/v2\/product_cat?post=7193"},{"taxonomy":"product_tag","embeddable":true,"href":"https:\/\/ims.si\/hr\/wp-json\/wp\/v2\/product_tag?post=7193"}],"curies":[{"name":"wp","href":"https:\/\/api.w.org\/{rel}","templated":true}]}}