{"id":7196,"date":"2023-05-29T13:10:24","date_gmt":"2023-05-29T12:10:24","guid":{"rendered":"http:\/\/157.230.97.219\/izdelek\/mikrofon-4944\/"},"modified":"2024-02-29T11:09:04","modified_gmt":"2024-02-29T11:09:04","slug":"mikrofon-4944","status":"publish","type":"product","link":"https:\/\/ims.si\/hr\/izdelek\/mikrofon-4944\/","title":{"rendered":"Mikrofon 4944"},"content":{"rendered":"<p>Dizajniran za:<\/p>\n<ul>\n<li>Mjerenja visokih razina zvu\u010dnog tlaka<\/li>\n<li>Mjerenja visokih frekvencija<\/li>\n<li>Mjerenja u malim zatvorenim priklju\u010dcima, blizu tvrdih reflektiraju\u0107ih povr\u0161ina<\/li>\n<\/ul>\n","protected":false},"excerpt":{"rendered":"<p>Mikrofon 4944 je 1\/4-in\u010dni prepolarizirani mikrofon namijenjen za mjerenja visokog nivoa i visokih frekvencija u rasponu od 4 Hz do 70 kHz.<\/p>\n<p><a class=\"btn\" href=\"https:\/\/www.bksv.com\/en\/transducers\/acoustic\/microphones\/microphone-cartridges\/4944\" target=\"_blank\" rel=\"noopener\">Vi\u0161e informacija (eng.)<\/a><\/p>\n","protected":false},"featured_media":5154,"template":"","meta":{"content-type":""},"product_brand":[],"product_cat":[174],"product_tag":[104,102,178],"class_list":{"0":"post-7196","1":"product","2":"type-product","3":"status-publish","4":"has-post-thumbnail","6":"product_cat-pressure-hr","7":"product_tag-buka-u-okolisu","8":"product_tag-hottinger-bruel-kjaer-hr","9":"product_tag-zastita-na-radu","11":"first","12":"instock","13":"shipping-taxable","14":"product-type-simple"},"_links":{"self":[{"href":"https:\/\/ims.si\/hr\/wp-json\/wp\/v2\/product\/7196","targetHints":{"allow":["GET"]}}],"collection":[{"href":"https:\/\/ims.si\/hr\/wp-json\/wp\/v2\/product"}],"about":[{"href":"https:\/\/ims.si\/hr\/wp-json\/wp\/v2\/types\/product"}],"version-history":[{"count":0,"href":"https:\/\/ims.si\/hr\/wp-json\/wp\/v2\/product\/7196\/revisions"}],"wp:featuredmedia":[{"embeddable":true,"href":"https:\/\/ims.si\/hr\/wp-json\/wp\/v2\/media\/5154"}],"wp:attachment":[{"href":"https:\/\/ims.si\/hr\/wp-json\/wp\/v2\/media?parent=7196"}],"wp:term":[{"taxonomy":"product_brand","embeddable":true,"href":"https:\/\/ims.si\/hr\/wp-json\/wp\/v2\/product_brand?post=7196"},{"taxonomy":"product_cat","embeddable":true,"href":"https:\/\/ims.si\/hr\/wp-json\/wp\/v2\/product_cat?post=7196"},{"taxonomy":"product_tag","embeddable":true,"href":"https:\/\/ims.si\/hr\/wp-json\/wp\/v2\/product_tag?post=7196"}],"curies":[{"name":"wp","href":"https:\/\/api.w.org\/{rel}","templated":true}]}}