{"id":7229,"date":"2023-05-29T13:11:04","date_gmt":"2023-05-29T12:11:04","guid":{"rendered":"http:\/\/157.230.97.219\/izdelek\/mikrofon-4947\/"},"modified":"2024-02-29T13:43:15","modified_gmt":"2024-02-29T13:43:15","slug":"mikrofon-4947","status":"publish","type":"product","link":"https:\/\/ims.si\/hr\/izdelek\/mikrofon-4947\/","title":{"rendered":"Mikrofon 4947"},"content":{"rendered":"<p>Dizajniran za:<\/p>\n<ul>\n<li>Mjerenja u spojnicima<\/li>\n<li>Testiranje slu\u0161nih pomagala<\/li>\n<li>Testiranje telefona<\/li>\n<li>Povezivanje na CCLD ulaz<\/li>\n<li>Okru\u017eenja visoke vla\u017enosti<\/li>\n<\/ul>\n","protected":false},"excerpt":{"rendered":"<p>Prepolarizirani mikrofon od \u00bd in\u010da Tip 4947 optimiziran je za mjerenja u spojnicima, blizu tvrdih reflektivnih povr\u0161ina, u zatvorenim prostorima ili \u0161upljinama koje su manje od valne duljine.<\/p>\n<p><a class=\"btn\" href=\"https:\/\/www.bksv.com\/en\/transducers\/acoustic\/microphones\/microphone-cartridges\/4947\" target=\"_blank\" rel=\"noopener\">Vi\u0161e informacija (eng.)<\/a><\/p>\n","protected":false},"featured_media":5133,"template":"","meta":{"content-type":""},"product_brand":[],"product_cat":[174],"product_tag":[104,102,178],"class_list":{"0":"post-7229","1":"product","2":"type-product","3":"status-publish","4":"has-post-thumbnail","6":"product_cat-pressure-hr","7":"product_tag-buka-u-okolisu","8":"product_tag-hottinger-bruel-kjaer-hr","9":"product_tag-zastita-na-radu","11":"first","12":"instock","13":"shipping-taxable","14":"product-type-simple"},"_links":{"self":[{"href":"https:\/\/ims.si\/hr\/wp-json\/wp\/v2\/product\/7229","targetHints":{"allow":["GET"]}}],"collection":[{"href":"https:\/\/ims.si\/hr\/wp-json\/wp\/v2\/product"}],"about":[{"href":"https:\/\/ims.si\/hr\/wp-json\/wp\/v2\/types\/product"}],"version-history":[{"count":0,"href":"https:\/\/ims.si\/hr\/wp-json\/wp\/v2\/product\/7229\/revisions"}],"wp:featuredmedia":[{"embeddable":true,"href":"https:\/\/ims.si\/hr\/wp-json\/wp\/v2\/media\/5133"}],"wp:attachment":[{"href":"https:\/\/ims.si\/hr\/wp-json\/wp\/v2\/media?parent=7229"}],"wp:term":[{"taxonomy":"product_brand","embeddable":true,"href":"https:\/\/ims.si\/hr\/wp-json\/wp\/v2\/product_brand?post=7229"},{"taxonomy":"product_cat","embeddable":true,"href":"https:\/\/ims.si\/hr\/wp-json\/wp\/v2\/product_cat?post=7229"},{"taxonomy":"product_tag","embeddable":true,"href":"https:\/\/ims.si\/hr\/wp-json\/wp\/v2\/product_tag?post=7229"}],"curies":[{"name":"wp","href":"https:\/\/api.w.org\/{rel}","templated":true}]}}