{"id":7232,"date":"2023-05-29T13:11:57","date_gmt":"2023-05-29T12:11:57","guid":{"rendered":"http:\/\/157.230.97.219\/izdelek\/mikrofon-4180\/"},"modified":"2024-03-01T09:06:45","modified_gmt":"2024-03-01T09:06:45","slug":"mikrofon-4180","status":"publish","type":"product","link":"https:\/\/ims.si\/hr\/izdelek\/mikrofon-4180\/","title":{"rendered":"Mikrofon 4180"},"content":{"rendered":"<p>Dizajniran za:<\/p>\n<ul>\n<li>Laboratorijske standardne<\/li>\n<li>Kalibraciju za reciprocitet tlaka i slobodnog polja<\/li>\n<li>Mjerenja u mjernim spojnicama<\/li>\n<\/ul>\n","protected":false},"excerpt":{"rendered":"<p>Tip 4180 je razvijen kako bi zadovoljio rastu\u0107u potrebu za laboratorijskim standardnim mikrofonom veli\u010dine \u00bd&#8221;, koji omogu\u0107ava mjerenja na vi\u0161im frekvencijama i pri vi\u0161im razinama zvu\u010dnog tlaka.<\/p>\n<p>Dizajniran je u skladu s najnovijim nacrtima standarda za laboratorijske standardne mikrofone. Tip 4180 isporu\u010duju se s individualnim kalibracijskim dijagramom.<\/p>\n<p><a class=\"btn\" href=\"https:\/\/www.bksv.com\/en\/transducers\/acoustic\/microphones\/microphone-cartridges\/4180\" target=\"_blank\" rel=\"noopener\">Vi\u0161e informacija (eng.)<\/a><\/p>\n","protected":false},"featured_media":5115,"template":"","meta":{"content-type":""},"product_brand":[],"product_cat":[175],"product_tag":[102,106],"class_list":{"0":"post-7232","1":"product","2":"type-product","3":"status-publish","4":"has-post-thumbnail","6":"product_cat-special-hr","7":"product_tag-hottinger-bruel-kjaer-hr","8":"product_tag-industrija-hr","10":"first","11":"instock","12":"shipping-taxable","13":"product-type-simple"},"_links":{"self":[{"href":"https:\/\/ims.si\/hr\/wp-json\/wp\/v2\/product\/7232","targetHints":{"allow":["GET"]}}],"collection":[{"href":"https:\/\/ims.si\/hr\/wp-json\/wp\/v2\/product"}],"about":[{"href":"https:\/\/ims.si\/hr\/wp-json\/wp\/v2\/types\/product"}],"version-history":[{"count":0,"href":"https:\/\/ims.si\/hr\/wp-json\/wp\/v2\/product\/7232\/revisions"}],"wp:featuredmedia":[{"embeddable":true,"href":"https:\/\/ims.si\/hr\/wp-json\/wp\/v2\/media\/5115"}],"wp:attachment":[{"href":"https:\/\/ims.si\/hr\/wp-json\/wp\/v2\/media?parent=7232"}],"wp:term":[{"taxonomy":"product_brand","embeddable":true,"href":"https:\/\/ims.si\/hr\/wp-json\/wp\/v2\/product_brand?post=7232"},{"taxonomy":"product_cat","embeddable":true,"href":"https:\/\/ims.si\/hr\/wp-json\/wp\/v2\/product_cat?post=7232"},{"taxonomy":"product_tag","embeddable":true,"href":"https:\/\/ims.si\/hr\/wp-json\/wp\/v2\/product_tag?post=7232"}],"curies":[{"name":"wp","href":"https:\/\/api.w.org\/{rel}","templated":true}]}}