{"id":7233,"date":"2023-05-29T13:12:14","date_gmt":"2023-05-29T12:12:14","guid":{"rendered":"http:\/\/157.230.97.219\/izdelek\/mikrofon-4941\/"},"modified":"2024-03-01T09:10:55","modified_gmt":"2024-03-01T09:10:55","slug":"mikrofon-4941","status":"publish","type":"product","link":"https:\/\/ims.si\/hr\/izdelek\/mikrofon-4941\/","title":{"rendered":"Mikrofon 4941"},"content":{"rendered":"<p>Dizajniran za:<\/p>\n<ul>\n<li>Mjerenja buke pucnjeva<\/li>\n<li>Mjerenja buke vatrometa<\/li>\n<li>Mjerenja buke raketa<\/li>\n<li>Op\u0107a mjerenja visokih intenziteta<\/li>\n<\/ul>\n","protected":false},"excerpt":{"rendered":"<p>Visokotla\u010dni mikrofon tipa 4941 namijenjen je izuzetno visokim razinama mjerenja kao \u0161to su mjerenja glasno\u010de oru\u017eja, vatrometa i raketa u frekvencijskom rasponu od 4 Hz do 20 kHz.<\/p>\n<p>Robusna konstrukcija ovog mikrofona omogu\u0107uje podno\u0161enje pritiska do 201 dB bez o\u0161te\u0107enja.<\/p>\n<p><a class=\"btn\" href=\"https:\/\/www.bksv.com\/en\/transducers\/acoustic\/microphones\/microphone-cartridges\/4941\" target=\"_blank\" rel=\"noopener\">Vi\u0161e informacija (eng.)<\/a><\/p>\n","protected":false},"featured_media":5109,"template":"","meta":{"content-type":""},"product_brand":[],"product_cat":[175],"product_tag":[102,106],"class_list":{"0":"post-7233","1":"product","2":"type-product","3":"status-publish","4":"has-post-thumbnail","6":"product_cat-special-hr","7":"product_tag-hottinger-bruel-kjaer-hr","8":"product_tag-industrija-hr","10":"first","11":"instock","12":"shipping-taxable","13":"product-type-simple"},"_links":{"self":[{"href":"https:\/\/ims.si\/hr\/wp-json\/wp\/v2\/product\/7233","targetHints":{"allow":["GET"]}}],"collection":[{"href":"https:\/\/ims.si\/hr\/wp-json\/wp\/v2\/product"}],"about":[{"href":"https:\/\/ims.si\/hr\/wp-json\/wp\/v2\/types\/product"}],"version-history":[{"count":0,"href":"https:\/\/ims.si\/hr\/wp-json\/wp\/v2\/product\/7233\/revisions"}],"wp:featuredmedia":[{"embeddable":true,"href":"https:\/\/ims.si\/hr\/wp-json\/wp\/v2\/media\/5109"}],"wp:attachment":[{"href":"https:\/\/ims.si\/hr\/wp-json\/wp\/v2\/media?parent=7233"}],"wp:term":[{"taxonomy":"product_brand","embeddable":true,"href":"https:\/\/ims.si\/hr\/wp-json\/wp\/v2\/product_brand?post=7233"},{"taxonomy":"product_cat","embeddable":true,"href":"https:\/\/ims.si\/hr\/wp-json\/wp\/v2\/product_cat?post=7233"},{"taxonomy":"product_tag","embeddable":true,"href":"https:\/\/ims.si\/hr\/wp-json\/wp\/v2\/product_tag?post=7233"}],"curies":[{"name":"wp","href":"https:\/\/api.w.org\/{rel}","templated":true}]}}