{"id":7234,"date":"2023-05-29T13:12:34","date_gmt":"2023-05-29T12:12:34","guid":{"rendered":"http:\/\/157.230.97.219\/izdelek\/mikrofon-4952\/"},"modified":"2024-03-01T09:15:37","modified_gmt":"2024-03-01T09:15:37","slug":"mikrofon-4952","status":"publish","type":"product","link":"https:\/\/ims.si\/hr\/izdelek\/mikrofon-4952\/","title":{"rendered":"Mikrofon 4952"},"content":{"rendered":"<p>Dizajniran za:<\/p>\n<ul>\n<li>Mjerenja u svim vremenskim uvjetima<\/li>\n<li>Sustave za pra\u0107enje buke<\/li>\n<li>Mjerenja vanjske zvu\u010dne razine u skladu s IEC 61672 razredom 1<\/li>\n<li>Istrage na zahtjev<\/li>\n<\/ul>\n","protected":false},"excerpt":{"rendered":"<p>Mikrofon za nadzor buke u okoli\u0161u tipa 4952 i 4952-A su pogodni za dugo razdoblje nepra\u0107enog vanjskog kori\u0161tenja. Njihovo vanjsko ku\u0107i\u0161te izra\u0111eno je od kemijsko otpornog polimera koji pru\u017ea izuzetno visoku za\u0161titu od korozije.<\/p>\n<p>Frekvencijski odziv je precizno kontroliran, tako da se uz odgovaraju\u0107u linearnu korekciju zadovoljavaju zahtjevi IEC 61672 razreda 1. Gornji dio za\u0161tite od vjetra i za\u0161tita od ptica mogu se ukloniti u sekundi, \u0161to omogu\u0107uje jednostavnu akusti\u010dnu kalibraciju mikrofona.<\/p>\n<p><a class=\"btn\" href=\"https:\/\/www.bksv.com\/en\/transducers\/acoustic\/microphones\/outdoor-microphones\/4952-outdoor-microphone\" target=\"_blank\" rel=\"noopener\">Vi\u0161e informacija (eng.)<\/a><\/p>\n","protected":false},"featured_media":5106,"template":"","meta":{"content-type":""},"product_brand":[],"product_cat":[173],"product_tag":[104,102],"class_list":{"0":"post-7234","1":"product","2":"type-product","3":"status-publish","4":"has-post-thumbnail","6":"product_cat-outdoor-mic-hr","7":"product_tag-buka-u-okolisu","8":"product_tag-hottinger-bruel-kjaer-hr","10":"first","11":"instock","12":"shipping-taxable","13":"product-type-simple"},"_links":{"self":[{"href":"https:\/\/ims.si\/hr\/wp-json\/wp\/v2\/product\/7234","targetHints":{"allow":["GET"]}}],"collection":[{"href":"https:\/\/ims.si\/hr\/wp-json\/wp\/v2\/product"}],"about":[{"href":"https:\/\/ims.si\/hr\/wp-json\/wp\/v2\/types\/product"}],"version-history":[{"count":0,"href":"https:\/\/ims.si\/hr\/wp-json\/wp\/v2\/product\/7234\/revisions"}],"wp:featuredmedia":[{"embeddable":true,"href":"https:\/\/ims.si\/hr\/wp-json\/wp\/v2\/media\/5106"}],"wp:attachment":[{"href":"https:\/\/ims.si\/hr\/wp-json\/wp\/v2\/media?parent=7234"}],"wp:term":[{"taxonomy":"product_brand","embeddable":true,"href":"https:\/\/ims.si\/hr\/wp-json\/wp\/v2\/product_brand?post=7234"},{"taxonomy":"product_cat","embeddable":true,"href":"https:\/\/ims.si\/hr\/wp-json\/wp\/v2\/product_cat?post=7234"},{"taxonomy":"product_tag","embeddable":true,"href":"https:\/\/ims.si\/hr\/wp-json\/wp\/v2\/product_tag?post=7234"}],"curies":[{"name":"wp","href":"https:\/\/api.w.org\/{rel}","templated":true}]}}