{"id":7235,"date":"2023-05-29T13:14:03","date_gmt":"2023-05-29T12:14:03","guid":{"rendered":"http:\/\/157.230.97.219\/izdelek\/hidrofon-8103\/"},"modified":"2024-03-01T09:20:38","modified_gmt":"2024-03-01T09:20:38","slug":"hidrofon-8103","status":"publish","type":"product","link":"https:\/\/ims.si\/hr\/izdelek\/hidrofon-8103\/","title":{"rendered":"Hidrofon 8103"},"content":{"rendered":"<p>Dizajniran za:<\/p>\n<ul>\n<li>Referentne standarde za kalibraciju<\/li>\n<li>Ultrazvu\u010dna mjerenja u teku\u0107inama<\/li>\n<li>Mjerenja kavitacije<\/li>\n<li>Laboratorijska\/industrijska mjerenja u teku\u0107inama i plinovima<\/li>\n<li>Podvodne projekte<\/li>\n<li>Mjerenja buke u vla\u017enim i zaga\u0111enim atmosferama<\/li>\n<\/ul>\n","protected":false},"excerpt":{"rendered":"<p>Miniaturni hidrofon Tip 8103 je mali piezoelektri\u010dni pretvornik namijenjen visokofrekventnoj laboratorijskoj i industrijskoj upotrebi.<\/p>\n<p>Instrument je posebno koristan u akusti\u010dkom prou\u010davanju morskih \u017eivotinja ili za mjerenje kavitacije.<\/p>\n<p><a class=\"btn\" href=\"https:\/\/www.bksv.com\/en\/transducers\/acoustic\/microphones\/hydrophones\/8103\" target=\"_blank\" rel=\"noopener\">Vi\u0161e informacija (eng.)<\/a><\/p>\n","protected":false},"featured_media":5094,"template":"","meta":{"content-type":""},"product_brand":[],"product_cat":[171],"product_tag":[102,106],"class_list":{"0":"post-7235","1":"product","2":"type-product","3":"status-publish","4":"has-post-thumbnail","6":"product_cat-hydrophone-hr","7":"product_tag-hottinger-bruel-kjaer-hr","8":"product_tag-industrija-hr","10":"first","11":"instock","12":"shipping-taxable","13":"product-type-simple"},"_links":{"self":[{"href":"https:\/\/ims.si\/hr\/wp-json\/wp\/v2\/product\/7235","targetHints":{"allow":["GET"]}}],"collection":[{"href":"https:\/\/ims.si\/hr\/wp-json\/wp\/v2\/product"}],"about":[{"href":"https:\/\/ims.si\/hr\/wp-json\/wp\/v2\/types\/product"}],"version-history":[{"count":0,"href":"https:\/\/ims.si\/hr\/wp-json\/wp\/v2\/product\/7235\/revisions"}],"wp:featuredmedia":[{"embeddable":true,"href":"https:\/\/ims.si\/hr\/wp-json\/wp\/v2\/media\/5094"}],"wp:attachment":[{"href":"https:\/\/ims.si\/hr\/wp-json\/wp\/v2\/media?parent=7235"}],"wp:term":[{"taxonomy":"product_brand","embeddable":true,"href":"https:\/\/ims.si\/hr\/wp-json\/wp\/v2\/product_brand?post=7235"},{"taxonomy":"product_cat","embeddable":true,"href":"https:\/\/ims.si\/hr\/wp-json\/wp\/v2\/product_cat?post=7235"},{"taxonomy":"product_tag","embeddable":true,"href":"https:\/\/ims.si\/hr\/wp-json\/wp\/v2\/product_tag?post=7235"}],"curies":[{"name":"wp","href":"https:\/\/api.w.org\/{rel}","templated":true}]}}