{"id":7236,"date":"2023-05-29T13:13:27","date_gmt":"2023-05-29T12:13:27","guid":{"rendered":"http:\/\/157.230.97.219\/izdelek\/hidrofon-8105\/"},"modified":"2024-03-01T09:23:23","modified_gmt":"2024-03-01T09:23:23","slug":"hidrofon-8105","status":"publish","type":"product","link":"https:\/\/ims.si\/hr\/izdelek\/hidrofon-8105\/","title":{"rendered":"Hidrofon 8105"},"content":{"rendered":"<p>Dizajniran za:<\/p>\n<ul>\n<li>Kalibracijske referentne standarde<\/li>\n<li>Ultrazvu\u010dna mjerenja u teku\u0107inama<\/li>\n<li>Mjerenja kavitacije<\/li>\n<li>Laboratorijska i industrijska mjerenja u teku\u0107inama i plinovima<\/li>\n<li>Podvodne projekte<\/li>\n<li>Mjerenja buke u vla\u017enim i zaga\u0111enim atmosferama<\/li>\n<\/ul>\n","protected":false},"excerpt":{"rendered":"<p>Hidrofon tipa 8105 je mali sferi\u010dni pretvara\u010d za apsolutna mjerenja zvuka u frekvencijskom rasponu od 0.1 Hz do 160 kHz s osjetljivo\u0161\u0107u prijema od \u2212205 dB relativno prema 1V\/\u03bcPa. Ovaj hidrofon je robusan te mo\u017ee izdr\u017eati tlakove do 107 Pa (100 atm.; dubina oceana do 1000 m).<\/p>\n<p>Ovaj hidrofon ima izvrsne smjerni\u010dke karakteristike: pri 100 kHz, je omnidirekcionalan na 360\u00b0 u x-y (radijalnoj) ravnini i 270\u00b0 u x-z (aksijalnoj) ravnini.<\/p>\n<p><a class=\"btn\" href=\"https:\/\/www.bksv.com\/en\/transducers\/acoustic\/microphones\/hydrophones\/8105\" target=\"_blank\" rel=\"noopener\">Ve\u010d informacij (ang.)<\/a><\/p>\n","protected":false},"featured_media":5100,"template":"","meta":{"content-type":""},"product_brand":[],"product_cat":[171],"product_tag":[102,106],"class_list":{"0":"post-7236","1":"product","2":"type-product","3":"status-publish","4":"has-post-thumbnail","6":"product_cat-hydrophone-hr","7":"product_tag-hottinger-bruel-kjaer-hr","8":"product_tag-industrija-hr","10":"first","11":"instock","12":"shipping-taxable","13":"product-type-simple"},"_links":{"self":[{"href":"https:\/\/ims.si\/hr\/wp-json\/wp\/v2\/product\/7236","targetHints":{"allow":["GET"]}}],"collection":[{"href":"https:\/\/ims.si\/hr\/wp-json\/wp\/v2\/product"}],"about":[{"href":"https:\/\/ims.si\/hr\/wp-json\/wp\/v2\/types\/product"}],"version-history":[{"count":0,"href":"https:\/\/ims.si\/hr\/wp-json\/wp\/v2\/product\/7236\/revisions"}],"wp:featuredmedia":[{"embeddable":true,"href":"https:\/\/ims.si\/hr\/wp-json\/wp\/v2\/media\/5100"}],"wp:attachment":[{"href":"https:\/\/ims.si\/hr\/wp-json\/wp\/v2\/media?parent=7236"}],"wp:term":[{"taxonomy":"product_brand","embeddable":true,"href":"https:\/\/ims.si\/hr\/wp-json\/wp\/v2\/product_brand?post=7236"},{"taxonomy":"product_cat","embeddable":true,"href":"https:\/\/ims.si\/hr\/wp-json\/wp\/v2\/product_cat?post=7236"},{"taxonomy":"product_tag","embeddable":true,"href":"https:\/\/ims.si\/hr\/wp-json\/wp\/v2\/product_tag?post=7236"}],"curies":[{"name":"wp","href":"https:\/\/api.w.org\/{rel}","templated":true}]}}