{"id":7237,"date":"2023-05-29T13:13:49","date_gmt":"2023-05-29T12:13:49","guid":{"rendered":"http:\/\/157.230.97.219\/izdelek\/hidrofon-8106\/"},"modified":"2024-03-01T09:25:51","modified_gmt":"2024-03-01T09:25:51","slug":"hidrofon-8106","status":"publish","type":"product","link":"https:\/\/ims.si\/hr\/izdelek\/hidrofon-8106\/","title":{"rendered":"Hidrofon 8106"},"content":{"rendered":"<p>Dizajniran za:<\/p>\n<ul>\n<li>Kalibracijske referentne standarde<\/li>\n<li>Ultrazvu\u010dna mjerenja u teku\u0107inama<\/li>\n<li>Mjerenja kavitacije<\/li>\n<li>Laboratorijska i industrijska mjerenja u teku\u0107inama i plinovima<\/li>\n<li>Podvodne projekte<\/li>\n<li>Mjerenja buke u vla\u017enim i zaga\u0111enim atmosferama<\/li>\n<\/ul>\n","protected":false},"excerpt":{"rendered":"<p>Tip 8106 je \u0161irokopojasni piezoelektri\u010dni hidrofon s pretpoja\u010dalom za izvo\u0111enje apsolutnih zvu\u010dnih mjerenja u rasponu frekvencija od 7 Hz do 80 kHz, s impresivnom osjetljivo\u0161\u0107u prijema od \u2212173 dB relatvino prema 1V\/\u03bcPa.<\/p>\n<p>Hidrofon je izra\u0111en za izdr\u017eavanje visokog stati\u010dkog tlaka, pri \u010demu je gornja operativna granica 107 Pa (100 atm \/ 1000 m dubine oceana).<\/p>\n<p><a class=\"btn\" href=\"https:\/\/www.bksv.com\/en\/transducers\/acoustic\/microphones\/hydrophones\/8106\" target=\"_blank\" rel=\"noopener\">Vi\u0161e informacija (eng.)<\/a><\/p>\n","protected":false},"featured_media":5097,"template":"","meta":{"content-type":""},"product_brand":[],"product_cat":[171],"product_tag":[102,106],"class_list":{"0":"post-7237","1":"product","2":"type-product","3":"status-publish","4":"has-post-thumbnail","6":"product_cat-hydrophone-hr","7":"product_tag-hottinger-bruel-kjaer-hr","8":"product_tag-industrija-hr","10":"first","11":"instock","12":"shipping-taxable","13":"product-type-simple"},"_links":{"self":[{"href":"https:\/\/ims.si\/hr\/wp-json\/wp\/v2\/product\/7237","targetHints":{"allow":["GET"]}}],"collection":[{"href":"https:\/\/ims.si\/hr\/wp-json\/wp\/v2\/product"}],"about":[{"href":"https:\/\/ims.si\/hr\/wp-json\/wp\/v2\/types\/product"}],"version-history":[{"count":0,"href":"https:\/\/ims.si\/hr\/wp-json\/wp\/v2\/product\/7237\/revisions"}],"wp:featuredmedia":[{"embeddable":true,"href":"https:\/\/ims.si\/hr\/wp-json\/wp\/v2\/media\/5097"}],"wp:attachment":[{"href":"https:\/\/ims.si\/hr\/wp-json\/wp\/v2\/media?parent=7237"}],"wp:term":[{"taxonomy":"product_brand","embeddable":true,"href":"https:\/\/ims.si\/hr\/wp-json\/wp\/v2\/product_brand?post=7237"},{"taxonomy":"product_cat","embeddable":true,"href":"https:\/\/ims.si\/hr\/wp-json\/wp\/v2\/product_cat?post=7237"},{"taxonomy":"product_tag","embeddable":true,"href":"https:\/\/ims.si\/hr\/wp-json\/wp\/v2\/product_tag?post=7237"}],"curies":[{"name":"wp","href":"https:\/\/api.w.org\/{rel}","templated":true}]}}