{"id":7238,"date":"2023-05-29T13:15:19","date_gmt":"2023-05-29T12:15:19","guid":{"rendered":"http:\/\/157.230.97.219\/izdelek\/mikrofon-4957\/"},"modified":"2024-03-01T09:28:11","modified_gmt":"2024-03-01T09:28:11","slug":"mikrofon-4957","status":"publish","type":"product","link":"https:\/\/ims.si\/hr\/izdelek\/mikrofon-4957\/","title":{"rendered":"Mikrofon 4957"},"content":{"rendered":"<p>Dizajniran za mjerenja pomo\u0107u:<\/p>\n<ul>\n<li>Prostorne transformacije zvu\u010dnih polja (STSF) Tip 7688<\/li>\n<li>Nestacionarna STSF (Spatial Transformation of Sound Fields) Tip 7712<\/li>\n<li>Beamforming Tip 7768<\/li>\n<li>Mjerenja pomo\u0107u ru\u010dnih array mikrofona<\/li>\n<li>Istovremeno snimanje vremenskih signala u srednjim do velikim array mikrofonima, na primjer, simulirana mjerenja prolaska<\/li>\n<li>Tro\u0161kovno u\u010dinkovita mjerenja u vozilu<\/li>\n<\/ul>\n","protected":false},"excerpt":{"rendered":"<p>Array mikrofon Tip 4957 koristi se u kombinaciji s drugim array mikrofonima i dizajniran je s odre\u0111enim i stabilnim faznim podudaranjem u \u0161irokom rasponu temperatura i vla\u017enosti.<\/p>\n<p>Pogodan je za upotrebu u sustavima koji zahtjevaju veliki broj mikrofona, primjerice, beamforming array-i, mjerenja STSF-a i nestacionarna STSF mjerenja.<\/p>\n<p><a class=\"btn\" href=\"https:\/\/www.bksv.com\/en\/transducers\/acoustic\/microphones\/special-microphones\/4957\" target=\"_blank\" rel=\"noopener\">Vi\u0161e informacija (eng.)<\/a><\/p>\n","protected":false},"featured_media":5076,"template":"","meta":{"content-type":""},"product_brand":[],"product_cat":[168],"product_tag":[102,106],"class_list":{"0":"post-7238","1":"product","2":"type-product","3":"status-publish","4":"has-post-thumbnail","6":"product_cat-array-hr","7":"product_tag-hottinger-bruel-kjaer-hr","8":"product_tag-industrija-hr","10":"first","11":"instock","12":"shipping-taxable","13":"product-type-simple"},"_links":{"self":[{"href":"https:\/\/ims.si\/hr\/wp-json\/wp\/v2\/product\/7238","targetHints":{"allow":["GET"]}}],"collection":[{"href":"https:\/\/ims.si\/hr\/wp-json\/wp\/v2\/product"}],"about":[{"href":"https:\/\/ims.si\/hr\/wp-json\/wp\/v2\/types\/product"}],"version-history":[{"count":0,"href":"https:\/\/ims.si\/hr\/wp-json\/wp\/v2\/product\/7238\/revisions"}],"wp:featuredmedia":[{"embeddable":true,"href":"https:\/\/ims.si\/hr\/wp-json\/wp\/v2\/media\/5076"}],"wp:attachment":[{"href":"https:\/\/ims.si\/hr\/wp-json\/wp\/v2\/media?parent=7238"}],"wp:term":[{"taxonomy":"product_brand","embeddable":true,"href":"https:\/\/ims.si\/hr\/wp-json\/wp\/v2\/product_brand?post=7238"},{"taxonomy":"product_cat","embeddable":true,"href":"https:\/\/ims.si\/hr\/wp-json\/wp\/v2\/product_cat?post=7238"},{"taxonomy":"product_tag","embeddable":true,"href":"https:\/\/ims.si\/hr\/wp-json\/wp\/v2\/product_tag?post=7238"}],"curies":[{"name":"wp","href":"https:\/\/api.w.org\/{rel}","templated":true}]}}