{"id":7241,"date":"2023-05-29T13:15:41","date_gmt":"2023-05-29T12:15:41","guid":{"rendered":"http:\/\/157.230.97.219\/izdelek\/mikrofon-3599\/"},"modified":"2024-03-01T09:35:15","modified_gmt":"2024-03-01T09:35:15","slug":"mikrofon-3599","status":"publish","type":"product","link":"https:\/\/ims.si\/hr\/izdelek\/mikrofon-3599\/","title":{"rendered":"Mikrofon 3599"},"content":{"rendered":"<p>Dizajniran za:<\/p>\n<ul>\n<li>Mjerenja zvu\u010dne intenzitete koriste\u0107i tehniku s dva mikrofona u skladu s normom IEC 1043 razreda 1<\/li>\n<li>Mjerenja zvu\u010dne snage prema normama ISO 9614 \u2013 1, ISO 9614 \u2013 2, ECMA 160 i ANSI S 12 \u2013 12<\/li>\n<li>Mapiranje zvu\u010dne intenzitete<\/li>\n<\/ul>\n","protected":false},"excerpt":{"rendered":"<p>Mikrofon 3599 je komplet sa sondom sa dva mikrofona za mjerenje zvu\u010dne intenzitete. Posebno je dizajniran za upotrebu sa analizatorima zvu\u010dne intenzitete Br\u00fcel &amp; Kj\u00e6r 2270.<\/p>\n<p>Set za mjerenje zvu\u010dne intenzitete uklju\u010duje daljinski upravlja\u010d ZH-0632 i par mikrofona za zvu\u010dnu intenzitet, tip 4197, omogu\u0107avaju\u0107i mjerenja frekvencije u opsegu od 20 Hz do 6.3 kHz. Gornja granica centralne frekvencije mo\u017ee se pro\u0161iriti na 10 kHz uz pomo\u0107 korekcije pritiska.<\/p>\n<p><a class=\"btn\" href=\"https:\/\/www.bksv.com\/en\/transducers\/acoustic\/sound-intensity-probes\/3599\" target=\"_blank\" rel=\"noopener\">Ve\u010d informacij (ang.)<\/a><\/p>\n","protected":false},"featured_media":5070,"template":"","meta":{"content-type":""},"product_brand":[],"product_cat":[172],"product_tag":[102,106],"class_list":{"0":"post-7241","1":"product","2":"type-product","3":"status-publish","4":"has-post-thumbnail","6":"product_cat-intensity-hr","7":"product_tag-hottinger-bruel-kjaer-hr","8":"product_tag-industrija-hr","10":"first","11":"instock","12":"shipping-taxable","13":"product-type-simple"},"_links":{"self":[{"href":"https:\/\/ims.si\/hr\/wp-json\/wp\/v2\/product\/7241","targetHints":{"allow":["GET"]}}],"collection":[{"href":"https:\/\/ims.si\/hr\/wp-json\/wp\/v2\/product"}],"about":[{"href":"https:\/\/ims.si\/hr\/wp-json\/wp\/v2\/types\/product"}],"version-history":[{"count":0,"href":"https:\/\/ims.si\/hr\/wp-json\/wp\/v2\/product\/7241\/revisions"}],"wp:featuredmedia":[{"embeddable":true,"href":"https:\/\/ims.si\/hr\/wp-json\/wp\/v2\/media\/5070"}],"wp:attachment":[{"href":"https:\/\/ims.si\/hr\/wp-json\/wp\/v2\/media?parent=7241"}],"wp:term":[{"taxonomy":"product_brand","embeddable":true,"href":"https:\/\/ims.si\/hr\/wp-json\/wp\/v2\/product_brand?post=7241"},{"taxonomy":"product_cat","embeddable":true,"href":"https:\/\/ims.si\/hr\/wp-json\/wp\/v2\/product_cat?post=7241"},{"taxonomy":"product_tag","embeddable":true,"href":"https:\/\/ims.si\/hr\/wp-json\/wp\/v2\/product_tag?post=7241"}],"curies":[{"name":"wp","href":"https:\/\/api.w.org\/{rel}","templated":true}]}}