{"id":7242,"date":"2023-05-29T13:16:11","date_gmt":"2023-05-29T12:16:11","guid":{"rendered":"http:\/\/157.230.97.219\/izdelek\/mikrofon-3654\/"},"modified":"2024-03-01T09:37:58","modified_gmt":"2024-03-01T09:37:58","slug":"mikrofon-3654","status":"publish","type":"product","link":"https:\/\/ims.si\/hr\/izdelek\/mikrofon-3654\/","title":{"rendered":"Mikrofon 3654"},"content":{"rendered":"<p>Dizajniran za:<\/p>\n<ul>\n<li>Mjerenja zvu\u010dne intenzitete primjenom tehnike s dva mikrofona u skladu s IEC 1043, razredom 1<\/li>\n<li>Mjerenja zvu\u010dne snage u skladu s ISO 9614-1, ISO 9614-2, ECMA 160 i ANSI S 12-12<\/li>\n<\/ul>\n","protected":false},"excerpt":{"rendered":"<p>Komplet za mjerenje zvu\u010dnog intenziteta Tip 3654 uklju\u010duje par mikrofona za zvu\u010dnu intenzitet veli\u010dine \u00bd&#8221; (Tip 4197) za mjerenje frekvencija od 20 Hz do 6,3 kHz.<\/p>\n<p>Pro\u0161irenje frekvencije na 10 kHz mogu\u0107e je posti\u0107i kori\u0161tenjem korekcije pritiska. Kada se koristi s parom mikrofona veli\u010dine \u00bd&#8221; (Tip 4197), sonda je u skladu s normom IEC 1043 razreda 1.<\/p>\n<p>Ovi mikrofoni veli\u010dine \u00bd&#8221; sadr\u017ee patentirane korektore faze, koji omogu\u0107avaju precizno uskla\u0111ivanje faza niskih frekvencija, \u0161to rezultira pove\u0107anim rasponom i to\u010dno\u0161\u0107u mjerenja.<\/p>\n<p><a class=\"btn\" href=\"https:\/\/www.bksv.com\/en\/transducers\/acoustic\/sound-intensity-probes\/3654\" target=\"_blank\" rel=\"noopener\">Vi\u0161e informacija (eng.)<\/a><\/p>\n","protected":false},"featured_media":5067,"template":"","meta":{"content-type":""},"product_brand":[],"product_cat":[172],"product_tag":[102,106],"class_list":{"0":"post-7242","1":"product","2":"type-product","3":"status-publish","4":"has-post-thumbnail","6":"product_cat-intensity-hr","7":"product_tag-hottinger-bruel-kjaer-hr","8":"product_tag-industrija-hr","10":"first","11":"instock","12":"shipping-taxable","13":"product-type-simple"},"_links":{"self":[{"href":"https:\/\/ims.si\/hr\/wp-json\/wp\/v2\/product\/7242","targetHints":{"allow":["GET"]}}],"collection":[{"href":"https:\/\/ims.si\/hr\/wp-json\/wp\/v2\/product"}],"about":[{"href":"https:\/\/ims.si\/hr\/wp-json\/wp\/v2\/types\/product"}],"version-history":[{"count":0,"href":"https:\/\/ims.si\/hr\/wp-json\/wp\/v2\/product\/7242\/revisions"}],"wp:featuredmedia":[{"embeddable":true,"href":"https:\/\/ims.si\/hr\/wp-json\/wp\/v2\/media\/5067"}],"wp:attachment":[{"href":"https:\/\/ims.si\/hr\/wp-json\/wp\/v2\/media?parent=7242"}],"wp:term":[{"taxonomy":"product_brand","embeddable":true,"href":"https:\/\/ims.si\/hr\/wp-json\/wp\/v2\/product_brand?post=7242"},{"taxonomy":"product_cat","embeddable":true,"href":"https:\/\/ims.si\/hr\/wp-json\/wp\/v2\/product_cat?post=7242"},{"taxonomy":"product_tag","embeddable":true,"href":"https:\/\/ims.si\/hr\/wp-json\/wp\/v2\/product_tag?post=7242"}],"curies":[{"name":"wp","href":"https:\/\/api.w.org\/{rel}","templated":true}]}}