{"id":7243,"date":"2023-05-29T13:16:32","date_gmt":"2023-05-29T12:16:32","guid":{"rendered":"http:\/\/157.230.97.219\/izdelek\/mikrofonski-kabeli\/"},"modified":"2023-05-29T13:16:32","modified_gmt":"2023-05-29T12:16:32","slug":"mikrofonski-kabeli","status":"publish","type":"product","link":"https:\/\/ims.si\/hr\/izdelek\/mikrofonski-kabeli\/","title":{"rendered":"Mikrofonski kabeli"},"content":{"rendered":"<p>Cijeli katalog dostupnih mikrofonskih kabela mo\u017eete prona\u0107i ovdje:<\/p>\n<p><a class=\"btn\" href=\"https:\/\/www.bksv.com\/en\/transducers\/acoustic\/accessories\/cables\" target=\"_blank\" rel=\"noopener\">Katalog (eng.)<\/a><\/p>\n","protected":false},"excerpt":{"rendered":"<p>Najbolja veza izme\u0111u A i B je kabel od Br\u00fcel &amp; Kj\u00e6r. Kvalitetni kabeli pru\u017eaju mnogo vi\u0161e od elektri\u010dne veze izme\u0111u dvije to\u010dke.<\/p>\n<p>Kabeli Br\u00fcel &amp; Kj\u00e6r pa\u017eljivo su odabrani i dizajnirani kako bi pru\u017eili izvrsna elektri\u010dna svojstva: visoku za\u0161titu od smetnji i nisku kapacitivnost u kombinaciji s maksimalnom \u010dvrsto\u0107om.<\/p>\n","protected":false},"featured_media":5064,"template":"","meta":{"content-type":""},"product_brand":[],"product_cat":[228],"product_tag":[102],"class_list":{"0":"post-7243","1":"product","2":"type-product","3":"status-publish","4":"has-post-thumbnail","6":"product_cat-mikrofonski-kabeli","7":"product_tag-hottinger-bruel-kjaer-hr","9":"first","10":"instock","11":"shipping-taxable","12":"product-type-simple"},"_links":{"self":[{"href":"https:\/\/ims.si\/hr\/wp-json\/wp\/v2\/product\/7243","targetHints":{"allow":["GET"]}}],"collection":[{"href":"https:\/\/ims.si\/hr\/wp-json\/wp\/v2\/product"}],"about":[{"href":"https:\/\/ims.si\/hr\/wp-json\/wp\/v2\/types\/product"}],"version-history":[{"count":0,"href":"https:\/\/ims.si\/hr\/wp-json\/wp\/v2\/product\/7243\/revisions"}],"wp:featuredmedia":[{"embeddable":true,"href":"https:\/\/ims.si\/hr\/wp-json\/wp\/v2\/media\/5064"}],"wp:attachment":[{"href":"https:\/\/ims.si\/hr\/wp-json\/wp\/v2\/media?parent=7243"}],"wp:term":[{"taxonomy":"product_brand","embeddable":true,"href":"https:\/\/ims.si\/hr\/wp-json\/wp\/v2\/product_brand?post=7243"},{"taxonomy":"product_cat","embeddable":true,"href":"https:\/\/ims.si\/hr\/wp-json\/wp\/v2\/product_cat?post=7243"},{"taxonomy":"product_tag","embeddable":true,"href":"https:\/\/ims.si\/hr\/wp-json\/wp\/v2\/product_tag?post=7243"}],"curies":[{"name":"wp","href":"https:\/\/api.w.org\/{rel}","templated":true}]}}