{"id":7244,"date":"2023-06-15T09:17:55","date_gmt":"2023-06-15T08:17:55","guid":{"rendered":"http:\/\/157.230.97.219\/izdelek\/akcelerometarski-kabeli\/"},"modified":"2024-03-01T09:48:33","modified_gmt":"2024-03-01T09:48:33","slug":"akcelerometarski-kabeli","status":"publish","type":"product","link":"https:\/\/ims.si\/hr\/izdelek\/akcelerometarski-kabeli\/","title":{"rendered":"Akcelerometarski kabeli"},"content":{"rendered":"<p>Cijeli katalog dostupnih akcelerometarskih kabela mo\u017eete prona\u0107i ovdje:<\/p>\n<p><a class=\"btn\" href=\"https:\/\/www.bksv.com\/en\/transducers\/vibration\/accessories\/cables\" target=\"_blank\" rel=\"noopener\">Katalog (eng.)<\/a><\/p>\n","protected":false},"excerpt":{"rendered":"<p>Dostupan je niz kabela za povezivanje akcelerometara. Svi kabeli uklju\u010duju poseban tretman za smanjenje buke unutar kabela i pojedina\u010dno su testirani u smislu mehani\u010dkih i elektri\u010dnih performansi.<\/p>\n","protected":false},"featured_media":5049,"template":"","meta":{"content-type":""},"product_brand":[],"product_cat":[229],"product_tag":[102],"class_list":{"0":"post-7244","1":"product","2":"type-product","3":"status-publish","4":"has-post-thumbnail","6":"product_cat-akcelerometarski-kabeli","7":"product_tag-hottinger-bruel-kjaer-hr","9":"first","10":"instock","11":"shipping-taxable","12":"product-type-simple"},"_links":{"self":[{"href":"https:\/\/ims.si\/hr\/wp-json\/wp\/v2\/product\/7244","targetHints":{"allow":["GET"]}}],"collection":[{"href":"https:\/\/ims.si\/hr\/wp-json\/wp\/v2\/product"}],"about":[{"href":"https:\/\/ims.si\/hr\/wp-json\/wp\/v2\/types\/product"}],"version-history":[{"count":0,"href":"https:\/\/ims.si\/hr\/wp-json\/wp\/v2\/product\/7244\/revisions"}],"wp:featuredmedia":[{"embeddable":true,"href":"https:\/\/ims.si\/hr\/wp-json\/wp\/v2\/media\/5049"}],"wp:attachment":[{"href":"https:\/\/ims.si\/hr\/wp-json\/wp\/v2\/media?parent=7244"}],"wp:term":[{"taxonomy":"product_brand","embeddable":true,"href":"https:\/\/ims.si\/hr\/wp-json\/wp\/v2\/product_brand?post=7244"},{"taxonomy":"product_cat","embeddable":true,"href":"https:\/\/ims.si\/hr\/wp-json\/wp\/v2\/product_cat?post=7244"},{"taxonomy":"product_tag","embeddable":true,"href":"https:\/\/ims.si\/hr\/wp-json\/wp\/v2\/product_tag?post=7244"}],"curies":[{"name":"wp","href":"https:\/\/api.w.org\/{rel}","templated":true}]}}