{"id":7245,"date":"2023-06-15T09:19:55","date_gmt":"2023-06-15T08:19:55","guid":{"rendered":"http:\/\/157.230.97.219\/izdelek\/dodatki-za-mikrofone\/"},"modified":"2024-03-01T10:35:24","modified_gmt":"2024-03-01T10:35:24","slug":"mikrofonski-dodatci","status":"publish","type":"product","link":"https:\/\/ims.si\/hr\/izdelek\/mikrofonski-dodatci\/","title":{"rendered":"Mikrofonski dodatci"},"content":{"rendered":"<p>Br\u00fcel &amp; Kj\u00e6r-ove tripodi, za\u0161titne mre\u017eice, dr\u017ea\u010di i mjerni setovi dizajnirani su kako bi pru\u017eili precizne rezultate &#8211; u bilo kojoj okolini.<\/p>\n<p>Cijeli katalog dostupnih dodataka za mikrofone mo\u017eete prona\u0107i ovdje:<\/p>\n<p><a class=\"btn\" href=\"https:\/\/www.bksv.com\/en\/transducers\/acoustic\/accessories\" target=\"_blank\" rel=\"noopener\">Katalog (eng.)<\/a><\/p>\n","protected":false},"excerpt":{"rendered":"<p>Mikrofonski dodatci su klju\u010dni dijelovi opreme za postizanje preciznih rezultata, pogotovo kod mjerenja na otvorenom gdje vjetar, ki\u0161a i turbulencija mogu utjecati na rezultate mjerenja.<\/p>\n","protected":false},"featured_media":5034,"template":"","meta":{"content-type":""},"product_brand":[],"product_cat":[230],"product_tag":[102],"class_list":{"0":"post-7245","1":"product","2":"type-product","3":"status-publish","4":"has-post-thumbnail","6":"product_cat-dodatci-za-mikrofone","7":"product_tag-hottinger-bruel-kjaer-hr","9":"first","10":"instock","11":"shipping-taxable","12":"product-type-simple"},"_links":{"self":[{"href":"https:\/\/ims.si\/hr\/wp-json\/wp\/v2\/product\/7245","targetHints":{"allow":["GET"]}}],"collection":[{"href":"https:\/\/ims.si\/hr\/wp-json\/wp\/v2\/product"}],"about":[{"href":"https:\/\/ims.si\/hr\/wp-json\/wp\/v2\/types\/product"}],"version-history":[{"count":0,"href":"https:\/\/ims.si\/hr\/wp-json\/wp\/v2\/product\/7245\/revisions"}],"wp:featuredmedia":[{"embeddable":true,"href":"https:\/\/ims.si\/hr\/wp-json\/wp\/v2\/media\/5034"}],"wp:attachment":[{"href":"https:\/\/ims.si\/hr\/wp-json\/wp\/v2\/media?parent=7245"}],"wp:term":[{"taxonomy":"product_brand","embeddable":true,"href":"https:\/\/ims.si\/hr\/wp-json\/wp\/v2\/product_brand?post=7245"},{"taxonomy":"product_cat","embeddable":true,"href":"https:\/\/ims.si\/hr\/wp-json\/wp\/v2\/product_cat?post=7245"},{"taxonomy":"product_tag","embeddable":true,"href":"https:\/\/ims.si\/hr\/wp-json\/wp\/v2\/product_tag?post=7245"}],"curies":[{"name":"wp","href":"https:\/\/api.w.org\/{rel}","templated":true}]}}