{"id":7246,"date":"2023-06-15T09:21:17","date_gmt":"2023-06-15T08:21:17","guid":{"rendered":"http:\/\/157.230.97.219\/izdelek\/dodatci-za-akcelerometre\/"},"modified":"2023-06-15T09:21:17","modified_gmt":"2023-06-15T08:21:17","slug":"dodatci-za-akcelerometre","status":"publish","type":"product","link":"https:\/\/ims.si\/hr\/izdelek\/dodatci-za-akcelerometre\/","title":{"rendered":"Dodatci za akcelerometre"},"content":{"rendered":"<p>Da bi se postigli kvalitetni rezultati mjerenja akcelerometrom, Br\u00fcel &amp; Kj\u00e6r nudi \u0161irok spektar visoko specijaliziranog pribora, uklju\u010duju\u0107i adaptere, mehani\u010dke filtre i mnoge vrste monta\u017enih dodataka.<\/p>\n<p>Cijeli katalog dostupnih dodataka za akcelerometre mo\u017eete prona\u0107i ovdje:<\/p>\n<p><a class=\"btn\" href=\"https:\/\/www.bksv.com\/en\/transducers\/vibration\/accessories\" target=\"_blank\" rel=\"noopener\">Katalog (eng.)<\/a><\/p>\n","protected":false},"excerpt":{"rendered":"<p>Za precizno mjerenje vibracija, potrebno je osigurati da korisni frekvencijski raspon i dinami\u010dki raspon nisu ograni\u010deni zbog lo\u0161e monta\u017ee akcelerometra ili lo\u0161e kvalitete pribora.<\/p>\n","protected":false},"featured_media":4995,"template":"","meta":{"content-type":""},"product_brand":[],"product_cat":[231],"product_tag":[102],"class_list":{"0":"post-7246","1":"product","2":"type-product","3":"status-publish","4":"has-post-thumbnail","6":"product_cat-dodatci-za-akcelerometre","7":"product_tag-hottinger-bruel-kjaer-hr","9":"first","10":"instock","11":"shipping-taxable","12":"product-type-simple"},"_links":{"self":[{"href":"https:\/\/ims.si\/hr\/wp-json\/wp\/v2\/product\/7246","targetHints":{"allow":["GET"]}}],"collection":[{"href":"https:\/\/ims.si\/hr\/wp-json\/wp\/v2\/product"}],"about":[{"href":"https:\/\/ims.si\/hr\/wp-json\/wp\/v2\/types\/product"}],"version-history":[{"count":0,"href":"https:\/\/ims.si\/hr\/wp-json\/wp\/v2\/product\/7246\/revisions"}],"wp:featuredmedia":[{"embeddable":true,"href":"https:\/\/ims.si\/hr\/wp-json\/wp\/v2\/media\/4995"}],"wp:attachment":[{"href":"https:\/\/ims.si\/hr\/wp-json\/wp\/v2\/media?parent=7246"}],"wp:term":[{"taxonomy":"product_brand","embeddable":true,"href":"https:\/\/ims.si\/hr\/wp-json\/wp\/v2\/product_brand?post=7246"},{"taxonomy":"product_cat","embeddable":true,"href":"https:\/\/ims.si\/hr\/wp-json\/wp\/v2\/product_cat?post=7246"},{"taxonomy":"product_tag","embeddable":true,"href":"https:\/\/ims.si\/hr\/wp-json\/wp\/v2\/product_tag?post=7246"}],"curies":[{"name":"wp","href":"https:\/\/api.w.org\/{rel}","templated":true}]}}