{"id":7257,"date":"2023-06-15T09:22:26","date_gmt":"2023-06-15T08:22:26","guid":{"rendered":"http:\/\/157.230.97.219\/izdelek\/dodatci-za-zvukomjere\/"},"modified":"2023-06-15T09:22:26","modified_gmt":"2023-06-15T08:22:26","slug":"dodatci-za-zvukomjere","status":"publish","type":"product","link":"https:\/\/ims.si\/hr\/izdelek\/dodatci-za-zvukomjere\/","title":{"rendered":"Dodatci za zvukomjere"},"content":{"rendered":"<p>Dostupni su \u0161iroki spektri kabela, produ\u017enih kabela, konektora i adaptera za mikrofone. Dodaci za zvukomjere poma\u017eu vam za\u0161tititi opremu, istovremeno osiguravaju\u0107i mjerenje visoke kvalitete koje zadovoljava sve me\u0111unarodne standarde.<\/p>\n<p>Cijeli katalog dostupnih dodataka za zvukomjere mo\u017eete prona\u0107i ovdje:<\/p>\n<p><a class=\"btn\" href=\"https:\/\/www.bksv.com\/en\/instruments\/handheld\/accessories\" target=\"_blank\" rel=\"noopener\">Katalog (eng.)<\/a><\/p>\n","protected":false},"excerpt":{"rendered":"<p>Dodaci za zvukomjere pru\u017eaju kvalitetnu opremu koja vam poma\u017ee posti\u0107i precizne rezultate mjerenja &#8211; u svim uvjetima.<\/p>\n","protected":false},"featured_media":4968,"template":"","meta":{"content-type":""},"product_brand":[],"product_cat":[232],"product_tag":[102],"class_list":{"0":"post-7257","1":"product","2":"type-product","3":"status-publish","4":"has-post-thumbnail","6":"product_cat-dodatci-za-zvukomjere","7":"product_tag-hottinger-bruel-kjaer-hr","9":"first","10":"instock","11":"shipping-taxable","12":"product-type-simple"},"_links":{"self":[{"href":"https:\/\/ims.si\/hr\/wp-json\/wp\/v2\/product\/7257","targetHints":{"allow":["GET"]}}],"collection":[{"href":"https:\/\/ims.si\/hr\/wp-json\/wp\/v2\/product"}],"about":[{"href":"https:\/\/ims.si\/hr\/wp-json\/wp\/v2\/types\/product"}],"version-history":[{"count":0,"href":"https:\/\/ims.si\/hr\/wp-json\/wp\/v2\/product\/7257\/revisions"}],"wp:featuredmedia":[{"embeddable":true,"href":"https:\/\/ims.si\/hr\/wp-json\/wp\/v2\/media\/4968"}],"wp:attachment":[{"href":"https:\/\/ims.si\/hr\/wp-json\/wp\/v2\/media?parent=7257"}],"wp:term":[{"taxonomy":"product_brand","embeddable":true,"href":"https:\/\/ims.si\/hr\/wp-json\/wp\/v2\/product_brand?post=7257"},{"taxonomy":"product_cat","embeddable":true,"href":"https:\/\/ims.si\/hr\/wp-json\/wp\/v2\/product_cat?post=7257"},{"taxonomy":"product_tag","embeddable":true,"href":"https:\/\/ims.si\/hr\/wp-json\/wp\/v2\/product_tag?post=7257"}],"curies":[{"name":"wp","href":"https:\/\/api.w.org\/{rel}","templated":true}]}}