{"id":7259,"date":"2023-06-15T09:23:44","date_gmt":"2023-06-15T08:23:44","guid":{"rendered":"http:\/\/157.230.97.219\/izdelek\/akusticni-kalibrator-4228\/"},"modified":"2024-03-01T10:29:13","modified_gmt":"2024-03-01T10:29:13","slug":"akusticni-kalibrator-4228","status":"publish","type":"product","link":"https:\/\/ims.si\/hr\/izdelek\/akusticni-kalibrator-4228\/","title":{"rendered":"Akusti\u010dni kalibrator 4228"},"content":{"rendered":"<p>Dizajniran za:<\/p>\n<ul>\n<li>Laboratorijske standarde<\/li>\n<li>Kalibraciju zvukomjera i ostale opreme za mjerenje zvuka<\/li>\n<li>Terensku i laboratorijsku upotrebu<\/li>\n<\/ul>\n","protected":false},"excerpt":{"rendered":"<p>4228 kalibrator je dizajniran za kalibraciju zvukomjera i mikrofona, te je idealan za terensku kalibraciju u \u0161irokom rasponu temperatura, vla\u017enosti i tlaka, pri \u010demu se odr\u017eava visoka preciznost.<\/p>\n<p>Uz uklju\u010deni barometar, zadovoljava klasu 1L prema normi IEC 942 (1988), dok uz vanjski barometar mo\u017ee zadovoljiti klasu 0L prema istoj normi IEC 942 (1988). Tako\u0111er zadovoljava normu ANSI S1.40-1984.<\/p>\n<p><a class=\"btn\" href=\"https:\/\/www.bksv.com\/en\/transducers\/acoustic\/calibrators\/pistonphone\" target=\"_blank\" rel=\"noopener\">Vi\u0161e informacija (eng.)<\/a><\/p>\n","protected":false},"featured_media":4953,"template":"","meta":{"content-type":""},"product_brand":[],"product_cat":[234],"product_tag":[102],"class_list":{"0":"post-7259","1":"product","2":"type-product","3":"status-publish","4":"has-post-thumbnail","6":"product_cat-akusticni-kalibratorji-hr","7":"product_tag-hottinger-bruel-kjaer-hr","9":"first","10":"instock","11":"shipping-taxable","12":"product-type-simple"},"_links":{"self":[{"href":"https:\/\/ims.si\/hr\/wp-json\/wp\/v2\/product\/7259","targetHints":{"allow":["GET"]}}],"collection":[{"href":"https:\/\/ims.si\/hr\/wp-json\/wp\/v2\/product"}],"about":[{"href":"https:\/\/ims.si\/hr\/wp-json\/wp\/v2\/types\/product"}],"version-history":[{"count":0,"href":"https:\/\/ims.si\/hr\/wp-json\/wp\/v2\/product\/7259\/revisions"}],"wp:featuredmedia":[{"embeddable":true,"href":"https:\/\/ims.si\/hr\/wp-json\/wp\/v2\/media\/4953"}],"wp:attachment":[{"href":"https:\/\/ims.si\/hr\/wp-json\/wp\/v2\/media?parent=7259"}],"wp:term":[{"taxonomy":"product_brand","embeddable":true,"href":"https:\/\/ims.si\/hr\/wp-json\/wp\/v2\/product_brand?post=7259"},{"taxonomy":"product_cat","embeddable":true,"href":"https:\/\/ims.si\/hr\/wp-json\/wp\/v2\/product_cat?post=7259"},{"taxonomy":"product_tag","embeddable":true,"href":"https:\/\/ims.si\/hr\/wp-json\/wp\/v2\/product_tag?post=7259"}],"curies":[{"name":"wp","href":"https:\/\/api.w.org\/{rel}","templated":true}]}}