{"id":7260,"date":"2023-06-15T09:24:06","date_gmt":"2023-06-15T08:24:06","guid":{"rendered":"http:\/\/157.230.97.219\/izdelek\/akcelerometarski-kalibrator-4294\/"},"modified":"2024-03-01T10:34:16","modified_gmt":"2024-03-01T10:34:16","slug":"akcelerometarski-kalibrator-4294","status":"publish","type":"product","link":"https:\/\/ims.si\/hr\/izdelek\/akcelerometarski-kalibrator-4294\/","title":{"rendered":"Akcelerometarski kalibrator 4294"},"content":{"rendered":"<ul>\n<li>Mali, lagan i napajan baterijom<\/li>\n<li>Ko\u017ena futrola za za\u0161titu od udaraca<\/li>\n<li>Dizajniran za svakodnevnu upotrebu u zahtjevnim okru\u017eenjima<\/li>\n<li>Kalibracija ubrzanja, brzine i pomaka<\/li>\n<li>Kontrola rada na 159,15 Hz (1000 rad\/s)<\/li>\n<li>Testiran na otpornost na padove i okoli\u0161 prema normi IEC 60068<\/li>\n<li>Otporan na prskanje prema standardu IP 54 (IEC 60529)<\/li>\n<\/ul>\n","protected":false},"excerpt":{"rendered":"<p>4294 kalibrator pru\u017ea preciznu kalibraciju ubrzanja, brzine i pomaka akcelerometara te op\u0107enite instrumentacije. Kalibrator je prijenosan, napajan baterijom i neophodan alat za svakodnevnu upotrebu u promjenjivim okru\u017eenjima.<\/p>\n<p>Kalibrator vibracija omogu\u0107uje precizno pode\u0161avanje mjernih instrumenata i pretvara\u010da, poput akcelerometara, na standardnoj razini ubrzanja od 10 ms^2 (0 &#8211; 70 g optere\u0107enje).<\/p>\n<p><a class=\"btn\" href=\"https:\/\/www.bksv.com\/en\/transducers\/vibration\/vibration-calibrator\" target=\"_blank\" rel=\"noopener\">Vi\u0161e informacija (eng.)<\/a><\/p>\n","protected":false},"featured_media":4947,"template":"","meta":{"content-type":""},"product_brand":[],"product_cat":[235],"product_tag":[102],"class_list":{"0":"post-7260","1":"product","2":"type-product","3":"status-publish","4":"has-post-thumbnail","6":"product_cat-akcelerometarski-kalibratori","7":"product_tag-hottinger-bruel-kjaer-hr","9":"first","10":"instock","11":"shipping-taxable","12":"product-type-simple"},"_links":{"self":[{"href":"https:\/\/ims.si\/hr\/wp-json\/wp\/v2\/product\/7260","targetHints":{"allow":["GET"]}}],"collection":[{"href":"https:\/\/ims.si\/hr\/wp-json\/wp\/v2\/product"}],"about":[{"href":"https:\/\/ims.si\/hr\/wp-json\/wp\/v2\/types\/product"}],"version-history":[{"count":0,"href":"https:\/\/ims.si\/hr\/wp-json\/wp\/v2\/product\/7260\/revisions"}],"wp:featuredmedia":[{"embeddable":true,"href":"https:\/\/ims.si\/hr\/wp-json\/wp\/v2\/media\/4947"}],"wp:attachment":[{"href":"https:\/\/ims.si\/hr\/wp-json\/wp\/v2\/media?parent=7260"}],"wp:term":[{"taxonomy":"product_brand","embeddable":true,"href":"https:\/\/ims.si\/hr\/wp-json\/wp\/v2\/product_brand?post=7260"},{"taxonomy":"product_cat","embeddable":true,"href":"https:\/\/ims.si\/hr\/wp-json\/wp\/v2\/product_cat?post=7260"},{"taxonomy":"product_tag","embeddable":true,"href":"https:\/\/ims.si\/hr\/wp-json\/wp\/v2\/product_tag?post=7260"}],"curies":[{"name":"wp","href":"https:\/\/api.w.org\/{rel}","templated":true}]}}