{"id":7261,"date":"2023-06-15T08:59:52","date_gmt":"2023-06-15T06:59:52","guid":{"rendered":"http:\/\/157.230.97.219\/izdelek\/bk-connect\/"},"modified":"2024-03-01T10:53:46","modified_gmt":"2024-03-01T10:53:46","slug":"bk-connect","status":"publish","type":"product","link":"https:\/\/ims.si\/hr\/izdelek\/bk-connect\/","title":{"rendered":"BK Connect"},"content":{"rendered":"<p>Osnovne aplikacije BK Connecta dizajnirane su za op\u0107enito in\u017eenjerstvo zvuka i vibracija. Zajedno, pru\u017eaju sveobuhvatan skup alata za mjerenja u stvarnom vremenu i obradu podataka s fleksibilno\u0161\u0107u za razli\u010dite in\u017eenjerske scenarije &#8211; od ponavljaju\u0107ih, standardiziranih ispitivanja do slo\u017eenih istra\u017eivanja za otklanjanje problema.<\/p>\n<p>Osnovne aplikacije BK Connecta su sljede\u0107e:<\/p>\n<ul>\n<li><a href=\"https:\/\/www.bksv.com\/en\/analysis-software\/data-acquisition-software\/bk-connect\/data-management\/data-viewer\" target=\"_blank\" rel=\"noopener\">BK Connect Data Viewer<\/a> za upravljanje podacima, pregledavanje i izvje\u0161tavanje<\/li>\n<li><a href=\"https:\/\/www.bksv.com\/en\/analysis-software\/data-acquisition-software\/bk-connect\/setup-and-recording\/hardware-setup\" target=\"_blank\" rel=\"noopener\">BK Connect Hardware Setup<\/a> za postavljanje pretvara\u010da i hardvera<\/li>\n<li><a href=\"https:\/\/www.bksv.com\/en\/analysis-software\/data-acquisition-software\/bk-connect\/setup-and-recording\/time-data-recorder\" target=\"_blank\" rel=\"noopener\">BK Connect Time Data Recorder<\/a> za posebno snimanje i pregled vremenskih podataka<\/li>\n<li><a href=\"https:\/\/www.bksv.com\/en\/analysis-software\/data-acquisition-software\/bk-connect\/signal-analysis\/data-processing\" target=\"_blank\" rel=\"noopener\">BK Connect Data Processing<\/a> za mjerenja u stvarnom vremenu i obradu vremenskih ili funkcionalnih podataka.<\/li>\n<\/ul>\n<p>BK Connect &#8220;Applet-i&#8221; su prilago\u0111ene za zadovoljavanje specifi\u010dnih potreba testiranja i analize. Svaki &#8220;Applet&#8221; je dizajnirana za odre\u0111eni zadatak. Kada se kombiniraju, BK Connect pru\u017ea mo\u0107an skup alata s inovativnim radnim tokovima i zna\u010dajkama za specifi\u010dne zadatke mjerenja, analize i izvje\u0161tavanja.<\/p>\n<p><a href=\"https:\/\/www.bksv.com\/en\/analysis-software\/data-acquisition-software\/bk-connect\/signal-analysis\" target=\"_blank\" rel=\"noopener\">Pogledajte cijelu ponudu postoje\u0107ih &#8220;Applet-a&#8221; i njihove funkcionalnosti.<\/a><\/p>\n<p>BK Connect softver &#8220;Signal Analysis and Data Processing&#8221; je mo\u0107an alat koji se mo\u017ee koristiti pojedina\u010dno ili kao dio prilago\u0111enih radnih tokova. Mo\u017eete dodati opcije postprocesiranja i kombinirati svoj softver za analizu s drugim BK Connect aplikacijama kako biste stvorili prilago\u0111enu platformu za analizu, prilago\u0111enu va\u0161im potrebama. Pogledajte cijelu ponudu postoje\u0107ih &#8220;Signal Analysis and Data Processing&#8221; modula i njihovu funkcionalnosti klikom na sljede\u0107i link.<\/p>\n<p>BK Connect softver za &#8220;Data Management&#8221; je dizajniran za upravljanje va\u0161im podacima i osiguravanje da se odgovaraju\u0107i podaci lako spremaju i stavljaju na raspolaganje odgovaraju\u0107im osobama. Pogledajte cijelu ponudu postoje\u0107ih &#8220;Data Management&#8221; modula i njihovu funkcionalnosti klikom na sljede\u0107i link.<\/p>\n<p><a class=\"btn\" href=\"https:\/\/www.bksv.com\/en\/analysis-software\/data-acquisition-software\/bk-connect\" target=\"_blank\" rel=\"noopener\">Vi\u0161e informacija (eng.)<\/a><\/p>\n","protected":false},"excerpt":{"rendered":"<p>BK Connect je potpuno integrirano rje\u0161enje za vi\u0161ekanalno prikupljanje podataka, pomo\u010du LAN-XI hardvera, kao i obradu podataka, upravljanje podacima i izvje\u0161tavanje.<\/p>\n","protected":false},"featured_media":5624,"template":"","meta":{"content-type":""},"product_brand":[],"product_cat":[237],"product_tag":[106],"class_list":{"0":"post-7261","1":"product","2":"type-product","3":"status-publish","4":"has-post-thumbnail","6":"product_cat-daq-softver","7":"product_tag-industrija-hr","9":"first","10":"instock","11":"shipping-taxable","12":"product-type-simple"},"_links":{"self":[{"href":"https:\/\/ims.si\/hr\/wp-json\/wp\/v2\/product\/7261","targetHints":{"allow":["GET"]}}],"collection":[{"href":"https:\/\/ims.si\/hr\/wp-json\/wp\/v2\/product"}],"about":[{"href":"https:\/\/ims.si\/hr\/wp-json\/wp\/v2\/types\/product"}],"version-history":[{"count":0,"href":"https:\/\/ims.si\/hr\/wp-json\/wp\/v2\/product\/7261\/revisions"}],"wp:featuredmedia":[{"embeddable":true,"href":"https:\/\/ims.si\/hr\/wp-json\/wp\/v2\/media\/5624"}],"wp:attachment":[{"href":"https:\/\/ims.si\/hr\/wp-json\/wp\/v2\/media?parent=7261"}],"wp:term":[{"taxonomy":"product_brand","embeddable":true,"href":"https:\/\/ims.si\/hr\/wp-json\/wp\/v2\/product_brand?post=7261"},{"taxonomy":"product_cat","embeddable":true,"href":"https:\/\/ims.si\/hr\/wp-json\/wp\/v2\/product_cat?post=7261"},{"taxonomy":"product_tag","embeddable":true,"href":"https:\/\/ims.si\/hr\/wp-json\/wp\/v2\/product_tag?post=7261"}],"curies":[{"name":"wp","href":"https:\/\/api.w.org\/{rel}","templated":true}]}}