{"id":7262,"date":"2023-06-15T09:00:45","date_gmt":"2023-06-15T07:00:45","guid":{"rendered":"http:\/\/157.230.97.219\/izdelek\/tescia\/"},"modified":"2024-03-01T11:01:18","modified_gmt":"2024-03-01T11:01:18","slug":"tescia","status":"publish","type":"product","link":"https:\/\/ims.si\/hr\/izdelek\/tescia\/","title":{"rendered":"Tescia"},"content":{"rendered":"<p>Tescia pokriva \u0161irok spektar primjena, poput standardiziranih i ponavljaju\u0107ih ispitivanja na visokovrijednim proizvodima, konfigurabilnih ponavljaju\u0107ih ispitivanja &#8211; posebno za ispitivanje plinskih turbina, prikupljanje, analizu i obradu dinami\u010dkih podataka i podataka niskih brzina, te pra\u0107enje promjena na objektima poput rotiraju\u0107e opreme, osjetljive opreme i podova.<\/p>\n<p><a class=\"btn\" href=\"https:\/\/www.bksv.com\/en\/analysis-software\/data-acquisition-software\/tescia\" target=\"_blank\" rel=\"noopener\">Vi\u0161e o rje\u0161enju Tescia (eng.)<\/a><\/p>\n","protected":false},"excerpt":{"rendered":"<p>Dinami\u010dko ispitivanje velikih kompleksnih strojeva poput plinskih turbina, s signalima iz nekoliko stotina pretvara\u010da logi\u010dno raspore\u0111enih oko ispitnog objekta, zahtijeva upotrebu sustava za vi\u0161ekanalno prikupljanje podataka. Tescia je osnovna softverska aplikacija koja omogu\u0107uje takva ispitivanja.<\/p>\n","protected":false},"featured_media":5612,"template":"","meta":{"content-type":""},"product_brand":[],"product_cat":[237],"product_tag":[106],"class_list":{"0":"post-7262","1":"product","2":"type-product","3":"status-publish","4":"has-post-thumbnail","6":"product_cat-daq-softver","7":"product_tag-industrija-hr","9":"first","10":"instock","11":"shipping-taxable","12":"product-type-simple"},"_links":{"self":[{"href":"https:\/\/ims.si\/hr\/wp-json\/wp\/v2\/product\/7262","targetHints":{"allow":["GET"]}}],"collection":[{"href":"https:\/\/ims.si\/hr\/wp-json\/wp\/v2\/product"}],"about":[{"href":"https:\/\/ims.si\/hr\/wp-json\/wp\/v2\/types\/product"}],"version-history":[{"count":0,"href":"https:\/\/ims.si\/hr\/wp-json\/wp\/v2\/product\/7262\/revisions"}],"wp:featuredmedia":[{"embeddable":true,"href":"https:\/\/ims.si\/hr\/wp-json\/wp\/v2\/media\/5612"}],"wp:attachment":[{"href":"https:\/\/ims.si\/hr\/wp-json\/wp\/v2\/media?parent=7262"}],"wp:term":[{"taxonomy":"product_brand","embeddable":true,"href":"https:\/\/ims.si\/hr\/wp-json\/wp\/v2\/product_brand?post=7262"},{"taxonomy":"product_cat","embeddable":true,"href":"https:\/\/ims.si\/hr\/wp-json\/wp\/v2\/product_cat?post=7262"},{"taxonomy":"product_tag","embeddable":true,"href":"https:\/\/ims.si\/hr\/wp-json\/wp\/v2\/product_tag?post=7262"}],"curies":[{"name":"wp","href":"https:\/\/api.w.org\/{rel}","templated":true}]}}