{"id":7263,"date":"2023-06-15T09:01:28","date_gmt":"2023-06-15T07:01:28","guid":{"rendered":"http:\/\/157.230.97.219\/izdelek\/dirac\/"},"modified":"2024-03-01T11:08:18","modified_gmt":"2024-03-01T11:08:18","slug":"dirac","status":"publish","type":"product","link":"https:\/\/ims.si\/hr\/izdelek\/dirac\/","title":{"rendered":"DIRAC"},"content":{"rendered":"<p>S DIRAC-om mo\u017eete mjeriti akustiku bilo kojeg prostora, dvorane ili hodnika, mjeriti razumljivost govora, provjeriti akustiku prije i nakon modificiranja, uspore\u0111ivati akustiku razli\u010ditih prostora, testirati i potvr\u0111ivati \u200b\u200bzvu\u010dne sustave, provoditi istra\u017eivanje i obrazovanje o akustici te rje\u0161avati probleme s akustikom prostora.<\/p>\n","protected":false},"excerpt":{"rendered":"<p>DIRAC je dizajniran za mjerenje akusti\u010dkih parametara prostora na terenu ili u laboratoriju prema ISO 3382 (akustika prostora), ISO 18233 (metode analize) i IEC 60268-16 (razumljivost govora).<\/p>\n<p><a class=\"btn\" href=\"https:\/\/www.bksv.com\/en\/analysis-software\/acoustic-analysis-software\/room-acoustics-software-dirac\" target=\"_blank\" rel=\"noopener\">Vi\u0161e informacija (eng.)<\/a><\/p>\n","protected":false},"featured_media":5582,"template":"","meta":{"content-type":""},"product_brand":[],"product_cat":[238],"product_tag":[106],"class_list":{"0":"post-7263","1":"product","2":"type-product","3":"status-publish","4":"has-post-thumbnail","6":"product_cat-akusticni-softver","7":"product_tag-industrija-hr","9":"first","10":"instock","11":"shipping-taxable","12":"product-type-simple"},"_links":{"self":[{"href":"https:\/\/ims.si\/hr\/wp-json\/wp\/v2\/product\/7263","targetHints":{"allow":["GET"]}}],"collection":[{"href":"https:\/\/ims.si\/hr\/wp-json\/wp\/v2\/product"}],"about":[{"href":"https:\/\/ims.si\/hr\/wp-json\/wp\/v2\/types\/product"}],"version-history":[{"count":0,"href":"https:\/\/ims.si\/hr\/wp-json\/wp\/v2\/product\/7263\/revisions"}],"wp:featuredmedia":[{"embeddable":true,"href":"https:\/\/ims.si\/hr\/wp-json\/wp\/v2\/media\/5582"}],"wp:attachment":[{"href":"https:\/\/ims.si\/hr\/wp-json\/wp\/v2\/media?parent=7263"}],"wp:term":[{"taxonomy":"product_brand","embeddable":true,"href":"https:\/\/ims.si\/hr\/wp-json\/wp\/v2\/product_brand?post=7263"},{"taxonomy":"product_cat","embeddable":true,"href":"https:\/\/ims.si\/hr\/wp-json\/wp\/v2\/product_cat?post=7263"},{"taxonomy":"product_tag","embeddable":true,"href":"https:\/\/ims.si\/hr\/wp-json\/wp\/v2\/product_tag?post=7263"}],"curies":[{"name":"wp","href":"https:\/\/api.w.org\/{rel}","templated":true}]}}