{"id":7264,"date":"2023-06-15T09:01:56","date_gmt":"2023-06-15T07:01:56","guid":{"rendered":"http:\/\/157.230.97.219\/izdelek\/pulse-7758\/"},"modified":"2024-03-01T11:14:09","modified_gmt":"2024-03-01T11:14:09","slug":"pulse-7758","status":"publish","type":"product","link":"https:\/\/ims.si\/hr\/izdelek\/pulse-7758\/","title":{"rendered":"PULSE 7758"},"content":{"rendered":"<p>Ovaj softver PULSE 7758 radi zajedno s cjevovodom za ispitivanje materijala, poput cjevovoda za impedanciju ili cjevovoda za gubitak prijenosa, kako bi omogu\u0107io razvoj proizvoda za kontrolu buke, dizajniranje akusti\u010dne udobnosti u unutra\u0161njosti zrakoplova i vozila, provjeru uskla\u0111enosti materijala s propisima, usporedbu konkurentnih proizvoda, odabir optimalnog akusti\u010dnog tretmana, provjeru i kalibraciju ra\u010dunalnih metoda te testiranje buke prolaska vozila pomo\u010du mjerenja apsorpcije povr\u0161ine ceste.<\/p>\n","protected":false},"excerpt":{"rendered":"<p>PULSE Acoustic Material Testing 7758 vam poma\u017ee odrediti koeficijent apsorpcije zvuka i povr\u0161insku impedanciju putem mjerenja i prora\u010duna koji zadovoljavaju standarde ISO 10534-2, ASTM E1050 \u2013 19 i ASTM E2611 \u2013 17.<\/p>\n<p><a class=\"btn\" href=\"https:\/\/www.bksv.com\/en\/analysis-software\/acoustic-analysis-software\/acoustic-material-testing\" target=\"_blank\" rel=\"noopener\">Vi\u0161e informacija (eng.)<\/a><\/p>\n","protected":false},"featured_media":6351,"template":"","meta":{"content-type":""},"product_brand":[],"product_cat":[238],"product_tag":[102,106],"class_list":{"0":"post-7264","1":"product","2":"type-product","3":"status-publish","4":"has-post-thumbnail","6":"product_cat-akusticni-softver","7":"product_tag-hottinger-bruel-kjaer-hr","8":"product_tag-industrija-hr","10":"first","11":"instock","12":"shipping-taxable","13":"product-type-simple"},"_links":{"self":[{"href":"https:\/\/ims.si\/hr\/wp-json\/wp\/v2\/product\/7264","targetHints":{"allow":["GET"]}}],"collection":[{"href":"https:\/\/ims.si\/hr\/wp-json\/wp\/v2\/product"}],"about":[{"href":"https:\/\/ims.si\/hr\/wp-json\/wp\/v2\/types\/product"}],"version-history":[{"count":0,"href":"https:\/\/ims.si\/hr\/wp-json\/wp\/v2\/product\/7264\/revisions"}],"wp:featuredmedia":[{"embeddable":true,"href":"https:\/\/ims.si\/hr\/wp-json\/wp\/v2\/media\/6351"}],"wp:attachment":[{"href":"https:\/\/ims.si\/hr\/wp-json\/wp\/v2\/media?parent=7264"}],"wp:term":[{"taxonomy":"product_brand","embeddable":true,"href":"https:\/\/ims.si\/hr\/wp-json\/wp\/v2\/product_brand?post=7264"},{"taxonomy":"product_cat","embeddable":true,"href":"https:\/\/ims.si\/hr\/wp-json\/wp\/v2\/product_cat?post=7264"},{"taxonomy":"product_tag","embeddable":true,"href":"https:\/\/ims.si\/hr\/wp-json\/wp\/v2\/product_tag?post=7264"}],"curies":[{"name":"wp","href":"https:\/\/api.w.org\/{rel}","templated":true}]}}